{"id":4984,"date":"2019-08-17T16:23:47","date_gmt":"2019-08-17T14:23:47","guid":{"rendered":"http:\/\/88.99.60.177\/product\/niobium-precision-density-standard-cube-1cm3\/"},"modified":"2026-01-14T09:46:02","modified_gmt":"2026-01-14T08:46:02","slug":"niob-prazisionsdichtestandard-wurfel-1cm%c2%b3","status":"publish","type":"product","link":"https:\/\/smart-elements.com\/de\/shop\/niobium-precision-density-standard-cube-1cm3\/","title":{"rendered":"NIOBIUM Pr\u00e4zisionsw\u00fcrfel mit hoher Dichte 10mm - 8.58g"},"content":{"rendered":"<p>NIOB \u2013 Pr\u00e4zisions-Dichtestandard-W\u00fcrfel 1cm\u00b3 NEU!<br \/>\nUnter Verwendung feinster Materialien wurden die Dichtew\u00fcrfel von einem Maschinenbauunternehmen mit einer Genauigkeit von 0,01 Millimeter auf 10x10x10 mm gel\u00e4ppt. Jeder einzelne, separat geschliffen und poliert, repr\u00e4sentiert durch sein Gewicht die theoretische Dichte des jeweiligen Elements. Das Gewicht wird durch die Lasergravur nicht beeintr\u00e4chtigt. Informationen wie Elementsymbol, Name und Dichte werden dauerhaft an der Oberfl\u00e4che eingebrannt. Jedes Element zeigt sogar seine spezifischen Charakteristika in Farbe und Reaktion mit dem Laser. Insgesamt sind 25 Elemente in einem vollst\u00e4ndigen Set in einer Holzkiste geplant.<br \/>\nHier finden Sie Bilder und die komplette Beschreibung des Sets!<\/p>","protected":false},"excerpt":{"rendered":"<p>NIOBIUM &#8211;\u00a0precision density-standard cube 1cm3 NEW! Using finest materials, each density cube was lapped to 10x10x10mm\u00a0by a mechanical engineering company [&hellip;]<\/p>\n","protected":false},"featured_media":48500,"template":"","meta":{"_acf_changed":false,"site-sidebar-layout":"default","site-content-layout":"","ast-site-content-layout":"default","site-content-style":"default","site-sidebar-style":"default","ast-global-header-display":"","ast-banner-title-visibility":"","ast-main-header-display":"","ast-hfb-above-header-display":"","ast-hfb-below-header-display":"","ast-hfb-mobile-header-display":"","site-post-title":"","ast-breadcrumbs-content":"","ast-featured-img":"","footer-sml-layout":"","ast-disable-related-posts":"","theme-transparent-header-meta":"","adv-header-id-meta":"","stick-header-meta":"","header-above-stick-meta":"","header-main-stick-meta":"","header-below-stick-meta":"","astra-migrate-meta-layouts":"default","ast-page-background-enabled":"default","ast-page-background-meta":{"desktop":{"background-color":"var(--ast-global-color-5)","background-image":"","background-repeat":"repeat","background-position":"center center","background-size":"auto","background-attachment":"scroll","background-type":"","background-media":"","overlay-type":"","overlay-color":"","overlay-opacity":"","overlay-gradient":""},"tablet":{"background-color":"","background-image":"","background-repeat":"repeat","background-position":"center center","background-size":"auto","background-attachment":"scroll","background-type":"","background-media":"","overlay-type":"","overlay-color":"","overlay-opacity":"","overlay-gradient":""},"mobile":{"background-color":"","background-image":"","background-repeat":"repeat","background-position":"center center","background-size":"auto","background-attachment":"scroll","background-type":"","background-media":"","overlay-type":"","overlay-color":"","overlay-opacity":"","overlay-gradient":""}},"ast-content-background-meta":{"desktop":{"background-color":"var(--ast-global-color-4)","background-image":"","background-repeat":"repeat","background-position":"center center","background-size":"auto","background-attachment":"scroll","background-type":"","background-media":"","overlay-type":"","overlay-color":"","overlay-opacity":"","overlay-gradient":""},"tablet":{"background-color":"var(--ast-global-color-4)","background-image":"","background-repeat":"repeat","background-position":"center center","background-size":"auto","background-attachment":"scroll","background-type":"","background-media":"","overlay-type":"","overlay-color":"","overlay-opacity":"","overlay-gradient":""},"mobile":{"background-color":"var(--ast-global-color-4)","background-image":"","background-repeat":"repeat","background-position":"center center","background-size":"auto","background-attachment":"scroll","background-type":"","background-media":"","overlay-type":"","overlay-color":"","overlay-opacity":"","overlay-gradient":""}}},"product_brand":[],"product_cat":[215,216],"product_tag":[],"class_list":{"0":"post-4984","1":"product","2":"type-product","3":"status-publish","4":"has-post-thumbnail","6":"product_cat-element-density-cubes","7":"product_cat-nb","8":"desktop-align-left","9":"tablet-align-left","10":"mobile-align-left","11":"ast-product-gallery-layout-horizontal-slider","12":"ast-product-gallery-with-no-image","13":"ast-product-tabs-layout-horizontal","14":"ast-qv-on-image","16":"first","17":"instock","18":"taxable","19":"shipping-taxable","20":"purchasable","21":"product-type-simple"},"acf":[],"_links":{"self":[{"href":"https:\/\/smart-elements.com\/de\/wp-json\/wp\/v2\/product\/4984","targetHints":{"allow":["GET"]}}],"collection":[{"href":"https:\/\/smart-elements.com\/de\/wp-json\/wp\/v2\/product"}],"about":[{"href":"https:\/\/smart-elements.com\/de\/wp-json\/wp\/v2\/types\/product"}],"version-history":[{"count":0,"href":"https:\/\/smart-elements.com\/de\/wp-json\/wp\/v2\/product\/4984\/revisions"}],"wp:featuredmedia":[{"embeddable":true,"href":"https:\/\/smart-elements.com\/de\/wp-json\/wp\/v2\/media\/48500"}],"wp:attachment":[{"href":"https:\/\/smart-elements.com\/de\/wp-json\/wp\/v2\/media?parent=4984"}],"wp:term":[{"taxonomy":"product_brand","embeddable":true,"href":"https:\/\/smart-elements.com\/de\/wp-json\/wp\/v2\/product_brand?post=4984"},{"taxonomy":"product_cat","embeddable":true,"href":"https:\/\/smart-elements.com\/de\/wp-json\/wp\/v2\/product_cat?post=4984"},{"taxonomy":"product_tag","embeddable":true,"href":"https:\/\/smart-elements.com\/de\/wp-json\/wp\/v2\/product_tag?post=4984"}],"curies":[{"name":"wp","href":"https:\/\/api.w.org\/{rel}","templated":true}]}}