{"id":4979,"date":"2019-08-17T16:23:47","date_gmt":"2019-08-17T14:23:47","guid":{"rendered":"http:\/\/88.99.60.177\/product\/molybdenum-precision-density-standard-cube-1cm3\/"},"modified":"2026-01-14T09:45:26","modified_gmt":"2026-01-14T08:45:26","slug":"molybdan-prazisionsdichte-standardwurfel-1cm3","status":"publish","type":"product","link":"https:\/\/smart-elements.com\/de\/shop\/molybdenum-precision-density-standard-cube-1cm3\/","title":{"rendered":"MOLYBDENUM Pr\u00e4zisionsw\u00fcrfel mit hoher Dichte 10mm - 10.22g"},"content":{"rendered":"<p>MOLYBDENUM - Pr\u00e4zisionsdichte-Standardw\u00fcrfel 1cm3 NEU!<br \/>\nUnter Verwendung feinster Materialien wurde jeder Dichtew\u00fcrfel von einer Maschinenbaufirma mit einer Genauigkeit von 0,01 Millimetern auf 10x10x10mm gel\u00e4ppt. Jeder einzeln geschliffene und polierte W\u00fcrfel repr\u00e4sentiert die theoretische Dichte des jeweiligen Elements durch sein Gewicht. Das Gewicht wird durch die Laserbeschriftung nicht beeinflusst. Informationen wie Elementsymbol, Name und Dichte sind dauerhaft in die Oberfl\u00e4che eingebrannt. Jedes Element zeigt sogar seine spezifischen Charakteristika in Farbe und Reaktion mit dem Laser. Insgesamt sind 25 Elemente in einem kompletten Set in einer Holzkiste vorgesehen.<br \/>\nHier finden Sie Bilder und die komplette Beschreibung des Sets!<\/p>","protected":false},"excerpt":{"rendered":"<p>MOLYBDENUM\u00a0&#8211; \u00a0precision density-standard cube 1cm3 NEW! Using finest materials, each density cube was lapped to 10x10x10mm\u00a0by a mechanical engineering company [&hellip;]<\/p>\n","protected":false},"featured_media":48494,"template":"","meta":{"_acf_changed":false,"site-sidebar-layout":"default","site-content-layout":"","ast-site-content-layout":"default","site-content-style":"default","site-sidebar-style":"default","ast-global-header-display":"","ast-banner-title-visibility":"","ast-main-header-display":"","ast-hfb-above-header-display":"","ast-hfb-below-header-display":"","ast-hfb-mobile-header-display":"","site-post-title":"","ast-breadcrumbs-content":"","ast-featured-img":"","footer-sml-layout":"","ast-disable-related-posts":"","theme-transparent-header-meta":"","adv-header-id-meta":"","stick-header-meta":"","header-above-stick-meta":"","header-main-stick-meta":"","header-below-stick-meta":"","astra-migrate-meta-layouts":"default","ast-page-background-enabled":"default","ast-page-background-meta":{"desktop":{"background-color":"var(--ast-global-color-5)","background-image":"","background-repeat":"repeat","background-position":"center center","background-size":"auto","background-attachment":"scroll","background-type":"","background-media":"","overlay-type":"","overlay-color":"","overlay-opacity":"","overlay-gradient":""},"tablet":{"background-color":"","background-image":"","background-repeat":"repeat","background-position":"center center","background-size":"auto","background-attachment":"scroll","background-type":"","background-media":"","overlay-type":"","overlay-color":"","overlay-opacity":"","overlay-gradient":""},"mobile":{"background-color":"","background-image":"","background-repeat":"repeat","background-position":"center center","background-size":"auto","background-attachment":"scroll","background-type":"","background-media":"","overlay-type":"","overlay-color":"","overlay-opacity":"","overlay-gradient":""}},"ast-content-background-meta":{"desktop":{"background-color":"var(--ast-global-color-4)","background-image":"","background-repeat":"repeat","background-position":"center center","background-size":"auto","background-attachment":"scroll","background-type":"","background-media":"","overlay-type":"","overlay-color":"","overlay-opacity":"","overlay-gradient":""},"tablet":{"background-color":"var(--ast-global-color-4)","background-image":"","background-repeat":"repeat","background-position":"center center","background-size":"auto","background-attachment":"scroll","background-type":"","background-media":"","overlay-type":"","overlay-color":"","overlay-opacity":"","overlay-gradient":""},"mobile":{"background-color":"var(--ast-global-color-4)","background-image":"","background-repeat":"repeat","background-position":"center center","background-size":"auto","background-attachment":"scroll","background-type":"","background-media":"","overlay-type":"","overlay-color":"","overlay-opacity":"","overlay-gradient":""}}},"product_brand":[],"product_cat":[215,36],"product_tag":[],"class_list":{"0":"post-4979","1":"product","2":"type-product","3":"status-publish","4":"has-post-thumbnail","6":"product_cat-element-density-cubes","7":"product_cat-mo","8":"desktop-align-left","9":"tablet-align-left","10":"mobile-align-left","11":"ast-product-gallery-layout-horizontal-slider","12":"ast-product-gallery-with-no-image","13":"ast-product-tabs-layout-horizontal","14":"ast-qv-on-image","16":"first","17":"onbackorder","18":"taxable","19":"shipping-taxable","20":"purchasable","21":"product-type-simple"},"acf":[],"_links":{"self":[{"href":"https:\/\/smart-elements.com\/de\/wp-json\/wp\/v2\/product\/4979","targetHints":{"allow":["GET"]}}],"collection":[{"href":"https:\/\/smart-elements.com\/de\/wp-json\/wp\/v2\/product"}],"about":[{"href":"https:\/\/smart-elements.com\/de\/wp-json\/wp\/v2\/types\/product"}],"version-history":[{"count":0,"href":"https:\/\/smart-elements.com\/de\/wp-json\/wp\/v2\/product\/4979\/revisions"}],"wp:featuredmedia":[{"embeddable":true,"href":"https:\/\/smart-elements.com\/de\/wp-json\/wp\/v2\/media\/48494"}],"wp:attachment":[{"href":"https:\/\/smart-elements.com\/de\/wp-json\/wp\/v2\/media?parent=4979"}],"wp:term":[{"taxonomy":"product_brand","embeddable":true,"href":"https:\/\/smart-elements.com\/de\/wp-json\/wp\/v2\/product_brand?post=4979"},{"taxonomy":"product_cat","embeddable":true,"href":"https:\/\/smart-elements.com\/de\/wp-json\/wp\/v2\/product_cat?post=4979"},{"taxonomy":"product_tag","embeddable":true,"href":"https:\/\/smart-elements.com\/de\/wp-json\/wp\/v2\/product_tag?post=4979"}],"curies":[{"name":"wp","href":"https:\/\/api.w.org\/{rel}","templated":true}]}}