{"id":4977,"date":"2019-11-16T18:45:07","date_gmt":"2019-11-16T17:45:07","guid":{"rendered":"http:\/\/88.99.60.177\/product\/new-aerogel-nanogel-granules-frozen-smoke\/"},"modified":"2026-01-14T09:45:04","modified_gmt":"2026-01-14T08:45:04","slug":"neues-aerogel-nanogranulat-gefrierrauch","status":"publish","type":"product","link":"https:\/\/smart-elements.com\/de\/shop\/new-aerogel-nanogel-granules-frozen-smoke\/","title":{"rendered":"Der leichteste Feststoff der Welt - gro\u00dfes 10ml-Fl\u00e4schchen Neu! Aerogel Nanogel Granulat"},"content":{"rendered":"<p>Aerogel Nanogel NEU!<br \/>\nSie erhalten ein Fl\u00e4schchen mit etwa 10 ml Aerogel-Granulat<br \/>\nEs ist der leichteste bekannte Feststoff mit der geringsten Dichte und steht mit 15 Eintr\u00e4gen im Guinness-Buch der Rekorde, darunter der beste Isolator und der Feststoff mit der geringsten Dichte. 99,8% Aerogel besteht aus Luft und ist chemisch \u00e4hnlich wie gew\u00f6hnliches Glas.<br \/>\nEr wird auch als \"gefrorener Rauch\", \"fester Rauch\" oder \"blauer Rauch\" bezeichnet, da er halbtransparent ist und das Licht im Material streut; er f\u00fchlt sich jedoch wie expandiertes Polystyrol (Styropor) an.<br \/>\nSilica-Aerogel absorbiert Infrarotstrahlung stark. Es erm\u00f6glicht den Bau von Materialien, die Licht in Geb\u00e4ude lassen, aber die W\u00e4rme f\u00fcr die Solarheizung einfangen. Es hat eine extrem niedrige W\u00e4rmeleitf\u00e4higkeit (0,03 W-m\/m2-K bis hinunter zu 0,004 W-m\/m2-K), was ihm bemerkenswerte D\u00e4mmeigenschaften verleiht. Sein Schmelzpunkt liegt bei 1.473 K (1.200 \u00b0C oder 2.192 \u00b0F). Silica-Aerogel kann die menschliche Hand vor der Hitze eines Schneidbrenners aus n\u00e4chster N\u00e4he sch\u00fctzen.<\/p>","protected":false},"excerpt":{"rendered":"<p>Aerogel Nanogel NEW! You get one vial with about 10ml Aerogel granules It is the lightest and lowest-density solid known [&hellip;]<\/p>\n","protected":false},"featured_media":48490,"template":"","meta":{"_acf_changed":false,"site-sidebar-layout":"default","site-content-layout":"","ast-site-content-layout":"default","site-content-style":"default","site-sidebar-style":"default","ast-global-header-display":"","ast-banner-title-visibility":"","ast-main-header-display":"","ast-hfb-above-header-display":"","ast-hfb-below-header-display":"","ast-hfb-mobile-header-display":"","site-post-title":"","ast-breadcrumbs-content":"","ast-featured-img":"","footer-sml-layout":"","ast-disable-related-posts":"","theme-transparent-header-meta":"","adv-header-id-meta":"","stick-header-meta":"","header-above-stick-meta":"","header-main-stick-meta":"","header-below-stick-meta":"","astra-migrate-meta-layouts":"default","ast-page-background-enabled":"default","ast-page-background-meta":{"desktop":{"background-color":"var(--ast-global-color-5)","background-image":"","background-repeat":"repeat","background-position":"center center","background-size":"auto","background-attachment":"scroll","background-type":"","background-media":"","overlay-type":"","overlay-color":"","overlay-opacity":"","overlay-gradient":""},"tablet":{"background-color":"","background-image":"","background-repeat":"repeat","background-position":"center center","background-size":"auto","background-attachment":"scroll","background-type":"","background-media":"","overlay-type":"","overlay-color":"","overlay-opacity":"","overlay-gradient":""},"mobile":{"background-color":"","background-image":"","background-repeat":"repeat","background-position":"center center","background-size":"auto","background-attachment":"scroll","background-type":"","background-media":"","overlay-type":"","overlay-color":"","overlay-opacity":"","overlay-gradient":""}},"ast-content-background-meta":{"desktop":{"background-color":"var(--ast-global-color-4)","background-image":"","background-repeat":"repeat","background-position":"center center","background-size":"auto","background-attachment":"scroll","background-type":"","background-media":"","overlay-type":"","overlay-color":"","overlay-opacity":"","overlay-gradient":""},"tablet":{"background-color":"var(--ast-global-color-4)","background-image":"","background-repeat":"repeat","background-position":"center center","background-size":"auto","background-attachment":"scroll","background-type":"","background-media":"","overlay-type":"","overlay-color":"","overlay-opacity":"","overlay-gradient":""},"mobile":{"background-color":"var(--ast-global-color-4)","background-image":"","background-repeat":"repeat","background-position":"center center","background-size":"auto","background-attachment":"scroll","background-type":"","background-media":"","overlay-type":"","overlay-color":"","overlay-opacity":"","overlay-gradient":""}}},"product_brand":[],"product_cat":[49,364,51],"product_tag":[],"class_list":{"0":"post-4977","1":"product","2":"type-product","3":"status-publish","4":"has-post-thumbnail","6":"product_cat-compounds","7":"product_cat-other-compounds","8":"product_cat-si","9":"desktop-align-left","10":"tablet-align-left","11":"mobile-align-left","12":"ast-product-gallery-layout-horizontal-slider","13":"ast-product-gallery-with-no-image","14":"ast-product-tabs-layout-horizontal","15":"ast-qv-on-image","17":"first","18":"instock","19":"taxable","20":"shipping-taxable","21":"purchasable","22":"product-type-simple"},"acf":[],"_links":{"self":[{"href":"https:\/\/smart-elements.com\/de\/wp-json\/wp\/v2\/product\/4977","targetHints":{"allow":["GET"]}}],"collection":[{"href":"https:\/\/smart-elements.com\/de\/wp-json\/wp\/v2\/product"}],"about":[{"href":"https:\/\/smart-elements.com\/de\/wp-json\/wp\/v2\/types\/product"}],"version-history":[{"count":0,"href":"https:\/\/smart-elements.com\/de\/wp-json\/wp\/v2\/product\/4977\/revisions"}],"wp:featuredmedia":[{"embeddable":true,"href":"https:\/\/smart-elements.com\/de\/wp-json\/wp\/v2\/media\/48490"}],"wp:attachment":[{"href":"https:\/\/smart-elements.com\/de\/wp-json\/wp\/v2\/media?parent=4977"}],"wp:term":[{"taxonomy":"product_brand","embeddable":true,"href":"https:\/\/smart-elements.com\/de\/wp-json\/wp\/v2\/product_brand?post=4977"},{"taxonomy":"product_cat","embeddable":true,"href":"https:\/\/smart-elements.com\/de\/wp-json\/wp\/v2\/product_cat?post=4977"},{"taxonomy":"product_tag","embeddable":true,"href":"https:\/\/smart-elements.com\/de\/wp-json\/wp\/v2\/product_tag?post=4977"}],"curies":[{"name":"wp","href":"https:\/\/api.w.org\/{rel}","templated":true}]}}