{"id":49573,"date":"2026-01-14T15:37:46","date_gmt":"2026-01-14T14:37:46","guid":{"rendered":"https:\/\/smart-elements.com\/shop\/europium-doped-potassium-niobium-phosphate-glass-ingot-eu2o3-8mol-new\/"},"modified":"2026-01-14T15:37:49","modified_gmt":"2026-01-14T14:37:49","slug":"europium-doped-potassium-niobium-phosphate-glass-ingot-eu2o3-8mol-new","status":"publish","type":"product","link":"https:\/\/smart-elements.com\/de\/shop\/europium-doped-potassium-niobium-phosphate-glass-ingot-eu2o3-8mol-new\/","title":{"rendered":"Europium-dotiertes Kalium-Niob-Phosphat-Glasbarren - Eu2O3 8mol% NEU!"},"content":{"rendered":"<p>diameter ~ 30 mm &#8211; ~ 15.5 grams<br \/>\nMaterial: K Nb P Glas &#8211; Eu2O3+ (~ 8mol%)<br \/>\nThis violet colored glass (comes from traces of Nb3+ ions)\u00a0 is used in optics application where high levels of Eu doping is needed.<br \/>\nWir sind in der Lage, gro\u00dfe Ruten mit mehreren cm Durchmesser und L\u00e4ngen bis zu 50 mm zu gie\u00dfen.<\/p>","protected":false},"excerpt":{"rendered":"<p>Europium doped Potassium Niobium phosphate glass ingot &#8211; Eu2O3 8mol%<\/p>\n<p>diameter ~ 30 mm &#8211; ~ 15.5 grams<br \/>\nMaterial: K Nb P Glas &#8211; Eu2O3+ (~ 8mol%)<\/p>\n<p>Excitation optimum: 395nm<\/p>","protected":false},"featured_media":49572,"template":"","meta":{"_acf_changed":false,"site-sidebar-layout":"default","site-content-layout":"","ast-site-content-layout":"default","site-content-style":"default","site-sidebar-style":"default","ast-global-header-display":"","ast-banner-title-visibility":"","ast-main-header-display":"","ast-hfb-above-header-display":"","ast-hfb-below-header-display":"","ast-hfb-mobile-header-display":"","site-post-title":"","ast-breadcrumbs-content":"","ast-featured-img":"","footer-sml-layout":"","ast-disable-related-posts":"","theme-transparent-header-meta":"","adv-header-id-meta":"","stick-header-meta":"","header-above-stick-meta":"","header-main-stick-meta":"","header-below-stick-meta":"","astra-migrate-meta-layouts":"default","ast-page-background-enabled":"default","ast-page-background-meta":{"desktop":{"background-color":"var(--ast-global-color-5)","background-image":"","background-repeat":"repeat","background-position":"center center","background-size":"auto","background-attachment":"scroll","background-type":"","background-media":"","overlay-type":"","overlay-color":"","overlay-opacity":"","overlay-gradient":""},"tablet":{"background-color":"","background-image":"","background-repeat":"repeat","background-position":"center center","background-size":"auto","background-attachment":"scroll","background-type":"","background-media":"","overlay-type":"","overlay-color":"","overlay-opacity":"","overlay-gradient":""},"mobile":{"background-color":"","background-image":"","background-repeat":"repeat","background-position":"center center","background-size":"auto","background-attachment":"scroll","background-type":"","background-media":"","overlay-type":"","overlay-color":"","overlay-opacity":"","overlay-gradient":""}},"ast-content-background-meta":{"desktop":{"background-color":"var(--ast-global-color-4)","background-image":"","background-repeat":"repeat","background-position":"center center","background-size":"auto","background-attachment":"scroll","background-type":"","background-media":"","overlay-type":"","overlay-color":"","overlay-opacity":"","overlay-gradient":""},"tablet":{"background-color":"var(--ast-global-color-4)","background-image":"","background-repeat":"repeat","background-position":"center center","background-size":"auto","background-attachment":"scroll","background-type":"","background-media":"","overlay-type":"","overlay-color":"","overlay-opacity":"","overlay-gradient":""},"mobile":{"background-color":"var(--ast-global-color-4)","background-image":"","background-repeat":"repeat","background-position":"center center","background-size":"auto","background-attachment":"scroll","background-type":"","background-media":"","overlay-type":"","overlay-color":"","overlay-opacity":"","overlay-gradient":""}}},"product_brand":[],"product_cat":[23,32,365],"product_tag":[],"class_list":{"0":"post-49573","1":"product","2":"type-product","3":"status-publish","4":"has-post-thumbnail","6":"product_cat-doped-optical-crystals-glass","7":"product_cat-eu","8":"product_cat-phosphate-glass-doped-optical-crystals-glass","9":"desktop-align-left","10":"tablet-align-left","11":"mobile-align-left","12":"ast-product-gallery-layout-horizontal-slider","13":"ast-product-tabs-layout-horizontal","14":"ast-qv-on-image","16":"first","17":"instock","18":"taxable","19":"shipping-taxable","20":"purchasable","21":"product-type-simple"},"acf":[],"_links":{"self":[{"href":"https:\/\/smart-elements.com\/de\/wp-json\/wp\/v2\/product\/49573","targetHints":{"allow":["GET"]}}],"collection":[{"href":"https:\/\/smart-elements.com\/de\/wp-json\/wp\/v2\/product"}],"about":[{"href":"https:\/\/smart-elements.com\/de\/wp-json\/wp\/v2\/types\/product"}],"version-history":[{"count":0,"href":"https:\/\/smart-elements.com\/de\/wp-json\/wp\/v2\/product\/49573\/revisions"}],"wp:featuredmedia":[{"embeddable":true,"href":"https:\/\/smart-elements.com\/de\/wp-json\/wp\/v2\/media\/49572"}],"wp:attachment":[{"href":"https:\/\/smart-elements.com\/de\/wp-json\/wp\/v2\/media?parent=49573"}],"wp:term":[{"taxonomy":"product_brand","embeddable":true,"href":"https:\/\/smart-elements.com\/de\/wp-json\/wp\/v2\/product_brand?post=49573"},{"taxonomy":"product_cat","embeddable":true,"href":"https:\/\/smart-elements.com\/de\/wp-json\/wp\/v2\/product_cat?post=49573"},{"taxonomy":"product_tag","embeddable":true,"href":"https:\/\/smart-elements.com\/de\/wp-json\/wp\/v2\/product_tag?post=49573"}],"curies":[{"name":"wp","href":"https:\/\/api.w.org\/{rel}","templated":true}]}}