{"id":4930,"date":"2024-05-29T18:00:26","date_gmt":"2024-05-29T16:00:26","guid":{"rendered":"http:\/\/88.99.60.177\/product\/helium-3-discharge-tube-70mm-new\/"},"modified":"2026-01-14T09:41:17","modified_gmt":"2026-01-14T08:41:17","slug":"helium-3-entladungsrohre-70mm-neu","status":"publish","type":"product","link":"https:\/\/smart-elements.com\/de\/shop\/helium-3-discharge-tube-70mm-new\/","title":{"rendered":"Helium-3 Isotopentladungsr\u00f6hre 70mm - NEW"},"content":{"rendered":"<p><strong>Helium-3 in Ampulle<\/strong><\/p>\n<p>Erleben Sie die einzigartigen Eigenschaften von Helium-3, einem seltenen Isotop, das in hochwertigen Ampullen f\u00fcr wissenschaftliche und Forschungszwecke abgef\u00fcllt ist. Jede Ampulle enth\u00e4lt Helium-3-Gas, das f\u00fcr seine Anwendungen in der Kryotechnik, der Neutronendetektion und f\u00fcr den potenziellen zuk\u00fcnftigen Einsatz in der Kernfusion bekannt ist. Die Ampullen sind versiegelt, um die Reinheit und Integrit\u00e4t des Isotops zu gew\u00e4hrleisten, was sie ideal f\u00fcr pr\u00e4zise Experimente und fortgeschrittene Forschung macht. Entdecken Sie die faszinierende Welt von Helium-3 und sein Potenzial zur Revolutionierung von Technologie und Energieerzeugung.<\/p>\n<p>Sie k\u00f6nnen mit einer Tesla-Spule oder einem Neoneinspannungsger\u00e4t angeregt werden.<\/p>","protected":false},"excerpt":{"rendered":"<p>Helium-3 Entladungsr\u00f6hre 70mm \u2013 NEU<\/p>\n<p>enth\u00e4lt das Helium-3-Isotop.<\/p>\n<p>L\u00e4nge: 70mm x 12mm Durchmesser<\/p>\n<p>Sie erhalten EIN Fl\u00e4schchen<\/p>","protected":false},"featured_media":48447,"template":"","meta":{"_acf_changed":false,"site-sidebar-layout":"default","site-content-layout":"","ast-site-content-layout":"default","site-content-style":"default","site-sidebar-style":"default","ast-global-header-display":"","ast-banner-title-visibility":"","ast-main-header-display":"","ast-hfb-above-header-display":"","ast-hfb-below-header-display":"","ast-hfb-mobile-header-display":"","site-post-title":"","ast-breadcrumbs-content":"","ast-featured-img":"","footer-sml-layout":"","ast-disable-related-posts":"","theme-transparent-header-meta":"","adv-header-id-meta":"","stick-header-meta":"","header-above-stick-meta":"","header-main-stick-meta":"","header-below-stick-meta":"","astra-migrate-meta-layouts":"default","ast-page-background-enabled":"default","ast-page-background-meta":{"desktop":{"background-color":"var(--ast-global-color-5)","background-image":"","background-repeat":"repeat","background-position":"center center","background-size":"auto","background-attachment":"scroll","background-type":"","background-media":"","overlay-type":"","overlay-color":"","overlay-opacity":"","overlay-gradient":""},"tablet":{"background-color":"","background-image":"","background-repeat":"repeat","background-position":"center center","background-size":"auto","background-attachment":"scroll","background-type":"","background-media":"","overlay-type":"","overlay-color":"","overlay-opacity":"","overlay-gradient":""},"mobile":{"background-color":"","background-image":"","background-repeat":"repeat","background-position":"center center","background-size":"auto","background-attachment":"scroll","background-type":"","background-media":"","overlay-type":"","overlay-color":"","overlay-opacity":"","overlay-gradient":""}},"ast-content-background-meta":{"desktop":{"background-color":"var(--ast-global-color-4)","background-image":"","background-repeat":"repeat","background-position":"center center","background-size":"auto","background-attachment":"scroll","background-type":"","background-media":"","overlay-type":"","overlay-color":"","overlay-opacity":"","overlay-gradient":""},"tablet":{"background-color":"var(--ast-global-color-4)","background-image":"","background-repeat":"repeat","background-position":"center center","background-size":"auto","background-attachment":"scroll","background-type":"","background-media":"","overlay-type":"","overlay-color":"","overlay-opacity":"","overlay-gradient":""},"mobile":{"background-color":"var(--ast-global-color-4)","background-image":"","background-repeat":"repeat","background-position":"center center","background-size":"auto","background-attachment":"scroll","background-type":"","background-media":"","overlay-type":"","overlay-color":"","overlay-opacity":"","overlay-gradient":""}}},"product_brand":[],"product_cat":[47,105,199],"product_tag":[],"class_list":{"0":"post-4930","1":"product","2":"type-product","3":"status-publish","4":"has-post-thumbnail","6":"product_cat-discharge-lamps","7":"product_cat-he","8":"product_cat-pure-elements","9":"desktop-align-left","10":"tablet-align-left","11":"mobile-align-left","12":"ast-product-gallery-layout-horizontal-slider","13":"ast-product-gallery-with-no-image","14":"ast-product-tabs-layout-horizontal","15":"ast-qv-on-image","17":"first","18":"instock","19":"taxable","20":"shipping-taxable","21":"purchasable","22":"product-type-simple"},"acf":[],"_links":{"self":[{"href":"https:\/\/smart-elements.com\/de\/wp-json\/wp\/v2\/product\/4930","targetHints":{"allow":["GET"]}}],"collection":[{"href":"https:\/\/smart-elements.com\/de\/wp-json\/wp\/v2\/product"}],"about":[{"href":"https:\/\/smart-elements.com\/de\/wp-json\/wp\/v2\/types\/product"}],"version-history":[{"count":0,"href":"https:\/\/smart-elements.com\/de\/wp-json\/wp\/v2\/product\/4930\/revisions"}],"wp:featuredmedia":[{"embeddable":true,"href":"https:\/\/smart-elements.com\/de\/wp-json\/wp\/v2\/media\/48447"}],"wp:attachment":[{"href":"https:\/\/smart-elements.com\/de\/wp-json\/wp\/v2\/media?parent=4930"}],"wp:term":[{"taxonomy":"product_brand","embeddable":true,"href":"https:\/\/smart-elements.com\/de\/wp-json\/wp\/v2\/product_brand?post=4930"},{"taxonomy":"product_cat","embeddable":true,"href":"https:\/\/smart-elements.com\/de\/wp-json\/wp\/v2\/product_cat?post=4930"},{"taxonomy":"product_tag","embeddable":true,"href":"https:\/\/smart-elements.com\/de\/wp-json\/wp\/v2\/product_tag?post=4930"}],"curies":[{"name":"wp","href":"https:\/\/api.w.org\/{rel}","templated":true}]}}