{"id":4924,"date":"2019-08-16T18:32:25","date_gmt":"2019-08-16T16:32:25","guid":{"rendered":"http:\/\/88.99.60.177\/product\/super-bright-argon-spectrum-discharge-tube-100mm-new\/"},"modified":"2026-01-14T09:40:50","modified_gmt":"2026-01-14T08:40:50","slug":"superhelle-argon-spektral-entladungsrohre-100mm-neu","status":"publish","type":"product","link":"https:\/\/smart-elements.com\/de\/shop\/super-bright-argon-spectrum-discharge-tube-100mm-new\/","title":{"rendered":"Superhelle Argon-Spektrum-Entladungsr\u00f6hre 100mm \u2013 NEU"},"content":{"rendered":"<p>NEU! Superhelle Argon-Spektralentladungsr\u00f6hre 100 mm \u2013 NEU<br \/>\nDiese neue Entladungsr\u00f6hre ist eine Neuentwicklung unserer Leuchtstoffampullen und bietet die Vorteile einer metallfreien Ampulle mit der Leuchtkraft einer handels\u00fcblichen Spektralr\u00f6hre. In dieser R\u00f6hre muss das angeregte Gas durch viele kleine Kapilarien hindurch und wird zu besonders starkem Leuchten gezwungen. Ein guter Kontakt zwischen den Au\u00dfenelektroden rund um die Ampulle ist erforderlich.<br \/>\nHergestellt aus hochwertigem, sto\u00dffestem und hitzebest\u00e4ndigem Borosilikatglas.&nbsp;<br \/>\n&nbsp;<br \/>\nMan kann es mit einem Tesla-Generator leicht zum Leuchten bringen.<br \/>\nL\u00e4nge: 10cm, Durchm. ~12mm<br \/>\nBetriebsspannung 5000V @ 20mA - erh\u00e4ltlich hier in unserem Shop<br \/>\nDies ist ein ganz besonderes St\u00fcck f\u00fcr eine komplette Elementsammlung !!!<\/p>","protected":false},"excerpt":{"rendered":"<p>NEW!&nbsp; Super bright Argon spectrum discharge tube 100mm &#8211; NEW This new discharge tube is a redevelopment of our luminescent [&hellip;]<\/p>\n","protected":false},"featured_media":48438,"template":"","meta":{"_acf_changed":false,"site-sidebar-layout":"default","site-content-layout":"","ast-site-content-layout":"default","site-content-style":"default","site-sidebar-style":"default","ast-global-header-display":"","ast-banner-title-visibility":"","ast-main-header-display":"","ast-hfb-above-header-display":"","ast-hfb-below-header-display":"","ast-hfb-mobile-header-display":"","site-post-title":"","ast-breadcrumbs-content":"","ast-featured-img":"","footer-sml-layout":"","ast-disable-related-posts":"","theme-transparent-header-meta":"","adv-header-id-meta":"","stick-header-meta":"","header-above-stick-meta":"","header-main-stick-meta":"","header-below-stick-meta":"","astra-migrate-meta-layouts":"default","ast-page-background-enabled":"default","ast-page-background-meta":{"desktop":{"background-color":"var(--ast-global-color-5)","background-image":"","background-repeat":"repeat","background-position":"center center","background-size":"auto","background-attachment":"scroll","background-type":"","background-media":"","overlay-type":"","overlay-color":"","overlay-opacity":"","overlay-gradient":""},"tablet":{"background-color":"","background-image":"","background-repeat":"repeat","background-position":"center center","background-size":"auto","background-attachment":"scroll","background-type":"","background-media":"","overlay-type":"","overlay-color":"","overlay-opacity":"","overlay-gradient":""},"mobile":{"background-color":"","background-image":"","background-repeat":"repeat","background-position":"center center","background-size":"auto","background-attachment":"scroll","background-type":"","background-media":"","overlay-type":"","overlay-color":"","overlay-opacity":"","overlay-gradient":""}},"ast-content-background-meta":{"desktop":{"background-color":"var(--ast-global-color-4)","background-image":"","background-repeat":"repeat","background-position":"center center","background-size":"auto","background-attachment":"scroll","background-type":"","background-media":"","overlay-type":"","overlay-color":"","overlay-opacity":"","overlay-gradient":""},"tablet":{"background-color":"var(--ast-global-color-4)","background-image":"","background-repeat":"repeat","background-position":"center center","background-size":"auto","background-attachment":"scroll","background-type":"","background-media":"","overlay-type":"","overlay-color":"","overlay-opacity":"","overlay-gradient":""},"mobile":{"background-color":"var(--ast-global-color-4)","background-image":"","background-repeat":"repeat","background-position":"center center","background-size":"auto","background-attachment":"scroll","background-type":"","background-media":"","overlay-type":"","overlay-color":"","overlay-opacity":"","overlay-gradient":""}}},"product_brand":[],"product_cat":[200,47,367],"product_tag":[],"class_list":{"0":"post-4924","1":"product","2":"type-product","3":"status-publish","4":"has-post-thumbnail","6":"product_cat-ar","7":"product_cat-discharge-lamps","8":"product_cat-super-bright-series-discharge-lamps","9":"desktop-align-left","10":"tablet-align-left","11":"mobile-align-left","12":"ast-product-gallery-layout-horizontal-slider","13":"ast-product-gallery-with-no-image","14":"ast-product-tabs-layout-horizontal","15":"ast-qv-on-image","17":"first","18":"onbackorder","19":"taxable","20":"shipping-taxable","21":"purchasable","22":"product-type-simple"},"acf":[],"_links":{"self":[{"href":"https:\/\/smart-elements.com\/de\/wp-json\/wp\/v2\/product\/4924","targetHints":{"allow":["GET"]}}],"collection":[{"href":"https:\/\/smart-elements.com\/de\/wp-json\/wp\/v2\/product"}],"about":[{"href":"https:\/\/smart-elements.com\/de\/wp-json\/wp\/v2\/types\/product"}],"version-history":[{"count":0,"href":"https:\/\/smart-elements.com\/de\/wp-json\/wp\/v2\/product\/4924\/revisions"}],"wp:featuredmedia":[{"embeddable":true,"href":"https:\/\/smart-elements.com\/de\/wp-json\/wp\/v2\/media\/48438"}],"wp:attachment":[{"href":"https:\/\/smart-elements.com\/de\/wp-json\/wp\/v2\/media?parent=4924"}],"wp:term":[{"taxonomy":"product_brand","embeddable":true,"href":"https:\/\/smart-elements.com\/de\/wp-json\/wp\/v2\/product_brand?post=4924"},{"taxonomy":"product_cat","embeddable":true,"href":"https:\/\/smart-elements.com\/de\/wp-json\/wp\/v2\/product_cat?post=4924"},{"taxonomy":"product_tag","embeddable":true,"href":"https:\/\/smart-elements.com\/de\/wp-json\/wp\/v2\/product_tag?post=4924"}],"curies":[{"name":"wp","href":"https:\/\/api.w.org\/{rel}","templated":true}]}}