{"id":4913,"date":"2022-03-08T18:32:23","date_gmt":"2022-03-08T17:32:23","guid":{"rendered":"http:\/\/88.99.60.177\/product\/nano-spectrum-discharge-tube-set-80mm-he-ne-ar-kr-xe-new\/"},"modified":"2026-01-14T09:40:06","modified_gmt":"2026-01-14T08:40:06","slug":"nano-spectrum-entladungsrohrenset-80mm-he-ne-ar-kr-xe-neu","status":"publish","type":"product","link":"https:\/\/smart-elements.com\/de\/shop\/nano-spectrum-discharge-tube-set-80mm-he-ne-ar-kr-xe-new\/","title":{"rendered":"Nanospektrum-Entladungsr\u00f6hren Set 80mm - He Ne Ar Kr Xe mit Tesla-Option"},"content":{"rendered":"<p>Komplettset Edelgase - Nanospektrum-Entladungsr\u00f6hrenset 80mm - He Ne Ar Kr Xe NEU! - metallfrei! Unsere kleinsten R\u00f6hren ~ 80x6mm<br \/>\nDiese neuen Spektrum-Entladungsr\u00f6hren sind eine Weiterentwicklung unserer Gasampullen mit all ihren Vorteilen, da sie keine Metallteile haben, sondern die Leuchtkraft einer Standard-Spektrumr\u00f6hre. Diese R\u00f6hren k\u00f6nnen im Dauerbetrieb verwendet werden!<br \/>\nHergestellt aus hochwertigem, sto\u00dffestem und hitzebest\u00e4ndigem Boro-Silikatglas. Die feine Kapillare sieht zerbrechlich aus, ist aber haltbarer als jede normale R\u00f6hre.<br \/>\nBetriebsspannung 1500-5000V @ 20mA - Transformatoren sind verf\u00fcgbar <a href=\"\/de\/shop\/5kv-high-voltage-transformer-for-our-tubes-and-ampoules\/\">hier<\/a> in unserem Gesch\u00e4ft.<\/p>\n<p><strong>Sie k\u00f6nnen sie auch leicht mit einem Tesla-Generator zum Leuchten bringen, der empfohlen wird und optional w\u00e4hlbar ist.<\/strong><\/p>\n<p><img fetchpriority=\"high\" decoding=\"async\" class=\"alignnone size-medium wp-image-20437\" src=\"https:\/\/www.smart-elements.com\/wp-content\/uploads\/2019\/08\/mini_tesla_coil-300x300.jpg\" alt=\"\" width=\"300\" height=\"300\" \/><\/p>\n<p>Dies ist ein ganz besonderes St\u00fcck f\u00fcr eine komplette Elementsammlung !!!<\/p>","protected":false},"excerpt":{"rendered":"<p>L\u00e4nge 70x6mm Durchmesser.<\/p>\n<p>Diese R\u00f6hren werden in unserer eigenen Produktionsst\u00e4tte von Hand gefertigt. Bitte rechnen Sie mit einer Produktionszeit von 5 - 8 Tagen.<\/p>","protected":false},"featured_media":48422,"template":"","meta":{"_acf_changed":false,"site-sidebar-layout":"default","site-content-layout":"","ast-site-content-layout":"default","site-content-style":"default","site-sidebar-style":"default","ast-global-header-display":"","ast-banner-title-visibility":"","ast-main-header-display":"","ast-hfb-above-header-display":"","ast-hfb-below-header-display":"","ast-hfb-mobile-header-display":"","site-post-title":"","ast-breadcrumbs-content":"","ast-featured-img":"","footer-sml-layout":"","ast-disable-related-posts":"","theme-transparent-header-meta":"","adv-header-id-meta":"","stick-header-meta":"","header-above-stick-meta":"","header-main-stick-meta":"","header-below-stick-meta":"","astra-migrate-meta-layouts":"default","ast-page-background-enabled":"default","ast-page-background-meta":{"desktop":{"background-color":"var(--ast-global-color-5)","background-image":"","background-repeat":"repeat","background-position":"center center","background-size":"auto","background-attachment":"scroll","background-type":"","background-media":"","overlay-type":"","overlay-color":"","overlay-opacity":"","overlay-gradient":""},"tablet":{"background-color":"","background-image":"","background-repeat":"repeat","background-position":"center center","background-size":"auto","background-attachment":"scroll","background-type":"","background-media":"","overlay-type":"","overlay-color":"","overlay-opacity":"","overlay-gradient":""},"mobile":{"background-color":"","background-image":"","background-repeat":"repeat","background-position":"center center","background-size":"auto","background-attachment":"scroll","background-type":"","background-media":"","overlay-type":"","overlay-color":"","overlay-opacity":"","overlay-gradient":""}},"ast-content-background-meta":{"desktop":{"background-color":"var(--ast-global-color-4)","background-image":"","background-repeat":"repeat","background-position":"center center","background-size":"auto","background-attachment":"scroll","background-type":"","background-media":"","overlay-type":"","overlay-color":"","overlay-opacity":"","overlay-gradient":""},"tablet":{"background-color":"var(--ast-global-color-4)","background-image":"","background-repeat":"repeat","background-position":"center center","background-size":"auto","background-attachment":"scroll","background-type":"","background-media":"","overlay-type":"","overlay-color":"","overlay-opacity":"","overlay-gradient":""},"mobile":{"background-color":"var(--ast-global-color-4)","background-image":"","background-repeat":"repeat","background-position":"center center","background-size":"auto","background-attachment":"scroll","background-type":"","background-media":"","overlay-type":"","overlay-color":"","overlay-opacity":"","overlay-gradient":""}}},"product_brand":[],"product_cat":[200,47,30,105,104,369,171,102],"product_tag":[],"class_list":{"0":"post-4913","1":"product","2":"type-product","3":"status-publish","4":"has-post-thumbnail","6":"product_cat-ar","7":"product_cat-discharge-lamps","8":"product_cat-element-collections","9":"product_cat-he","10":"product_cat-kr","11":"product_cat-nano-series-discharge-lamps","12":"product_cat-ne","13":"product_cat-xe","14":"desktop-align-left","15":"tablet-align-left","16":"mobile-align-left","17":"ast-product-gallery-layout-horizontal-slider","18":"ast-product-gallery-with-no-image","19":"ast-product-single-variable","20":"ast-product-tabs-layout-horizontal","21":"ast-qv-on-image","23":"first","24":"instock","25":"taxable","26":"shipping-taxable","27":"purchasable","28":"product-type-variable"},"acf":[],"_links":{"self":[{"href":"https:\/\/smart-elements.com\/de\/wp-json\/wp\/v2\/product\/4913","targetHints":{"allow":["GET"]}}],"collection":[{"href":"https:\/\/smart-elements.com\/de\/wp-json\/wp\/v2\/product"}],"about":[{"href":"https:\/\/smart-elements.com\/de\/wp-json\/wp\/v2\/types\/product"}],"version-history":[{"count":0,"href":"https:\/\/smart-elements.com\/de\/wp-json\/wp\/v2\/product\/4913\/revisions"}],"wp:featuredmedia":[{"embeddable":true,"href":"https:\/\/smart-elements.com\/de\/wp-json\/wp\/v2\/media\/48422"}],"wp:attachment":[{"href":"https:\/\/smart-elements.com\/de\/wp-json\/wp\/v2\/media?parent=4913"}],"wp:term":[{"taxonomy":"product_brand","embeddable":true,"href":"https:\/\/smart-elements.com\/de\/wp-json\/wp\/v2\/product_brand?post=4913"},{"taxonomy":"product_cat","embeddable":true,"href":"https:\/\/smart-elements.com\/de\/wp-json\/wp\/v2\/product_cat?post=4913"},{"taxonomy":"product_tag","embeddable":true,"href":"https:\/\/smart-elements.com\/de\/wp-json\/wp\/v2\/product_tag?post=4913"}],"curies":[{"name":"wp","href":"https:\/\/api.w.org\/{rel}","templated":true}]}}