{"id":4907,"date":"2019-08-16T18:32:23","date_gmt":"2019-08-16T16:32:23","guid":{"rendered":"http:\/\/88.99.60.177\/product\/micro-spectrum-discharge-tube-set-80mm-he-ne-ar-kr-xe-new\/"},"modified":"2026-01-22T10:01:25","modified_gmt":"2026-01-22T09:01:25","slug":"micro-spectrum-discharge-tube-set-80mm-he-ne-ar-kr-xe-new","status":"publish","type":"product","link":"https:\/\/smart-elements.com\/de\/shop\/micro-spectrum-discharge-tube-set-80mm-he-ne-ar-kr-xe-new\/","title":{"rendered":"Micro spectrum discharge tube set 80mm &#8211; He Ne Ar Kr Xe NEW!"},"content":{"rendered":"<p>Complete Set of noble gases &#8211; Micro spectrum discharge tube set 80mm &#8211; He Ne Ar Kr Xe NEW!\u00a0&#8211; metal free!<br \/>\nDiese neuen Spektrum-Entladungsr\u00f6hren sind eine Weiterentwicklung unserer Gasampullen mit all ihren Vorteilen, da sie keine Metallteile haben, sondern die Leuchtkraft einer Standard-Spektrumr\u00f6hre. Diese R\u00f6hren k\u00f6nnen im Dauerbetrieb verwendet werden!<br \/>\nHergestellt aus hochwertigem, sto\u00dffestem und hitzebest\u00e4ndigem Boro-Silikatglas. Die feine Kapillare sieht zerbrechlich aus, ist aber haltbarer als jede normale R\u00f6hre.<br \/>\nYou can easily let them glow with a tesla generator.<br \/>\nLengh: ~ 3.3 &#8221; = 80mm , dia. ~12mm<br \/>\nOperating voltage 1500-5000V @ 20mA &#8211; available here in our shop<br \/>\nThis is a very special piece for a complete elements collection\u00a0!!!<\/p>","protected":false},"excerpt":{"rendered":"<p>Complete Set of noble gases &#8211; Micro spectrum discharge tube set 80mm &#8211; He Ne Ar Kr Xe NEW!\u00a0&#8211; metal [&hellip;]<\/p>\n","protected":false},"featured_media":48415,"template":"","meta":{"_acf_changed":false,"site-sidebar-layout":"default","site-content-layout":"","ast-site-content-layout":"default","site-content-style":"default","site-sidebar-style":"default","ast-global-header-display":"","ast-banner-title-visibility":"","ast-main-header-display":"","ast-hfb-above-header-display":"","ast-hfb-below-header-display":"","ast-hfb-mobile-header-display":"","site-post-title":"","ast-breadcrumbs-content":"","ast-featured-img":"","footer-sml-layout":"","ast-disable-related-posts":"","theme-transparent-header-meta":"","adv-header-id-meta":"","stick-header-meta":"","header-above-stick-meta":"","header-main-stick-meta":"","header-below-stick-meta":"","astra-migrate-meta-layouts":"default","ast-page-background-enabled":"default","ast-page-background-meta":{"desktop":{"background-color":"var(--ast-global-color-5)","background-image":"","background-repeat":"repeat","background-position":"center center","background-size":"auto","background-attachment":"scroll","background-type":"","background-media":"","overlay-type":"","overlay-color":"","overlay-opacity":"","overlay-gradient":""},"tablet":{"background-color":"","background-image":"","background-repeat":"repeat","background-position":"center center","background-size":"auto","background-attachment":"scroll","background-type":"","background-media":"","overlay-type":"","overlay-color":"","overlay-opacity":"","overlay-gradient":""},"mobile":{"background-color":"","background-image":"","background-repeat":"repeat","background-position":"center center","background-size":"auto","background-attachment":"scroll","background-type":"","background-media":"","overlay-type":"","overlay-color":"","overlay-opacity":"","overlay-gradient":""}},"ast-content-background-meta":{"desktop":{"background-color":"var(--ast-global-color-4)","background-image":"","background-repeat":"repeat","background-position":"center center","background-size":"auto","background-attachment":"scroll","background-type":"","background-media":"","overlay-type":"","overlay-color":"","overlay-opacity":"","overlay-gradient":""},"tablet":{"background-color":"var(--ast-global-color-4)","background-image":"","background-repeat":"repeat","background-position":"center center","background-size":"auto","background-attachment":"scroll","background-type":"","background-media":"","overlay-type":"","overlay-color":"","overlay-opacity":"","overlay-gradient":""},"mobile":{"background-color":"var(--ast-global-color-4)","background-image":"","background-repeat":"repeat","background-position":"center center","background-size":"auto","background-attachment":"scroll","background-type":"","background-media":"","overlay-type":"","overlay-color":"","overlay-opacity":"","overlay-gradient":""}}},"product_brand":[],"product_cat":[200,47,30,105,104,368,171,102],"product_tag":[],"class_list":{"0":"post-4907","1":"product","2":"type-product","3":"status-publish","4":"has-post-thumbnail","6":"product_cat-ar","7":"product_cat-discharge-lamps","8":"product_cat-element-collections","9":"product_cat-he","10":"product_cat-kr","11":"product_cat-micro-series-discharge-lamps","12":"product_cat-ne","13":"product_cat-xe","14":"desktop-align-left","15":"tablet-align-left","16":"mobile-align-left","17":"ast-product-gallery-layout-horizontal-slider","18":"ast-product-gallery-with-no-image","19":"ast-product-tabs-layout-horizontal","20":"ast-qv-on-image","22":"first","23":"onbackorder","24":"taxable","25":"shipping-taxable","26":"purchasable","27":"product-type-simple"},"acf":[],"_links":{"self":[{"href":"https:\/\/smart-elements.com\/de\/wp-json\/wp\/v2\/product\/4907","targetHints":{"allow":["GET"]}}],"collection":[{"href":"https:\/\/smart-elements.com\/de\/wp-json\/wp\/v2\/product"}],"about":[{"href":"https:\/\/smart-elements.com\/de\/wp-json\/wp\/v2\/types\/product"}],"version-history":[{"count":0,"href":"https:\/\/smart-elements.com\/de\/wp-json\/wp\/v2\/product\/4907\/revisions"}],"wp:featuredmedia":[{"embeddable":true,"href":"https:\/\/smart-elements.com\/de\/wp-json\/wp\/v2\/media\/48415"}],"wp:attachment":[{"href":"https:\/\/smart-elements.com\/de\/wp-json\/wp\/v2\/media?parent=4907"}],"wp:term":[{"taxonomy":"product_brand","embeddable":true,"href":"https:\/\/smart-elements.com\/de\/wp-json\/wp\/v2\/product_brand?post=4907"},{"taxonomy":"product_cat","embeddable":true,"href":"https:\/\/smart-elements.com\/de\/wp-json\/wp\/v2\/product_cat?post=4907"},{"taxonomy":"product_tag","embeddable":true,"href":"https:\/\/smart-elements.com\/de\/wp-json\/wp\/v2\/product_tag?post=4907"}],"curies":[{"name":"wp","href":"https:\/\/api.w.org\/{rel}","templated":true}]}}