{"id":4896,"date":"2023-09-19T18:32:22","date_gmt":"2023-09-19T16:32:22","guid":{"rendered":"http:\/\/88.99.60.177\/product\/neon-element-symbol-discharge-tube-80x80mm\/"},"modified":"2026-01-14T09:38:34","modified_gmt":"2026-01-14T08:38:34","slug":"neon-element-symbol-entladungsrohre-80x80mm","status":"publish","type":"product","link":"https:\/\/smart-elements.com\/de\/shop\/neon-element-symbol-discharge-tube-80x80mm\/","title":{"rendered":"Neon Element Symbol Entladungsr\u00f6hre 80x80mm - Borosilikatglas"},"content":{"rendered":"<p>Neon-Element-Symbol-Entladungsr\u00f6hre ~ 80x80mm<br \/>\nPerfekt f\u00fcr Elementanzeigen oder Demonstrationen.<br \/>\n100% quecksilberfrei \u2013 es wurde nur hochreines 99,999% Neon verwendet.<\/p>\n<p>Es l\u00e4uft mit einem Hochspannungsnetzteil 1500-8000V @ 35kHz \u2013 25mA<\/p>\n<p>Das passende Netzteil, aber es kann in unserem Shop gefunden werden.<\/p>\n<p>Nach zweij\u00e4hriger Nichtverf\u00fcgbarkeit, in der diese R\u00f6hren nicht hergestellt werden konnten und die entsprechenden Glasr\u00f6hren und Elektroden nicht mehr erh\u00e4ltlich waren, stellen wir eine neue Variante dieser R\u00f6hren vor, die diesmal vollst\u00e4ndig aus Borosilikatglas gefertigt ist.<\/p>","protected":false},"excerpt":{"rendered":"<p>Neon-Element-Symbol-Entladungsr\u00f6hre 80x80mm \u2013 Borosilikatglas!<\/p>\n<p>Jetzt verf\u00fcgbar und auf Lager!<\/p>","protected":false},"featured_media":48395,"template":"","meta":{"_acf_changed":false,"site-sidebar-layout":"default","site-content-layout":"","ast-site-content-layout":"default","site-content-style":"default","site-sidebar-style":"default","ast-global-header-display":"","ast-banner-title-visibility":"","ast-main-header-display":"","ast-hfb-above-header-display":"","ast-hfb-below-header-display":"","ast-hfb-mobile-header-display":"","site-post-title":"","ast-breadcrumbs-content":"","ast-featured-img":"","footer-sml-layout":"","ast-disable-related-posts":"","theme-transparent-header-meta":"","adv-header-id-meta":"","stick-header-meta":"","header-above-stick-meta":"","header-main-stick-meta":"","header-below-stick-meta":"","astra-migrate-meta-layouts":"default","ast-page-background-enabled":"default","ast-page-background-meta":{"desktop":{"background-color":"var(--ast-global-color-5)","background-image":"","background-repeat":"repeat","background-position":"center center","background-size":"auto","background-attachment":"scroll","background-type":"","background-media":"","overlay-type":"","overlay-color":"","overlay-opacity":"","overlay-gradient":""},"tablet":{"background-color":"","background-image":"","background-repeat":"repeat","background-position":"center center","background-size":"auto","background-attachment":"scroll","background-type":"","background-media":"","overlay-type":"","overlay-color":"","overlay-opacity":"","overlay-gradient":""},"mobile":{"background-color":"","background-image":"","background-repeat":"repeat","background-position":"center center","background-size":"auto","background-attachment":"scroll","background-type":"","background-media":"","overlay-type":"","overlay-color":"","overlay-opacity":"","overlay-gradient":""}},"ast-content-background-meta":{"desktop":{"background-color":"var(--ast-global-color-4)","background-image":"","background-repeat":"repeat","background-position":"center center","background-size":"auto","background-attachment":"scroll","background-type":"","background-media":"","overlay-type":"","overlay-color":"","overlay-opacity":"","overlay-gradient":""},"tablet":{"background-color":"var(--ast-global-color-4)","background-image":"","background-repeat":"repeat","background-position":"center center","background-size":"auto","background-attachment":"scroll","background-type":"","background-media":"","overlay-type":"","overlay-color":"","overlay-opacity":"","overlay-gradient":""},"mobile":{"background-color":"var(--ast-global-color-4)","background-image":"","background-repeat":"repeat","background-position":"center center","background-size":"auto","background-attachment":"scroll","background-type":"","background-media":"","overlay-type":"","overlay-color":"","overlay-opacity":"","overlay-gradient":""}}},"product_brand":[],"product_cat":[47,366,171],"product_tag":[],"class_list":{"0":"post-4896","1":"product","2":"type-product","3":"status-publish","4":"has-post-thumbnail","6":"product_cat-discharge-lamps","7":"product_cat-element-symbols-discharge-lamps","8":"product_cat-ne","9":"desktop-align-left","10":"tablet-align-left","11":"mobile-align-left","12":"ast-product-gallery-layout-horizontal-slider","13":"ast-product-tabs-layout-horizontal","14":"ast-qv-on-image","16":"first","17":"instock","18":"taxable","19":"shipping-taxable","20":"purchasable","21":"product-type-simple"},"acf":[],"_links":{"self":[{"href":"https:\/\/smart-elements.com\/de\/wp-json\/wp\/v2\/product\/4896","targetHints":{"allow":["GET"]}}],"collection":[{"href":"https:\/\/smart-elements.com\/de\/wp-json\/wp\/v2\/product"}],"about":[{"href":"https:\/\/smart-elements.com\/de\/wp-json\/wp\/v2\/types\/product"}],"version-history":[{"count":0,"href":"https:\/\/smart-elements.com\/de\/wp-json\/wp\/v2\/product\/4896\/revisions"}],"wp:featuredmedia":[{"embeddable":true,"href":"https:\/\/smart-elements.com\/de\/wp-json\/wp\/v2\/media\/48395"}],"wp:attachment":[{"href":"https:\/\/smart-elements.com\/de\/wp-json\/wp\/v2\/media?parent=4896"}],"wp:term":[{"taxonomy":"product_brand","embeddable":true,"href":"https:\/\/smart-elements.com\/de\/wp-json\/wp\/v2\/product_brand?post=4896"},{"taxonomy":"product_cat","embeddable":true,"href":"https:\/\/smart-elements.com\/de\/wp-json\/wp\/v2\/product_cat?post=4896"},{"taxonomy":"product_tag","embeddable":true,"href":"https:\/\/smart-elements.com\/de\/wp-json\/wp\/v2\/product_tag?post=4896"}],"curies":[{"name":"wp","href":"https:\/\/api.w.org\/{rel}","templated":true}]}}