{"id":4892,"date":"2019-08-16T18:32:22","date_gmt":"2019-08-16T16:32:22","guid":{"rendered":"http:\/\/88.99.60.177\/product\/oxygen-discharge-tube-size-approximately-75x75mm\/"},"modified":"2026-01-14T09:38:18","modified_gmt":"2026-01-14T08:38:18","slug":"sauerstoff-entlade-rohrgrose-ca-75x75mm","status":"publish","type":"product","link":"https:\/\/smart-elements.com\/de\/shop\/oxygen-discharge-tube-size-approximately-75x75mm\/","title":{"rendered":"Sauerstoffentladungsr\u00f6hre, Gr\u00f6\u00dfe ca. 75 x 75 mm"},"content":{"rendered":"<p>&nbsp;<br \/>\nSauerstoffentladungsr\u00f6hre ohne Metallelektroden \u2013 Made in Germany<\/p>\n<p>&nbsp;<\/p>\n<p>Gr\u00f6\u00dfe des Rohrs ~ 75\u00d775 mm. Das Element ist als separates Rohr dargestellt, das mit dem entsprechenden Gas gef\u00fcllt ist: O \u2013 Sauerstoff<br \/>\nAlle R\u00f6hren sind 100% quecksilber- und bleifrei! Es wurde nur reinstes Sauerstoff verwendet! Bitte beachten Sie: Das Netzteil ist hier erh\u00e4ltlich!<br \/>\nDie R\u00f6hren arbeiten mit einer 2-5kV Stromversorgung \/ 35-40kHz @ 20mA<\/p>\n<p>&nbsp;<\/p>\n<p>Achtung! Die Gase in diesen R\u00f6hren werden durch das Glas angeregt. Es werden keine Metallelektroden verwendet. Dies erh\u00f6ht die Lebensdauer der R\u00f6hren erheblich, jedoch sind die Gase relativ reaktiv und reagieren bei l\u00e4ngerer Benutzung mit dem Glas.<br \/>\n&nbsp;<\/p>","protected":false},"excerpt":{"rendered":"<p>&nbsp; Oxygen discharge tube&nbsp;without metal electrodes&nbsp;&#8211; Made in Germany &nbsp; Size of the tube ~ 75&#215;75 mm.&nbsp;The Element is represented [&hellip;]<\/p>\n","protected":false},"featured_media":48389,"template":"","meta":{"_acf_changed":false,"site-sidebar-layout":"default","site-content-layout":"","ast-site-content-layout":"default","site-content-style":"default","site-sidebar-style":"default","ast-global-header-display":"","ast-banner-title-visibility":"","ast-main-header-display":"","ast-hfb-above-header-display":"","ast-hfb-below-header-display":"","ast-hfb-mobile-header-display":"","site-post-title":"","ast-breadcrumbs-content":"","ast-featured-img":"","footer-sml-layout":"","ast-disable-related-posts":"","theme-transparent-header-meta":"default","adv-header-id-meta":"","stick-header-meta":"default","header-above-stick-meta":"","header-main-stick-meta":"","header-below-stick-meta":"","astra-migrate-meta-layouts":"set","ast-page-background-enabled":"default","ast-page-background-meta":{"desktop":{"background-color":"var(--ast-global-color-5)","background-image":"","background-repeat":"repeat","background-position":"center center","background-size":"auto","background-attachment":"scroll","background-type":"","background-media":"","overlay-type":"","overlay-color":"","overlay-opacity":"","overlay-gradient":""},"tablet":{"background-color":"","background-image":"","background-repeat":"repeat","background-position":"center center","background-size":"auto","background-attachment":"scroll","background-type":"","background-media":"","overlay-type":"","overlay-color":"","overlay-opacity":"","overlay-gradient":""},"mobile":{"background-color":"","background-image":"","background-repeat":"repeat","background-position":"center center","background-size":"auto","background-attachment":"scroll","background-type":"","background-media":"","overlay-type":"","overlay-color":"","overlay-opacity":"","overlay-gradient":""}},"ast-content-background-meta":{"desktop":{"background-color":"var(--ast-global-color-4)","background-image":"","background-repeat":"repeat","background-position":"center center","background-size":"auto","background-attachment":"scroll","background-type":"","background-media":"","overlay-type":"","overlay-color":"","overlay-opacity":"","overlay-gradient":""},"tablet":{"background-color":"var(--ast-global-color-4)","background-image":"","background-repeat":"repeat","background-position":"center center","background-size":"auto","background-attachment":"scroll","background-type":"","background-media":"","overlay-type":"","overlay-color":"","overlay-opacity":"","overlay-gradient":""},"mobile":{"background-color":"var(--ast-global-color-4)","background-image":"","background-repeat":"repeat","background-position":"center center","background-size":"auto","background-attachment":"scroll","background-type":"","background-media":"","overlay-type":"","overlay-color":"","overlay-opacity":"","overlay-gradient":""}}},"product_brand":[],"product_cat":[47,366,106],"product_tag":[],"class_list":{"0":"post-4892","1":"product","2":"type-product","3":"status-publish","4":"has-post-thumbnail","6":"product_cat-discharge-lamps","7":"product_cat-element-symbols-discharge-lamps","8":"product_cat-o","9":"desktop-align-left","10":"tablet-align-left","11":"mobile-align-left","12":"ast-product-gallery-layout-horizontal-slider","13":"ast-product-gallery-with-no-image","14":"ast-product-tabs-layout-horizontal","15":"ast-qv-on-image","17":"first","18":"instock","19":"taxable","20":"shipping-taxable","21":"purchasable","22":"product-type-simple"},"acf":[],"_links":{"self":[{"href":"https:\/\/smart-elements.com\/de\/wp-json\/wp\/v2\/product\/4892","targetHints":{"allow":["GET"]}}],"collection":[{"href":"https:\/\/smart-elements.com\/de\/wp-json\/wp\/v2\/product"}],"about":[{"href":"https:\/\/smart-elements.com\/de\/wp-json\/wp\/v2\/types\/product"}],"version-history":[{"count":0,"href":"https:\/\/smart-elements.com\/de\/wp-json\/wp\/v2\/product\/4892\/revisions"}],"wp:featuredmedia":[{"embeddable":true,"href":"https:\/\/smart-elements.com\/de\/wp-json\/wp\/v2\/media\/48389"}],"wp:attachment":[{"href":"https:\/\/smart-elements.com\/de\/wp-json\/wp\/v2\/media?parent=4892"}],"wp:term":[{"taxonomy":"product_brand","embeddable":true,"href":"https:\/\/smart-elements.com\/de\/wp-json\/wp\/v2\/product_brand?post=4892"},{"taxonomy":"product_cat","embeddable":true,"href":"https:\/\/smart-elements.com\/de\/wp-json\/wp\/v2\/product_cat?post=4892"},{"taxonomy":"product_tag","embeddable":true,"href":"https:\/\/smart-elements.com\/de\/wp-json\/wp\/v2\/product_tag?post=4892"}],"curies":[{"name":"wp","href":"https:\/\/api.w.org\/{rel}","templated":true}]}}