{"id":4890,"date":"2019-08-16T18:32:22","date_gmt":"2019-08-16T16:32:22","guid":{"rendered":"http:\/\/88.99.60.177\/product\/gases-discharge-tube-set-size-approximately-75x75mm-3\/"},"modified":"2026-01-14T09:38:13","modified_gmt":"2026-01-14T08:38:13","slug":"gasentladungsrohren-set-grose-ca-75x75mm-3-stuck","status":"publish","type":"product","link":"https:\/\/smart-elements.com\/de\/shop\/gases-discharge-tube-set-size-approximately-75x75mm-3\/","title":{"rendered":"Gasentladungsr\u00f6hrensatz, Gr\u00f6\u00dfe ca. ~75x75mm"},"content":{"rendered":"<p>Das ultimative H2 O2 N2 Gasr\u00f6hren-Set ohne Metallelektroden \u2013 Made in Germany<\/p>\n<p>&nbsp;<\/p>\n<p>Gr\u00f6\u00dfe der Rohre ~ 75\u00d775 mm. Jedes Element ist als separates Rohr dargestellt, das mit dem entsprechenden Gas gef\u00fcllt ist: O \u2013 Sauerstoff, N \u2013 Stickstoff, H \u2013 Wasserstoff.<br \/>\nAlle R\u00f6hren sind 100% quecksilber- und bleifrei! Es werden nur reinste Gase verwendet! Bitte beachten Sie: Das Netzteil ist hier erh\u00e4ltlich!<br \/>\nDie R\u00f6hren arbeiten mit einer 2-5kV Stromversorgung \/ 35-40kHz @ 20mA<\/p>\n<p>&nbsp;<\/p>\n<p>Achtung! Die Gase in diesen R\u00f6hren werden durch das Glas angeregt. Es werden keine Metallelektroden verwendet. Dies erh\u00f6ht die Lebensdauer der R\u00f6hren erheblich, jedoch sind die Gase relativ reaktiv und reagieren bei l\u00e4ngerer Benutzung mit dem Glas.<\/p>\n<p>&nbsp;<\/p>","protected":false},"excerpt":{"rendered":"<p>The ultimate H2 O2 N2 gas tubes-Set without metal electrodes\u00a0&#8211; Made in Germany &nbsp; Size of the tubes ~ 75&#215;75 [&hellip;]<\/p>\n","protected":false},"featured_media":48387,"template":"","meta":{"_acf_changed":false,"site-sidebar-layout":"default","site-content-layout":"","ast-site-content-layout":"default","site-content-style":"default","site-sidebar-style":"default","ast-global-header-display":"","ast-banner-title-visibility":"","ast-main-header-display":"","ast-hfb-above-header-display":"","ast-hfb-below-header-display":"","ast-hfb-mobile-header-display":"","site-post-title":"","ast-breadcrumbs-content":"","ast-featured-img":"","footer-sml-layout":"","ast-disable-related-posts":"","theme-transparent-header-meta":"","adv-header-id-meta":"","stick-header-meta":"","header-above-stick-meta":"","header-main-stick-meta":"","header-below-stick-meta":"","astra-migrate-meta-layouts":"default","ast-page-background-enabled":"default","ast-page-background-meta":{"desktop":{"background-color":"var(--ast-global-color-5)","background-image":"","background-repeat":"repeat","background-position":"center center","background-size":"auto","background-attachment":"scroll","background-type":"","background-media":"","overlay-type":"","overlay-color":"","overlay-opacity":"","overlay-gradient":""},"tablet":{"background-color":"","background-image":"","background-repeat":"repeat","background-position":"center center","background-size":"auto","background-attachment":"scroll","background-type":"","background-media":"","overlay-type":"","overlay-color":"","overlay-opacity":"","overlay-gradient":""},"mobile":{"background-color":"","background-image":"","background-repeat":"repeat","background-position":"center center","background-size":"auto","background-attachment":"scroll","background-type":"","background-media":"","overlay-type":"","overlay-color":"","overlay-opacity":"","overlay-gradient":""}},"ast-content-background-meta":{"desktop":{"background-color":"var(--ast-global-color-4)","background-image":"","background-repeat":"repeat","background-position":"center center","background-size":"auto","background-attachment":"scroll","background-type":"","background-media":"","overlay-type":"","overlay-color":"","overlay-opacity":"","overlay-gradient":""},"tablet":{"background-color":"var(--ast-global-color-4)","background-image":"","background-repeat":"repeat","background-position":"center center","background-size":"auto","background-attachment":"scroll","background-type":"","background-media":"","overlay-type":"","overlay-color":"","overlay-opacity":"","overlay-gradient":""},"mobile":{"background-color":"var(--ast-global-color-4)","background-image":"","background-repeat":"repeat","background-position":"center center","background-size":"auto","background-attachment":"scroll","background-type":"","background-media":"","overlay-type":"","overlay-color":"","overlay-opacity":"","overlay-gradient":""}}},"product_brand":[],"product_cat":[47,30,366,103,172,106,173],"product_tag":[],"class_list":{"0":"post-4890","1":"product","2":"type-product","3":"status-publish","4":"has-post-thumbnail","6":"product_cat-discharge-lamps","7":"product_cat-element-collections","8":"product_cat-element-symbols-discharge-lamps","9":"product_cat-h","10":"product_cat-n","11":"product_cat-o","12":"product_cat-set","13":"desktop-align-left","14":"tablet-align-left","15":"mobile-align-left","16":"ast-product-gallery-layout-horizontal-slider","17":"ast-product-gallery-with-no-image","18":"ast-product-tabs-layout-horizontal","19":"ast-qv-on-image","21":"first","22":"instock","23":"taxable","24":"shipping-taxable","25":"purchasable","26":"product-type-simple"},"acf":[],"_links":{"self":[{"href":"https:\/\/smart-elements.com\/de\/wp-json\/wp\/v2\/product\/4890","targetHints":{"allow":["GET"]}}],"collection":[{"href":"https:\/\/smart-elements.com\/de\/wp-json\/wp\/v2\/product"}],"about":[{"href":"https:\/\/smart-elements.com\/de\/wp-json\/wp\/v2\/types\/product"}],"version-history":[{"count":0,"href":"https:\/\/smart-elements.com\/de\/wp-json\/wp\/v2\/product\/4890\/revisions"}],"wp:featuredmedia":[{"embeddable":true,"href":"https:\/\/smart-elements.com\/de\/wp-json\/wp\/v2\/media\/48387"}],"wp:attachment":[{"href":"https:\/\/smart-elements.com\/de\/wp-json\/wp\/v2\/media?parent=4890"}],"wp:term":[{"taxonomy":"product_brand","embeddable":true,"href":"https:\/\/smart-elements.com\/de\/wp-json\/wp\/v2\/product_brand?post=4890"},{"taxonomy":"product_cat","embeddable":true,"href":"https:\/\/smart-elements.com\/de\/wp-json\/wp\/v2\/product_cat?post=4890"},{"taxonomy":"product_tag","embeddable":true,"href":"https:\/\/smart-elements.com\/de\/wp-json\/wp\/v2\/product_tag?post=4890"}],"curies":[{"name":"wp","href":"https:\/\/api.w.org\/{rel}","templated":true}]}}