{"id":4887,"date":"2019-08-16T18:32:21","date_gmt":"2019-08-16T16:32:21","guid":{"rendered":"http:\/\/88.99.60.177\/product\/deuterium-discharge-tube-size-approximately-75x75mm\/"},"modified":"2026-01-14T09:38:01","modified_gmt":"2026-01-14T08:38:01","slug":"deuterium-discharge-tube-size-approximately-75x75mm","status":"publish","type":"product","link":"https:\/\/smart-elements.com\/de\/shop\/deuterium-discharge-tube-size-approximately-75x75mm\/","title":{"rendered":"Deuterium-Entladungsr\u00f6hre, Gr\u00f6\u00dfe ca. ~75x75mm"},"content":{"rendered":"<p>The ultimate&nbsp;Deuterium&nbsp;tube&nbsp;without metal electrodes&nbsp;&#8211; Made in Germany<br \/>\n&nbsp;<br \/>\nSize of the tube ~ 75&#215;75 mm. The Element Deuterium is represented as a separate tube filled with the corresponding gas:&nbsp;D &#8211; Deuterium<br \/>\n&nbsp;<br \/>\n100% mercury and lead free!&nbsp;Only purest gases are used!&nbsp;Please note:&nbsp;The power supply is available here!<br \/>\n&nbsp;<br \/>\nSize of the tube ~ 75&#215;75 mm. The Element Deuterium is represented as a separate tube filled with the corresponding gas:&nbsp;D &#8211; Deuterium<br \/>\n&nbsp;<br \/>\n100% mercury and lead free!&nbsp;Only purest gases are used!&nbsp;Please note:&nbsp;The power supply is available here!<br \/>\n&nbsp;<br \/>\nThe tubes work with a 2 &#8211; 5kV power supply \/ 35-40kHz @ 20mA<br \/>\nAttention! The gases in these tubes are excited through the glass. No metal electrodes are used. This considerably increases the life time of the tubes, but the gases are relatively reactive and will react with the glass if used over a longer period.<br \/>\n&nbsp;<br \/>\n&nbsp;<\/p>","protected":false},"excerpt":{"rendered":"<p>The ultimate&nbsp;Deuterium&nbsp;tube&nbsp;without metal electrodes&nbsp;&#8211; Made in Germany &nbsp; Size of the tube ~ 75&#215;75 mm. The Element Deuterium is represented [&hellip;]<\/p>\n","protected":false},"featured_media":48383,"template":"","meta":{"_acf_changed":false,"site-sidebar-layout":"default","site-content-layout":"","ast-site-content-layout":"default","site-content-style":"default","site-sidebar-style":"default","ast-global-header-display":"","ast-banner-title-visibility":"","ast-main-header-display":"","ast-hfb-above-header-display":"","ast-hfb-below-header-display":"","ast-hfb-mobile-header-display":"","site-post-title":"","ast-breadcrumbs-content":"","ast-featured-img":"","footer-sml-layout":"","ast-disable-related-posts":"","theme-transparent-header-meta":"default","adv-header-id-meta":"","stick-header-meta":"default","header-above-stick-meta":"","header-main-stick-meta":"","header-below-stick-meta":"","astra-migrate-meta-layouts":"set","ast-page-background-enabled":"default","ast-page-background-meta":{"desktop":{"background-color":"var(--ast-global-color-5)","background-image":"","background-repeat":"repeat","background-position":"center center","background-size":"auto","background-attachment":"scroll","background-type":"","background-media":"","overlay-type":"","overlay-color":"","overlay-opacity":"","overlay-gradient":""},"tablet":{"background-color":"","background-image":"","background-repeat":"repeat","background-position":"center center","background-size":"auto","background-attachment":"scroll","background-type":"","background-media":"","overlay-type":"","overlay-color":"","overlay-opacity":"","overlay-gradient":""},"mobile":{"background-color":"","background-image":"","background-repeat":"repeat","background-position":"center center","background-size":"auto","background-attachment":"scroll","background-type":"","background-media":"","overlay-type":"","overlay-color":"","overlay-opacity":"","overlay-gradient":""}},"ast-content-background-meta":{"desktop":{"background-color":"var(--ast-global-color-4)","background-image":"","background-repeat":"repeat","background-position":"center center","background-size":"auto","background-attachment":"scroll","background-type":"","background-media":"","overlay-type":"","overlay-color":"","overlay-opacity":"","overlay-gradient":""},"tablet":{"background-color":"var(--ast-global-color-4)","background-image":"","background-repeat":"repeat","background-position":"center center","background-size":"auto","background-attachment":"scroll","background-type":"","background-media":"","overlay-type":"","overlay-color":"","overlay-opacity":"","overlay-gradient":""},"mobile":{"background-color":"var(--ast-global-color-4)","background-image":"","background-repeat":"repeat","background-position":"center center","background-size":"auto","background-attachment":"scroll","background-type":"","background-media":"","overlay-type":"","overlay-color":"","overlay-opacity":"","overlay-gradient":""}}},"product_brand":[],"product_cat":[47,366,103],"product_tag":[],"class_list":{"0":"post-4887","1":"product","2":"type-product","3":"status-publish","4":"has-post-thumbnail","6":"product_cat-discharge-lamps","7":"product_cat-element-symbols-discharge-lamps","8":"product_cat-h","9":"desktop-align-left","10":"tablet-align-left","11":"mobile-align-left","12":"ast-product-gallery-layout-horizontal-slider","13":"ast-product-gallery-with-no-image","14":"ast-product-tabs-layout-horizontal","15":"ast-qv-on-image","17":"first","18":"instock","19":"taxable","20":"shipping-taxable","21":"purchasable","22":"product-type-simple"},"acf":[],"_links":{"self":[{"href":"https:\/\/smart-elements.com\/de\/wp-json\/wp\/v2\/product\/4887","targetHints":{"allow":["GET"]}}],"collection":[{"href":"https:\/\/smart-elements.com\/de\/wp-json\/wp\/v2\/product"}],"about":[{"href":"https:\/\/smart-elements.com\/de\/wp-json\/wp\/v2\/types\/product"}],"version-history":[{"count":0,"href":"https:\/\/smart-elements.com\/de\/wp-json\/wp\/v2\/product\/4887\/revisions"}],"wp:featuredmedia":[{"embeddable":true,"href":"https:\/\/smart-elements.com\/de\/wp-json\/wp\/v2\/media\/48383"}],"wp:attachment":[{"href":"https:\/\/smart-elements.com\/de\/wp-json\/wp\/v2\/media?parent=4887"}],"wp:term":[{"taxonomy":"product_brand","embeddable":true,"href":"https:\/\/smart-elements.com\/de\/wp-json\/wp\/v2\/product_brand?post=4887"},{"taxonomy":"product_cat","embeddable":true,"href":"https:\/\/smart-elements.com\/de\/wp-json\/wp\/v2\/product_cat?post=4887"},{"taxonomy":"product_tag","embeddable":true,"href":"https:\/\/smart-elements.com\/de\/wp-json\/wp\/v2\/product_tag?post=4887"}],"curies":[{"name":"wp","href":"https:\/\/api.w.org\/{rel}","templated":true}]}}