{"id":4884,"date":"2019-08-16T00:35:31","date_gmt":"2019-08-15T22:35:31","guid":{"rendered":"http:\/\/88.99.60.177\/product\/display\/"},"modified":"2026-03-31T11:37:10","modified_gmt":"2026-03-31T09:37:10","slug":"display","status":"publish","type":"product","link":"https:\/\/smart-elements.com\/de\/shop\/display\/","title":{"rendered":"Luxury Periodic table display with LED illumination &#8211; NEW Design"},"content":{"rendered":"<p>NEW! Our new acrylic cube periodic table display with LED illumination<\/p>\n<p>Design &amp; Made in Austria<\/p>\n<p>Size: 1450 x 790 x 35mm for our 50mm (2 inches) acrylic cubes with real embedded elements!<\/p>\n<p>Illumination: White daylight LED. Front material: brushed black Acrylic (other colors and materials available on request). Frame:brushed Aluminum.<\/p>\n<p>With AC plug for 110V\/60Hz &#8211; 220V\/50Hz<\/p>\n<p><strong>Dies ist nur die Vitrine. Es enth\u00e4lt die externe Stromversorgung + 2 St\u00fcck Fernsteuerung (RF) Beleuchtung Schalter. Die Acrylelemente k\u00f6nnen in unserem Shop oder als komplettes Set mit Mengenrabatt bestellt werden.<\/strong><\/p>\n<p><strong><span style=\"color: #ff0000;\">Now Available! Production time ~ 4 &#8211; 5 weeks<\/span><\/strong><\/p>\n<p>Auch in geschlossener Ausf\u00fchrung mit Sicherheitsglasfront und Schlie\u00dff\u00e4chern erh\u00e4ltlich. Besonders geeignet f\u00fcr Klassenr\u00e4ume oder \u00f6ffentliche R\u00e4ume <strong>mit deutscher Unfall- und Brandschutzzulassung !<\/strong><\/p>\n<p><img fetchpriority=\"high\" decoding=\"async\" class=\"alignnone size-full wp-image-31194\" src=\"https:\/\/www.smart-elements.com\/wp\/wp-content\/uploads\/2019\/08\/pse_new2640.jpg\" alt=\"\" width=\"640\" height=\"654\" \/><\/p>","protected":false},"excerpt":{"rendered":"<p>Luxury Periodic table display with LED illumination &#8211; NEW Design<\/p>\n<p>Design &amp; Made in Austria<\/p>\n<p>Gr\u00f6\u00dfe: 1465 x 800 x 32 mm.<\/p>\n<p>118 double side LED illuminated compartments<\/p>\n<p>Illumination: White daylight LED. Front material: brushed black Acrylic (other colors and materials available on request). Frame:brushed Aluminum.<\/p>\n<p>Logo is optional. Just let us know if you want it or not.<\/p>\n<p><strong>Inkl. 2 St\u00fcck Fernbedienungen (RF) Beleuchtungsschalter<\/strong><\/p>\n<p><strong>Acrylic elements cubes are NOT included &#8211; This is just the periodic table display<\/strong><\/p>","protected":false},"featured_media":48373,"template":"","meta":{"_acf_changed":false,"site-sidebar-layout":"default","site-content-layout":"","ast-site-content-layout":"default","site-content-style":"default","site-sidebar-style":"default","ast-global-header-display":"","ast-banner-title-visibility":"","ast-main-header-display":"","ast-hfb-above-header-display":"","ast-hfb-below-header-display":"","ast-hfb-mobile-header-display":"","site-post-title":"","ast-breadcrumbs-content":"","ast-featured-img":"","footer-sml-layout":"","ast-disable-related-posts":"","theme-transparent-header-meta":"default","adv-header-id-meta":"","stick-header-meta":"default","header-above-stick-meta":"","header-main-stick-meta":"","header-below-stick-meta":"","astra-migrate-meta-layouts":"set","ast-page-background-enabled":"default","ast-page-background-meta":{"desktop":{"background-color":"var(--ast-global-color-5)","background-image":"","background-repeat":"repeat","background-position":"center center","background-size":"auto","background-attachment":"scroll","background-type":"","background-media":"","overlay-type":"","overlay-color":"","overlay-opacity":"","overlay-gradient":""},"tablet":{"background-color":"","background-image":"","background-repeat":"repeat","background-position":"center center","background-size":"auto","background-attachment":"scroll","background-type":"","background-media":"","overlay-type":"","overlay-color":"","overlay-opacity":"","overlay-gradient":""},"mobile":{"background-color":"","background-image":"","background-repeat":"repeat","background-position":"center center","background-size":"auto","background-attachment":"scroll","background-type":"","background-media":"","overlay-type":"","overlay-color":"","overlay-opacity":"","overlay-gradient":""}},"ast-content-background-meta":{"desktop":{"background-color":"var(--ast-global-color-4)","background-image":"","background-repeat":"repeat","background-position":"center center","background-size":"auto","background-attachment":"scroll","background-type":"","background-media":"","overlay-type":"","overlay-color":"","overlay-opacity":"","overlay-gradient":""},"tablet":{"background-color":"var(--ast-global-color-4)","background-image":"","background-repeat":"repeat","background-position":"center center","background-size":"auto","background-attachment":"scroll","background-type":"","background-media":"","overlay-type":"","overlay-color":"","overlay-opacity":"","overlay-gradient":""},"mobile":{"background-color":"var(--ast-global-color-4)","background-image":"","background-repeat":"repeat","background-position":"center center","background-size":"auto","background-attachment":"scroll","background-type":"","background-media":"","overlay-type":"","overlay-color":"","overlay-opacity":"","overlay-gradient":""}}},"product_brand":[],"product_cat":[30],"product_tag":[],"class_list":{"0":"post-4884","1":"product","2":"type-product","3":"status-publish","4":"has-post-thumbnail","6":"product_cat-element-collections","7":"product_shipping_class-valuable-goods-insurance","8":"desktop-align-left","9":"tablet-align-left","10":"mobile-align-left","11":"ast-product-gallery-layout-horizontal-slider","12":"ast-product-tabs-layout-horizontal","13":"ast-qv-on-image","15":"first","16":"onbackorder","17":"featured","18":"taxable","19":"shipping-taxable","20":"purchasable","21":"product-type-simple"},"acf":[],"_links":{"self":[{"href":"https:\/\/smart-elements.com\/de\/wp-json\/wp\/v2\/product\/4884","targetHints":{"allow":["GET"]}}],"collection":[{"href":"https:\/\/smart-elements.com\/de\/wp-json\/wp\/v2\/product"}],"about":[{"href":"https:\/\/smart-elements.com\/de\/wp-json\/wp\/v2\/types\/product"}],"version-history":[{"count":0,"href":"https:\/\/smart-elements.com\/de\/wp-json\/wp\/v2\/product\/4884\/revisions"}],"wp:featuredmedia":[{"embeddable":true,"href":"https:\/\/smart-elements.com\/de\/wp-json\/wp\/v2\/media\/48373"}],"wp:attachment":[{"href":"https:\/\/smart-elements.com\/de\/wp-json\/wp\/v2\/media?parent=4884"}],"wp:term":[{"taxonomy":"product_brand","embeddable":true,"href":"https:\/\/smart-elements.com\/de\/wp-json\/wp\/v2\/product_brand?post=4884"},{"taxonomy":"product_cat","embeddable":true,"href":"https:\/\/smart-elements.com\/de\/wp-json\/wp\/v2\/product_cat?post=4884"},{"taxonomy":"product_tag","embeddable":true,"href":"https:\/\/smart-elements.com\/de\/wp-json\/wp\/v2\/product_tag?post=4884"}],"curies":[{"name":"wp","href":"https:\/\/api.w.org\/{rel}","templated":true}]}}