{"id":4753,"date":"2019-08-08T16:01:50","date_gmt":"2019-08-08T14:01:50","guid":{"rendered":"http:\/\/88.99.60.177\/product\/nice-ruthenium-3-doped-glass-bead-new\/"},"modified":"2026-01-14T09:34:45","modified_gmt":"2026-01-14T08:34:45","slug":"schoner-ruthenium-3-dotierter-glasperlen-neuling","status":"publish","type":"product","link":"https:\/\/smart-elements.com\/de\/shop\/nice-ruthenium-3-doped-glass-bead-new\/","title":{"rendered":"Sch\u00f6ne Ruthenium 3+ dotierte optische Glasperle NEU!"},"content":{"rendered":"<p>Glasperle dotiert mit Ruthenium(Ru3+)-Ionen<br \/>\nMaterial: BaP:0.4Ru3+<br \/>\nGr\u00f6\u00dfe ca. 13 mm \u2013 Gewicht ca. 1 \u2013 1,2 g<br \/>\nSch\u00f6ne Glasperle. Jede einzelne handgefertigt aus Phosphatglas in unserem Labor.<br \/>\nDas Dotieren von Gl\u00e4sern mit Ruthenium ist eine sehr komplizierte Aufgabe und mehrere Versuche scheiterten aufgrund der extrem geringen L\u00f6slichkeit von Ru in jeder Glasmatrix. Schlie\u00dflich konnte ich erfolgreich einige Ru3+-haltige Glasproben herstellen. Die maximale Konzentration von Ru3+ betr\u00e4gt etwa 0,4 mol%. Alle Versuche mit h\u00f6heren Mengen schlugen fehl.<\/p>","protected":false},"excerpt":{"rendered":"<p>Glass bead doped with Ruthenium (Ru3+) Ions Material: BaP:0.4Ru3+ Size about 13mm &#8211; Weight ~ 1 &#8211; 1.2g Nice glass [&hellip;]<\/p>\n","protected":false},"featured_media":48301,"template":"","meta":{"_acf_changed":false,"site-sidebar-layout":"default","site-content-layout":"","ast-site-content-layout":"default","site-content-style":"default","site-sidebar-style":"default","ast-global-header-display":"","ast-banner-title-visibility":"","ast-main-header-display":"","ast-hfb-above-header-display":"","ast-hfb-below-header-display":"","ast-hfb-mobile-header-display":"","site-post-title":"","ast-breadcrumbs-content":"","ast-featured-img":"","footer-sml-layout":"","ast-disable-related-posts":"","theme-transparent-header-meta":"","adv-header-id-meta":"","stick-header-meta":"","header-above-stick-meta":"","header-main-stick-meta":"","header-below-stick-meta":"","astra-migrate-meta-layouts":"default","ast-page-background-enabled":"default","ast-page-background-meta":{"desktop":{"background-color":"var(--ast-global-color-5)","background-image":"","background-repeat":"repeat","background-position":"center center","background-size":"auto","background-attachment":"scroll","background-type":"","background-media":"","overlay-type":"","overlay-color":"","overlay-opacity":"","overlay-gradient":""},"tablet":{"background-color":"","background-image":"","background-repeat":"repeat","background-position":"center center","background-size":"auto","background-attachment":"scroll","background-type":"","background-media":"","overlay-type":"","overlay-color":"","overlay-opacity":"","overlay-gradient":""},"mobile":{"background-color":"","background-image":"","background-repeat":"repeat","background-position":"center center","background-size":"auto","background-attachment":"scroll","background-type":"","background-media":"","overlay-type":"","overlay-color":"","overlay-opacity":"","overlay-gradient":""}},"ast-content-background-meta":{"desktop":{"background-color":"var(--ast-global-color-4)","background-image":"","background-repeat":"repeat","background-position":"center center","background-size":"auto","background-attachment":"scroll","background-type":"","background-media":"","overlay-type":"","overlay-color":"","overlay-opacity":"","overlay-gradient":""},"tablet":{"background-color":"var(--ast-global-color-4)","background-image":"","background-repeat":"repeat","background-position":"center center","background-size":"auto","background-attachment":"scroll","background-type":"","background-media":"","overlay-type":"","overlay-color":"","overlay-opacity":"","overlay-gradient":""},"mobile":{"background-color":"var(--ast-global-color-4)","background-image":"","background-repeat":"repeat","background-position":"center center","background-size":"auto","background-attachment":"scroll","background-type":"","background-media":"","overlay-type":"","overlay-color":"","overlay-opacity":"","overlay-gradient":""}}},"product_brand":[],"product_cat":[23,365,56],"product_tag":[],"class_list":{"0":"post-4753","1":"product","2":"type-product","3":"status-publish","4":"has-post-thumbnail","6":"product_cat-doped-optical-crystals-glass","7":"product_cat-phosphate-glass-doped-optical-crystals-glass","8":"product_cat-ru","9":"desktop-align-left","10":"tablet-align-left","11":"mobile-align-left","12":"ast-product-gallery-layout-horizontal-slider","13":"ast-product-gallery-with-no-image","14":"ast-product-tabs-layout-horizontal","15":"ast-qv-on-image","17":"first","18":"instock","19":"taxable","20":"shipping-taxable","21":"purchasable","22":"product-type-simple"},"acf":[],"_links":{"self":[{"href":"https:\/\/smart-elements.com\/de\/wp-json\/wp\/v2\/product\/4753","targetHints":{"allow":["GET"]}}],"collection":[{"href":"https:\/\/smart-elements.com\/de\/wp-json\/wp\/v2\/product"}],"about":[{"href":"https:\/\/smart-elements.com\/de\/wp-json\/wp\/v2\/types\/product"}],"version-history":[{"count":0,"href":"https:\/\/smart-elements.com\/de\/wp-json\/wp\/v2\/product\/4753\/revisions"}],"wp:featuredmedia":[{"embeddable":true,"href":"https:\/\/smart-elements.com\/de\/wp-json\/wp\/v2\/media\/48301"}],"wp:attachment":[{"href":"https:\/\/smart-elements.com\/de\/wp-json\/wp\/v2\/media?parent=4753"}],"wp:term":[{"taxonomy":"product_brand","embeddable":true,"href":"https:\/\/smart-elements.com\/de\/wp-json\/wp\/v2\/product_brand?post=4753"},{"taxonomy":"product_cat","embeddable":true,"href":"https:\/\/smart-elements.com\/de\/wp-json\/wp\/v2\/product_cat?post=4753"},{"taxonomy":"product_tag","embeddable":true,"href":"https:\/\/smart-elements.com\/de\/wp-json\/wp\/v2\/product_tag?post=4753"}],"curies":[{"name":"wp","href":"https:\/\/api.w.org\/{rel}","templated":true}]}}