{"id":4752,"date":"2019-08-08T16:01:49","date_gmt":"2019-08-08T14:01:49","guid":{"rendered":"http:\/\/88.99.60.177\/product\/nice-iridium-4-doped-glass-bead-new\/"},"modified":"2026-04-14T14:13:09","modified_gmt":"2026-04-14T12:13:09","slug":"schoner-iridium-4-dotierter-glasperlen-neu","status":"publish","type":"product","link":"https:\/\/smart-elements.com\/de\/shop\/nice-iridium-4-doped-glass-bead-new\/","title":{"rendered":"Sch\u00f6ne Iridium 4+ dotierte optische Glasperle NEU!"},"content":{"rendered":"<p>Glasperle dotiert mit Iridium-Ionen (Ir4+)<br \/>\nMaterial: BaP:Ir4+<br \/>\nGr\u00f6\u00dfe ca. 13 mm \u2013 Gewicht ca. 1,2 g<br \/>\nSch\u00f6ne Glasperle. Jede einzelne handgefertigt aus Phosphatglas in unserem Labor.<br \/>\nDas Dotieren von Gl\u00e4sern mit Iridium ist eine sehr komplizierte Aufgabe, und mehrere Versuche scheiterten aufgrund der extrem geringen L\u00f6slichkeit von Ir in jeglicher Glasmatrix. Schlie\u00dflich konnte ich erfolgreich einige Ir4+-haltige Glasperlen mit mehreren Mol% Ir4+ herstellen.<\/p>","protected":false},"excerpt":{"rendered":"<p>Glass bead doped with Iridium (Ir4+) Ions Material: BaP:Ir4+ Size about 13mm &#8211; Weight ~ 1.2g Nice glass bead. Each [&hellip;]<\/p>\n","protected":false},"featured_media":48300,"template":"","meta":{"_acf_changed":false,"site-sidebar-layout":"default","site-content-layout":"","ast-site-content-layout":"default","site-content-style":"default","site-sidebar-style":"default","ast-global-header-display":"","ast-banner-title-visibility":"","ast-main-header-display":"","ast-hfb-above-header-display":"","ast-hfb-below-header-display":"","ast-hfb-mobile-header-display":"","site-post-title":"","ast-breadcrumbs-content":"","ast-featured-img":"","footer-sml-layout":"","ast-disable-related-posts":"","theme-transparent-header-meta":"default","adv-header-id-meta":"","stick-header-meta":"","header-above-stick-meta":"","header-main-stick-meta":"","header-below-stick-meta":"","astra-migrate-meta-layouts":"set","ast-page-background-enabled":"default","ast-page-background-meta":{"desktop":{"background-color":"var(--ast-global-color-5)","background-image":"","background-repeat":"repeat","background-position":"center center","background-size":"auto","background-attachment":"scroll","background-type":"","background-media":"","overlay-type":"","overlay-color":"","overlay-opacity":"","overlay-gradient":""},"tablet":{"background-color":"","background-image":"","background-repeat":"repeat","background-position":"center center","background-size":"auto","background-attachment":"scroll","background-type":"","background-media":"","overlay-type":"","overlay-color":"","overlay-opacity":"","overlay-gradient":""},"mobile":{"background-color":"","background-image":"","background-repeat":"repeat","background-position":"center center","background-size":"auto","background-attachment":"scroll","background-type":"","background-media":"","overlay-type":"","overlay-color":"","overlay-opacity":"","overlay-gradient":""}},"ast-content-background-meta":{"desktop":{"background-color":"var(--ast-global-color-4)","background-image":"","background-repeat":"repeat","background-position":"center center","background-size":"auto","background-attachment":"scroll","background-type":"","background-media":"","overlay-type":"","overlay-color":"","overlay-opacity":"","overlay-gradient":""},"tablet":{"background-color":"var(--ast-global-color-4)","background-image":"","background-repeat":"repeat","background-position":"center center","background-size":"auto","background-attachment":"scroll","background-type":"","background-media":"","overlay-type":"","overlay-color":"","overlay-opacity":"","overlay-gradient":""},"mobile":{"background-color":"var(--ast-global-color-4)","background-image":"","background-repeat":"repeat","background-position":"center center","background-size":"auto","background-attachment":"scroll","background-type":"","background-media":"","overlay-type":"","overlay-color":"","overlay-opacity":"","overlay-gradient":""}}},"product_brand":[],"product_cat":[23,35,365],"product_tag":[],"class_list":{"0":"post-4752","1":"product","2":"type-product","3":"status-publish","4":"has-post-thumbnail","6":"product_cat-doped-optical-crystals-glass","7":"product_cat-ir","8":"product_cat-phosphate-glass-doped-optical-crystals-glass","9":"desktop-align-left","10":"tablet-align-left","11":"mobile-align-left","12":"ast-product-gallery-layout-horizontal-slider","13":"ast-product-gallery-with-no-image","14":"ast-product-tabs-layout-horizontal","15":"ast-qv-on-image","17":"first","18":"instock","19":"taxable","20":"shipping-taxable","21":"purchasable","22":"product-type-simple"},"acf":[],"_links":{"self":[{"href":"https:\/\/smart-elements.com\/de\/wp-json\/wp\/v2\/product\/4752","targetHints":{"allow":["GET"]}}],"collection":[{"href":"https:\/\/smart-elements.com\/de\/wp-json\/wp\/v2\/product"}],"about":[{"href":"https:\/\/smart-elements.com\/de\/wp-json\/wp\/v2\/types\/product"}],"version-history":[{"count":0,"href":"https:\/\/smart-elements.com\/de\/wp-json\/wp\/v2\/product\/4752\/revisions"}],"wp:featuredmedia":[{"embeddable":true,"href":"https:\/\/smart-elements.com\/de\/wp-json\/wp\/v2\/media\/48300"}],"wp:attachment":[{"href":"https:\/\/smart-elements.com\/de\/wp-json\/wp\/v2\/media?parent=4752"}],"wp:term":[{"taxonomy":"product_brand","embeddable":true,"href":"https:\/\/smart-elements.com\/de\/wp-json\/wp\/v2\/product_brand?post=4752"},{"taxonomy":"product_cat","embeddable":true,"href":"https:\/\/smart-elements.com\/de\/wp-json\/wp\/v2\/product_cat?post=4752"},{"taxonomy":"product_tag","embeddable":true,"href":"https:\/\/smart-elements.com\/de\/wp-json\/wp\/v2\/product_tag?post=4752"}],"curies":[{"name":"wp","href":"https:\/\/api.w.org\/{rel}","templated":true}]}}