{"id":4720,"date":"2019-07-31T12:12:13","date_gmt":"2019-07-31T12:12:13","guid":{"rendered":"http:\/\/88.99.60.177\/product\/noble-gases-complete-set-in-ampoules-premium-version-o12mmx50mm\/"},"modified":"2026-03-30T17:29:37","modified_gmt":"2026-03-30T15:29:37","slug":"noble-gases-complete-set-in-ampoules-premium-version-o12mmx50mm","status":"publish","type":"product","link":"https:\/\/smart-elements.com\/de\/shop\/noble-gases-complete-set-in-ampoules-premium-version-o12mmx50mm\/","title":{"rendered":"Edelgas-Komplettset in Ampullen Premium-Version \u00d812mmx50mm"},"content":{"rendered":"<p><span style=\"color: #00ccff;\"><strong><span style=\"font-family: arial, helvetica, sans-serif; font-size: 10pt;\">Noble gases complete set in ampoules He Ne Ar Kr Xe &#8211; Premium version<\/span><\/strong><\/span><\/p>\n<p><span style=\"color: #00ccff;\"><strong><span style=\"font-family: arial, helvetica, sans-serif; font-size: 10pt;\">100% Handgefertigt von smart-elements<\/span><\/strong><\/span><\/p>\n<p><span style=\"font-family: arial, helvetica, sans-serif; color: #ffffff;\">alle 5 Edelgase in Borosilikat-Ampullen unter Vakuum versiegelt.<\/span><\/p>\n<p><span style=\"font-family: arial, helvetica, sans-serif; color: #ffffff;\">Gr\u00f6\u00dfe: L\u00e4nge 45-50mm, Durchm. ~11mm<\/span><\/p>\n<p><span style=\"font-size: xx-small; color: #ffffff;\">Diese Ampullen wurden speziell f\u00fcr Experimente mit Hochspannung hergestellt. Einfache Ampullen mit Edelgasen leuchten nicht.<\/span><\/p>\n<p><span style=\"font-size: xx-small;\"><iframe src=\"https:\/\/www.youtube.com\/embed\/FcWQ9GKPThc?rel=0&amp;controls=0\" width=\"480\" height=\"150\" frameborder=\"0\" allowfullscreen=\"allowfullscreen\"><\/iframe><\/span><\/p>\n<p><span style=\"color: #ffffff;\"><strong><span style=\"font-size: xx-small;\">Auf dem Bild sehen Sie die beleuchteten Ampullen. Sie sind \u00fcber zwei Metallschleifen mit einem 5000V\/35kHz-Transformator verbunden. Die Transformatoren sind zu finden <a style=\"color: #ffffff;\" href=\"?arg=detail&amp;element=lab&amp;newitems=&amp;limit=1&amp;art=3528&amp;pn=&amp;cat=&amp;view=gl&amp;tr=2&amp;out=1&amp;lid=15#A\">hier<\/a>.<\/span><\/strong><\/span><\/p>\n<p><span style=\"color: #ffffff;\"><strong><span style=\"font-size: xx-small;\"><a style=\"color: #ffffff;\" href=\"?arg=videos\">Sehen Sie sich unser Video mit einer Argon-Ampulle in einem Mikrowellenherd an.<\/a><\/span><\/strong><\/span><\/p>","protected":false},"excerpt":{"rendered":"<p>Sie erhalten die 5 Edelgase Helium, Neon, Argon, Krypton und Xenon in handgefertigten Borosilikat-Ampullen mit einer L\u00e4nge von ~50mm und einem Durchmesser von ~ 12mm<\/p>","protected":false},"featured_media":40825,"template":"","meta":{"_acf_changed":false,"site-sidebar-layout":"default","site-content-layout":"","ast-site-content-layout":"default","site-content-style":"default","site-sidebar-style":"default","ast-global-header-display":"","ast-banner-title-visibility":"","ast-main-header-display":"","ast-hfb-above-header-display":"","ast-hfb-below-header-display":"","ast-hfb-mobile-header-display":"","site-post-title":"","ast-breadcrumbs-content":"","ast-featured-img":"","footer-sml-layout":"","ast-disable-related-posts":"","theme-transparent-header-meta":"default","adv-header-id-meta":"","stick-header-meta":"default","header-above-stick-meta":"","header-main-stick-meta":"","header-below-stick-meta":"","astra-migrate-meta-layouts":"set","ast-page-background-enabled":"default","ast-page-background-meta":{"desktop":{"background-color":"var(--ast-global-color-5)","background-image":"","background-repeat":"repeat","background-position":"center center","background-size":"auto","background-attachment":"scroll","background-type":"","background-media":"","overlay-type":"","overlay-color":"","overlay-opacity":"","overlay-gradient":""},"tablet":{"background-color":"","background-image":"","background-repeat":"repeat","background-position":"center center","background-size":"auto","background-attachment":"scroll","background-type":"","background-media":"","overlay-type":"","overlay-color":"","overlay-opacity":"","overlay-gradient":""},"mobile":{"background-color":"","background-image":"","background-repeat":"repeat","background-position":"center center","background-size":"auto","background-attachment":"scroll","background-type":"","background-media":"","overlay-type":"","overlay-color":"","overlay-opacity":"","overlay-gradient":""}},"ast-content-background-meta":{"desktop":{"background-color":"var(--ast-global-color-4)","background-image":"","background-repeat":"repeat","background-position":"center center","background-size":"auto","background-attachment":"scroll","background-type":"","background-media":"","overlay-type":"","overlay-color":"","overlay-opacity":"","overlay-gradient":""},"tablet":{"background-color":"var(--ast-global-color-4)","background-image":"","background-repeat":"repeat","background-position":"center center","background-size":"auto","background-attachment":"scroll","background-type":"","background-media":"","overlay-type":"","overlay-color":"","overlay-opacity":"","overlay-gradient":""},"mobile":{"background-color":"var(--ast-global-color-4)","background-image":"","background-repeat":"repeat","background-position":"center center","background-size":"auto","background-attachment":"scroll","background-type":"","background-media":"","overlay-type":"","overlay-color":"","overlay-opacity":"","overlay-gradient":""}}},"product_brand":[],"product_cat":[47,30,363],"product_tag":[],"class_list":{"0":"post-4720","1":"product","2":"type-product","3":"status-publish","4":"has-post-thumbnail","6":"product_cat-discharge-lamps","7":"product_cat-element-collections","8":"product_cat-standard-ampoules-discharge-lamps","9":"desktop-align-left","10":"tablet-align-left","11":"mobile-align-left","12":"ast-product-gallery-layout-horizontal-slider","13":"ast-product-gallery-with-no-image","14":"ast-product-tabs-layout-horizontal","15":"ast-qv-on-image","17":"first","18":"instock","19":"taxable","20":"shipping-taxable","21":"purchasable","22":"product-type-simple"},"acf":[],"_links":{"self":[{"href":"https:\/\/smart-elements.com\/de\/wp-json\/wp\/v2\/product\/4720","targetHints":{"allow":["GET"]}}],"collection":[{"href":"https:\/\/smart-elements.com\/de\/wp-json\/wp\/v2\/product"}],"about":[{"href":"https:\/\/smart-elements.com\/de\/wp-json\/wp\/v2\/types\/product"}],"version-history":[{"count":0,"href":"https:\/\/smart-elements.com\/de\/wp-json\/wp\/v2\/product\/4720\/revisions"}],"wp:featuredmedia":[{"embeddable":true,"href":"https:\/\/smart-elements.com\/de\/wp-json\/wp\/v2\/media\/40825"}],"wp:attachment":[{"href":"https:\/\/smart-elements.com\/de\/wp-json\/wp\/v2\/media?parent=4720"}],"wp:term":[{"taxonomy":"product_brand","embeddable":true,"href":"https:\/\/smart-elements.com\/de\/wp-json\/wp\/v2\/product_brand?post=4720"},{"taxonomy":"product_cat","embeddable":true,"href":"https:\/\/smart-elements.com\/de\/wp-json\/wp\/v2\/product_cat?post=4720"},{"taxonomy":"product_tag","embeddable":true,"href":"https:\/\/smart-elements.com\/de\/wp-json\/wp\/v2\/product_tag?post=4720"}],"curies":[{"name":"wp","href":"https:\/\/api.w.org\/{rel}","templated":true}]}}