{"id":4718,"date":"2019-07-26T20:40:07","date_gmt":"2019-07-26T18:40:07","guid":{"rendered":"http:\/\/88.99.60.177\/product\/glassbeads\/"},"modified":"2026-01-14T09:34:03","modified_gmt":"2026-01-14T08:34:03","slug":"glasperlen","status":"publish","type":"product","link":"https:\/\/smart-elements.com\/de\/shop\/glassbeads\/","title":{"rendered":"Elementsammlung von elementdotierten optischen Gl\u00e4sern - 24 St\u00fcck."},"content":{"rendered":"<p><span style=\"font-family: arial, helvetica, sans-serif; font-size: 12pt; color: #0000ff;\"><strong>Unique Colorful Set of doped optical glass beads &#8211; 24 pcs.<\/strong><\/span><\/p>\n<p><span style=\"font-size: 12pt;\">Size approx. 13mm &#8211; weight approx. 1 &#8211; 1.5g &#8211; Material: phosphate and borate glasses<\/span><\/p>\n<p>Elaborately and individually manufactured by us in the laboratory from highly pure reagents.<\/p>\n<p>Gorgeous beads showing the typical colors of different metal ions in different oxidation states.<\/p>\n<p>The top row shows the colorless glasses, which illuminate under UV (395nm + 254nm) : europium, cerium, terbium, samarium, dysprosium, manganese and silver<\/p>\n<p>below the glasses doped with high-purity metal oxides and nanoparticles (gold):<\/p>\n<p>Copper, molybdenum, tungsten, cobalt, praseodymium vanadium, chromium,<\/p>\n<p>Holmium, iridium, nickel, bismuth, rhodium, iron, erbium,<\/p>\n<p>Neodymium, gold, manganese<\/p>\n<p>We reserve the right to replace 1 &#8211; 2 beads with beads doped with other elements of the same value if original bead is not available.<\/p>\n<p><strong>A feast for the eyes of element collectors!<\/strong><\/p>\n<h1>Here a very nice video from Brainiac75 about our glass beads<\/h1>\n<h1>[yotuwp type=&#8221;videos&#8221; id=&#8221;syTdaoelCbc&#8221; player=&#8221;width=800&#8243;]<\/h1>\n<p><span style=\"font-size: 12pt;\">\u00a0<\/span><\/p>\n","protected":false},"excerpt":{"rendered":"<p>Einzigartig auf der Welt! Gro\u00dfer Satz mit Metallionen dotierter optischer Gl\u00e4ser - 24 St\u00fcck.<\/p>\n<p>Die obere Reihe zeigt die farblosen Gl\u00e4ser, die unter UV (395nm + 254nm) leuchten: Europium, Cerium, Terbium, Samarium, Dysprosium, Mangan und Silber<\/p>\n<p>unter den mit hochreinen Metalloxiden und Nanopartikeln (Gold) dotierten Gl\u00e4sern:<\/p>\n<p>Kupfer, Molybd\u00e4n, Wolfram, Kobalt, Praseodym-Vanadium, Chrom,<\/p>\n<p>Holmium, Iridium, Nickel, Wismut, Rhodium, Eisen, Erbium,<\/p>\n<p>Neodym, Gold, Mangan<\/p>","protected":false},"featured_media":41869,"template":"","meta":{"_acf_changed":false,"site-sidebar-layout":"default","site-content-layout":"","ast-site-content-layout":"default","site-content-style":"default","site-sidebar-style":"default","ast-global-header-display":"","ast-banner-title-visibility":"","ast-main-header-display":"","ast-hfb-above-header-display":"","ast-hfb-below-header-display":"","ast-hfb-mobile-header-display":"","site-post-title":"","ast-breadcrumbs-content":"","ast-featured-img":"","footer-sml-layout":"","ast-disable-related-posts":"","theme-transparent-header-meta":"","adv-header-id-meta":"","stick-header-meta":"","header-above-stick-meta":"","header-main-stick-meta":"","header-below-stick-meta":"","astra-migrate-meta-layouts":"default","ast-page-background-enabled":"default","ast-page-background-meta":{"desktop":{"background-color":"var(--ast-global-color-5)","background-image":"","background-repeat":"repeat","background-position":"center center","background-size":"auto","background-attachment":"scroll","background-type":"","background-media":"","overlay-type":"","overlay-color":"","overlay-opacity":"","overlay-gradient":""},"tablet":{"background-color":"","background-image":"","background-repeat":"repeat","background-position":"center center","background-size":"auto","background-attachment":"scroll","background-type":"","background-media":"","overlay-type":"","overlay-color":"","overlay-opacity":"","overlay-gradient":""},"mobile":{"background-color":"","background-image":"","background-repeat":"repeat","background-position":"center center","background-size":"auto","background-attachment":"scroll","background-type":"","background-media":"","overlay-type":"","overlay-color":"","overlay-opacity":"","overlay-gradient":""}},"ast-content-background-meta":{"desktop":{"background-color":"var(--ast-global-color-4)","background-image":"","background-repeat":"repeat","background-position":"center center","background-size":"auto","background-attachment":"scroll","background-type":"","background-media":"","overlay-type":"","overlay-color":"","overlay-opacity":"","overlay-gradient":""},"tablet":{"background-color":"var(--ast-global-color-4)","background-image":"","background-repeat":"repeat","background-position":"center center","background-size":"auto","background-attachment":"scroll","background-type":"","background-media":"","overlay-type":"","overlay-color":"","overlay-opacity":"","overlay-gradient":""},"mobile":{"background-color":"var(--ast-global-color-4)","background-image":"","background-repeat":"repeat","background-position":"center center","background-size":"auto","background-attachment":"scroll","background-type":"","background-media":"","overlay-type":"","overlay-color":"","overlay-opacity":"","overlay-gradient":""}}},"product_brand":[],"product_cat":[20,21,410,362,25,26,27,28,23,29,30,31,32,33,34,35,36,37,38,39,40,41,42,43,44,45,46],"product_tag":[],"class_list":{"0":"post-4718","1":"product","2":"type-product","3":"status-publish","4":"has-post-thumbnail","6":"product_cat-ag","7":"product_cat-au","8":"product_cat-bi-2","9":"product_cat-borate-glass-doped-optical-crystals-glass","10":"product_cat-ce","11":"product_cat-co","12":"product_cat-cr","13":"product_cat-cu","14":"product_cat-doped-optical-crystals-glass","15":"product_cat-dy","16":"product_cat-element-collections","17":"product_cat-er","18":"product_cat-eu","19":"product_cat-fe","20":"product_cat-ho","21":"product_cat-ir","22":"product_cat-mo","23":"product_cat-nd","24":"product_cat-ni","25":"product_cat-pd","26":"product_cat-rh","27":"product_cat-sm","28":"product_cat-tb","29":"product_cat-ti","30":"product_cat-tm","31":"product_cat-v","32":"product_cat-w","33":"desktop-align-left","34":"tablet-align-left","35":"mobile-align-left","36":"ast-product-gallery-layout-horizontal-slider","37":"ast-product-tabs-layout-horizontal","38":"ast-qv-on-image","40":"first","41":"instock","42":"featured","43":"taxable","44":"shipping-taxable","45":"purchasable","46":"product-type-simple"},"acf":[],"_links":{"self":[{"href":"https:\/\/smart-elements.com\/de\/wp-json\/wp\/v2\/product\/4718","targetHints":{"allow":["GET"]}}],"collection":[{"href":"https:\/\/smart-elements.com\/de\/wp-json\/wp\/v2\/product"}],"about":[{"href":"https:\/\/smart-elements.com\/de\/wp-json\/wp\/v2\/types\/product"}],"version-history":[{"count":0,"href":"https:\/\/smart-elements.com\/de\/wp-json\/wp\/v2\/product\/4718\/revisions"}],"wp:featuredmedia":[{"embeddable":true,"href":"https:\/\/smart-elements.com\/de\/wp-json\/wp\/v2\/media\/41869"}],"wp:attachment":[{"href":"https:\/\/smart-elements.com\/de\/wp-json\/wp\/v2\/media?parent=4718"}],"wp:term":[{"taxonomy":"product_brand","embeddable":true,"href":"https:\/\/smart-elements.com\/de\/wp-json\/wp\/v2\/product_brand?post=4718"},{"taxonomy":"product_cat","embeddable":true,"href":"https:\/\/smart-elements.com\/de\/wp-json\/wp\/v2\/product_cat?post=4718"},{"taxonomy":"product_tag","embeddable":true,"href":"https:\/\/smart-elements.com\/de\/wp-json\/wp\/v2\/product_tag?post=4718"}],"curies":[{"name":"wp","href":"https:\/\/api.w.org\/{rel}","templated":true}]}}