{"id":39919,"date":"2026-01-05T17:27:53","date_gmt":"2026-01-05T16:27:53","guid":{"rendered":"https:\/\/smart-elements.com\/shop\/high-pure-scandium-oxide-99-99-sc2o3-scandia\/"},"modified":"2026-01-14T12:02:33","modified_gmt":"2026-01-14T11:02:33","slug":"high-pure-scandium-oxide-99-99-sc2o3-scandia","status":"publish","type":"product","link":"https:\/\/smart-elements.com\/de\/shop\/high-pure-scandium-oxide-99-99-sc2o3-scandia\/","title":{"rendered":"Hochreines Scandium-Oxid 99,99% - Sc2O3 - Scandia"},"content":{"rendered":"<p data-start=\"60\" data-end=\"117\"><strong data-start=\"60\" data-end=\"115\">Scandium Oxide, Sc\u2082O\u2083, 99.99% 4N High Purity Powder<\/strong><\/p>\n<p data-start=\"119\" data-end=\"390\"><strong data-start=\"119\" data-end=\"131\">Formel:<\/strong> Sc\u2082O\u2083<br data-start=\"137\" data-end=\"140\" \/><strong data-start=\"140\" data-end=\"155\">CAS-Nummer:<\/strong> 12060-08-1<br data-start=\"166\" data-end=\"169\" \/><strong data-start=\"169\" data-end=\"190\">Molekulargewicht:<\/strong> 137,91 g\/mol<br data-start=\"203\" data-end=\"206\" \/><strong data-start=\"206\" data-end=\"218\">Die Dichte:<\/strong> 3.86 g\/cm\u00b3 at 25 \u00b0C<br data-start=\"238\" data-end=\"241\" data-is-only-node=\"\" \/><strong data-start=\"241\" data-end=\"259\">Schmelzpunkt:<\/strong> ~2,485 \u00b0C<br data-start=\"269\" data-end=\"272\" \/><strong data-start=\"272\" data-end=\"282\">Farbe:<\/strong> Wei\u00dfes Pulver<br data-start=\"295\" data-end=\"298\" \/><strong data-start=\"298\" data-end=\"313\">L\u00f6slichkeit:<\/strong> Insoluble in water; soluble in acids.<br data-start=\"351\" data-end=\"354\" \/><strong data-start=\"354\" data-end=\"365\">Reinheit:<\/strong> 99.99% 4N (Sc\u2082O\u2083\/TREO)<\/p>\n<p><span class=\"style2\"><span class=\"style36\">Scandium-Oxid (Sc2O3) <\/span><span class=\"style35\"><span class=\"style36\">ist eine hoch unl\u00f6sliche, thermisch stabile Scandiumquelle, die sich f\u00fcr Glas-, Optik- und Keramikanwendungen eignet. <span class=\"style38\">Oxidverbindungen sind nicht elektrisch leitf\u00e4hig. Metalloxidverbindungen sind basische Anhydride und k\u00f6nnen daher mit S\u00e4uren und mit starken Reduktionsmitteln in Redoxreaktionen reagieren.<\/span><\/span><\/span><\/span><\/p>","protected":false},"excerpt":{"rendered":"<p>Hochreines Scandium-Oxid 99,99% - Sc2O3 - Scandia<\/p>","protected":false},"featured_media":48270,"template":"","meta":{"_acf_changed":false,"site-sidebar-layout":"default","site-content-layout":"","ast-site-content-layout":"default","site-content-style":"default","site-sidebar-style":"default","ast-global-header-display":"","ast-banner-title-visibility":"","ast-main-header-display":"","ast-hfb-above-header-display":"","ast-hfb-below-header-display":"","ast-hfb-mobile-header-display":"","site-post-title":"","ast-breadcrumbs-content":"","ast-featured-img":"","footer-sml-layout":"","ast-disable-related-posts":"","theme-transparent-header-meta":"","adv-header-id-meta":"","stick-header-meta":"","header-above-stick-meta":"","header-main-stick-meta":"","header-below-stick-meta":"","astra-migrate-meta-layouts":"default","ast-page-background-enabled":"default","ast-page-background-meta":{"desktop":{"background-color":"var(--ast-global-color-5)","background-image":"","background-repeat":"repeat","background-position":"center center","background-size":"auto","background-attachment":"scroll","background-type":"","background-media":"","overlay-type":"","overlay-color":"","overlay-opacity":"","overlay-gradient":""},"tablet":{"background-color":"","background-image":"","background-repeat":"repeat","background-position":"center center","background-size":"auto","background-attachment":"scroll","background-type":"","background-media":"","overlay-type":"","overlay-color":"","overlay-opacity":"","overlay-gradient":""},"mobile":{"background-color":"","background-image":"","background-repeat":"repeat","background-position":"center center","background-size":"auto","background-attachment":"scroll","background-type":"","background-media":"","overlay-type":"","overlay-color":"","overlay-opacity":"","overlay-gradient":""}},"ast-content-background-meta":{"desktop":{"background-color":"var(--ast-global-color-4)","background-image":"","background-repeat":"repeat","background-position":"center center","background-size":"auto","background-attachment":"scroll","background-type":"","background-media":"","overlay-type":"","overlay-color":"","overlay-opacity":"","overlay-gradient":""},"tablet":{"background-color":"var(--ast-global-color-4)","background-image":"","background-repeat":"repeat","background-position":"center center","background-size":"auto","background-attachment":"scroll","background-type":"","background-media":"","overlay-type":"","overlay-color":"","overlay-opacity":"","overlay-gradient":""},"mobile":{"background-color":"var(--ast-global-color-4)","background-image":"","background-repeat":"repeat","background-position":"center center","background-size":"auto","background-attachment":"scroll","background-type":"","background-media":"","overlay-type":"","overlay-color":"","overlay-opacity":"","overlay-gradient":""}}},"product_brand":[],"product_cat":[49,372,210],"product_tag":[],"class_list":{"0":"post-39919","1":"product","2":"type-product","3":"status-publish","4":"has-post-thumbnail","6":"product_cat-compounds","7":"product_cat-oxides-compounds","8":"product_cat-sc","9":"desktop-align-left","10":"tablet-align-left","11":"mobile-align-left","12":"ast-product-gallery-layout-horizontal-slider","13":"ast-product-gallery-with-no-image","14":"ast-product-single-variable","15":"ast-product-tabs-layout-horizontal","16":"ast-qv-on-image","18":"first","19":"instock","20":"taxable","21":"shipping-taxable","22":"purchasable","23":"product-type-variable"},"acf":[],"_links":{"self":[{"href":"https:\/\/smart-elements.com\/de\/wp-json\/wp\/v2\/product\/39919","targetHints":{"allow":["GET"]}}],"collection":[{"href":"https:\/\/smart-elements.com\/de\/wp-json\/wp\/v2\/product"}],"about":[{"href":"https:\/\/smart-elements.com\/de\/wp-json\/wp\/v2\/types\/product"}],"version-history":[{"count":0,"href":"https:\/\/smart-elements.com\/de\/wp-json\/wp\/v2\/product\/39919\/revisions"}],"wp:featuredmedia":[{"embeddable":true,"href":"https:\/\/smart-elements.com\/de\/wp-json\/wp\/v2\/media\/48270"}],"wp:attachment":[{"href":"https:\/\/smart-elements.com\/de\/wp-json\/wp\/v2\/media?parent=39919"}],"wp:term":[{"taxonomy":"product_brand","embeddable":true,"href":"https:\/\/smart-elements.com\/de\/wp-json\/wp\/v2\/product_brand?post=39919"},{"taxonomy":"product_cat","embeddable":true,"href":"https:\/\/smart-elements.com\/de\/wp-json\/wp\/v2\/product_cat?post=39919"},{"taxonomy":"product_tag","embeddable":true,"href":"https:\/\/smart-elements.com\/de\/wp-json\/wp\/v2\/product_tag?post=39919"}],"curies":[{"name":"wp","href":"https:\/\/api.w.org\/{rel}","templated":true}]}}