{"id":2328,"date":"2025-04-29T13:10:41","date_gmt":"2025-04-29T13:10:41","guid":{"rendered":"http:\/\/88.99.60.177\/elements-in-acrylic-cubes\/"},"modified":"2025-04-29T13:10:41","modified_gmt":"2025-04-29T13:10:41","slug":"elemente-in-acrylwurfeln","status":"publish","type":"page","link":"https:\/\/smart-elements.com\/de\/elements-in-acrylic-cubes\/","title":{"rendered":"Elements in Acrylic cubes"},"content":{"rendered":"<p>Die Innovation! Ausgew\u00e4hlte Elementmuster in ausreichender Menge, eingebettet in 50x50x50mm erstklassiges, kristallklares Acryl (kein billiges Harz!). Absolut lichtecht, hochgl\u00e4nzend poliert. Der Text ist innen eingebettet! Handgefertigt! Hergestellt in der Europ\u00e4ischen Union! Jeder Acrylblock ist ein Unikat! Ein echter Hingucker!<\/p>\n\n\n\n<p>Diese originalen Acrylw\u00fcrfel werden in vielen wichtigen und ber\u00fchmten Periodensystemsammlungen auf der ganzen Welt verwendet!<br>100 % handgefertigt in der Europ\u00e4ischen Union!<\/p>\n\n\n\n<p>Jeder W\u00fcrfel wird in einer separaten Originalverpackung geliefert!<\/p>\n\n\n\n<p>Komplette Leuchtdisplays mit unseren W\u00fcrfeln sind auf Anfrage erh\u00e4ltlich<\/p>\n\n\n\n<p>100% handgemacht in der EU<\/p>\n\n\n<div class=\"woocommerce columns-3\"><\/div>","protected":false},"excerpt":{"rendered":"<p>The innovation! Selected element samples in amply amount embedded in 50x50x50mm first-class crystal clear acrylic (not cheap resin!) . Totally [&hellip;]<\/p>\n","protected":false},"author":1,"featured_media":0,"parent":0,"menu_order":0,"comment_status":"open","ping_status":"open","template":"","meta":{"_acf_changed":false,"site-sidebar-layout":"default","site-content-layout":"","ast-site-content-layout":"default","site-content-style":"default","site-sidebar-style":"default","ast-global-header-display":"","ast-banner-title-visibility":"","ast-main-header-display":"","ast-hfb-above-header-display":"","ast-hfb-below-header-display":"","ast-hfb-mobile-header-display":"","site-post-title":"","ast-breadcrumbs-content":"","ast-featured-img":"","footer-sml-layout":"","ast-disable-related-posts":"","theme-transparent-header-meta":"","adv-header-id-meta":"","stick-header-meta":"","header-above-stick-meta":"","header-main-stick-meta":"","header-below-stick-meta":"","astra-migrate-meta-layouts":"default","ast-page-background-enabled":"default","ast-page-background-meta":{"desktop":{"background-color":"var(--ast-global-color-5)","background-image":"","background-repeat":"repeat","background-position":"center center","background-size":"auto","background-attachment":"scroll","background-type":"","background-media":"","overlay-type":"","overlay-color":"","overlay-opacity":"","overlay-gradient":""},"tablet":{"background-color":"","background-image":"","background-repeat":"repeat","background-position":"center center","background-size":"auto","background-attachment":"scroll","background-type":"","background-media":"","overlay-type":"","overlay-color":"","overlay-opacity":"","overlay-gradient":""},"mobile":{"background-color":"","background-image":"","background-repeat":"repeat","background-position":"center center","background-size":"auto","background-attachment":"scroll","background-type":"","background-media":"","overlay-type":"","overlay-color":"","overlay-opacity":"","overlay-gradient":""}},"ast-content-background-meta":{"desktop":{"background-color":"var(--ast-global-color-4)","background-image":"","background-repeat":"repeat","background-position":"center center","background-size":"auto","background-attachment":"scroll","background-type":"","background-media":"","overlay-type":"","overlay-color":"","overlay-opacity":"","overlay-gradient":""},"tablet":{"background-color":"var(--ast-global-color-4)","background-image":"","background-repeat":"repeat","background-position":"center center","background-size":"auto","background-attachment":"scroll","background-type":"","background-media":"","overlay-type":"","overlay-color":"","overlay-opacity":"","overlay-gradient":""},"mobile":{"background-color":"var(--ast-global-color-4)","background-image":"","background-repeat":"repeat","background-position":"center center","background-size":"auto","background-attachment":"scroll","background-type":"","background-media":"","overlay-type":"","overlay-color":"","overlay-opacity":"","overlay-gradient":""}},"footnotes":""},"class_list":["post-2328","page","type-page","status-publish","hentry"],"acf":[],"_links":{"self":[{"href":"https:\/\/smart-elements.com\/de\/wp-json\/wp\/v2\/pages\/2328","targetHints":{"allow":["GET"]}}],"collection":[{"href":"https:\/\/smart-elements.com\/de\/wp-json\/wp\/v2\/pages"}],"about":[{"href":"https:\/\/smart-elements.com\/de\/wp-json\/wp\/v2\/types\/page"}],"author":[{"embeddable":true,"href":"https:\/\/smart-elements.com\/de\/wp-json\/wp\/v2\/users\/1"}],"replies":[{"embeddable":true,"href":"https:\/\/smart-elements.com\/de\/wp-json\/wp\/v2\/comments?post=2328"}],"version-history":[{"count":0,"href":"https:\/\/smart-elements.com\/de\/wp-json\/wp\/v2\/pages\/2328\/revisions"}],"wp:attachment":[{"href":"https:\/\/smart-elements.com\/de\/wp-json\/wp\/v2\/media?parent=2328"}],"curies":[{"name":"wp","href":"https:\/\/api.w.org\/{rel}","templated":true}]}}