{"id":2301,"date":"2025-04-29T13:10:37","date_gmt":"2025-04-29T13:10:37","guid":{"rendered":"http:\/\/88.99.60.177\/high-precision-density-cubes\/"},"modified":"2025-04-29T13:10:37","modified_gmt":"2025-04-29T13:10:37","slug":"hochprazisions-dichtewurfel","status":"publish","type":"page","link":"https:\/\/smart-elements.com\/de\/high-precision-density-cubes\/","title":{"rendered":"Hochpr\u00e4zise Dichtew\u00fcrfel"},"content":{"rendered":"<p>Wir sind ein f\u00fchrender Hersteller von Metallw\u00fcrfeln h\u00f6chster Qualit\u00e4t. Wir haben die Produktion im Jahr 2010 begonnen \u2013 jetzt sind unsere W\u00fcrfel auf der ganzen Welt ber\u00fchmt f\u00fcr ihre perfekte Oberfl\u00e4cheng\u00fcte, scharfen Kanten und exakte Gr\u00f6\u00dfe. Alles wird von Meisterhand mit Liebe zum Detail in unserer eigenen Werkstatt in \u00d6sterreich gefertigt.<\/p>\n<p>Unter ausschlie\u00dflicher Verwendung ausgew\u00e4hlter und hochreiner Materialien wurde jeder Dichtew\u00fcrfel in unserem Labor mit einer Genauigkeit von 0,01 Millimetern auf 10x10x10 mm (kleine 1 cm\u00b3 W\u00fcrfel) und 21,5x21,5x21,5 mm (gro\u00dfe 10 cm\u00b3 W\u00fcrfel) gel\u00e4ppt. Jeder einzeln geschliffene und polierte W\u00fcrfel repr\u00e4sentiert durch sein Gewicht die theoretische Dichte des jeweiligen Elements.<\/p>\n<p>Wir werden oft gefragt, warum sie so teuer sind. Hier bestimmt nicht das Material (bis auf wenige PGM-Metalle) den Preis, sondern die Arbeitsstunden, die f\u00fcr die Fertigstellung eines einzigen W\u00fcrfels ben\u00f6tigt werden. Wenn Sie etwas wollen, das h\u00f6chste Qualit\u00e4t und Sch\u00f6nheit des Materials wirklich ausmacht \u2013 nicht nur einen W\u00fcrfel\u2026<\/p>\n<div class=\"woocommerce columns-4\"><\/div>","protected":false},"excerpt":{"rendered":"<p>We are leading manufacturer of metal density cubes of highest quality. We started the production in 2010 &#8211; Now our [&hellip;]<\/p>\n","protected":false},"author":1,"featured_media":0,"parent":0,"menu_order":0,"comment_status":"open","ping_status":"open","template":"","meta":{"_acf_changed":false,"site-sidebar-layout":"default","site-content-layout":"","ast-site-content-layout":"default","site-content-style":"default","site-sidebar-style":"default","ast-global-header-display":"","ast-banner-title-visibility":"","ast-main-header-display":"","ast-hfb-above-header-display":"","ast-hfb-below-header-display":"","ast-hfb-mobile-header-display":"","site-post-title":"","ast-breadcrumbs-content":"","ast-featured-img":"","footer-sml-layout":"","ast-disable-related-posts":"","theme-transparent-header-meta":"","adv-header-id-meta":"","stick-header-meta":"","header-above-stick-meta":"","header-main-stick-meta":"","header-below-stick-meta":"","astra-migrate-meta-layouts":"default","ast-page-background-enabled":"default","ast-page-background-meta":{"desktop":{"background-color":"var(--ast-global-color-5)","background-image":"","background-repeat":"repeat","background-position":"center center","background-size":"auto","background-attachment":"scroll","background-type":"","background-media":"","overlay-type":"","overlay-color":"","overlay-opacity":"","overlay-gradient":""},"tablet":{"background-color":"","background-image":"","background-repeat":"repeat","background-position":"center center","background-size":"auto","background-attachment":"scroll","background-type":"","background-media":"","overlay-type":"","overlay-color":"","overlay-opacity":"","overlay-gradient":""},"mobile":{"background-color":"","background-image":"","background-repeat":"repeat","background-position":"center center","background-size":"auto","background-attachment":"scroll","background-type":"","background-media":"","overlay-type":"","overlay-color":"","overlay-opacity":"","overlay-gradient":""}},"ast-content-background-meta":{"desktop":{"background-color":"var(--ast-global-color-4)","background-image":"","background-repeat":"repeat","background-position":"center center","background-size":"auto","background-attachment":"scroll","background-type":"","background-media":"","overlay-type":"","overlay-color":"","overlay-opacity":"","overlay-gradient":""},"tablet":{"background-color":"var(--ast-global-color-4)","background-image":"","background-repeat":"repeat","background-position":"center center","background-size":"auto","background-attachment":"scroll","background-type":"","background-media":"","overlay-type":"","overlay-color":"","overlay-opacity":"","overlay-gradient":""},"mobile":{"background-color":"var(--ast-global-color-4)","background-image":"","background-repeat":"repeat","background-position":"center center","background-size":"auto","background-attachment":"scroll","background-type":"","background-media":"","overlay-type":"","overlay-color":"","overlay-opacity":"","overlay-gradient":""}},"footnotes":""},"class_list":["post-2301","page","type-page","status-publish","hentry"],"acf":[],"_links":{"self":[{"href":"https:\/\/smart-elements.com\/de\/wp-json\/wp\/v2\/pages\/2301","targetHints":{"allow":["GET"]}}],"collection":[{"href":"https:\/\/smart-elements.com\/de\/wp-json\/wp\/v2\/pages"}],"about":[{"href":"https:\/\/smart-elements.com\/de\/wp-json\/wp\/v2\/types\/page"}],"author":[{"embeddable":true,"href":"https:\/\/smart-elements.com\/de\/wp-json\/wp\/v2\/users\/1"}],"replies":[{"embeddable":true,"href":"https:\/\/smart-elements.com\/de\/wp-json\/wp\/v2\/comments?post=2301"}],"version-history":[{"count":0,"href":"https:\/\/smart-elements.com\/de\/wp-json\/wp\/v2\/pages\/2301\/revisions"}],"wp:attachment":[{"href":"https:\/\/smart-elements.com\/de\/wp-json\/wp\/v2\/media?parent=2301"}],"curies":[{"name":"wp","href":"https:\/\/api.w.org\/{rel}","templated":true}]}}