{"id":2291,"date":"2025-04-29T13:10:37","date_gmt":"2025-04-29T13:10:37","guid":{"rendered":"http:\/\/88.99.60.177\/references\/"},"modified":"2025-04-29T13:10:37","modified_gmt":"2025-04-29T13:10:37","slug":"referenzen","status":"publish","type":"page","link":"https:\/\/smart-elements.com\/de\/references\/","title":{"rendered":"Referenzen"},"content":{"rendered":"<p><style type=\"text\/css\">\n<\/style>\n<\/p>\n<figure>\n<table>\n<tbody>\n<tr>\n<td>\u00a0<\/td>\n<td colspan=\"2\">\u00a0<\/td>\n<\/tr>\n<tr>\n<td>\u00a0<\/td>\n<td><img decoding=\"async\" src=\"\/bilder\/pu-logo-stacked.svg\" alt=\"\" width=\"264\" height=\"70\" \/><\/td>\n<td>\n<p>Princeton Universit\u00e4t<\/p>\n<p>Institut f\u00fcr Astrophysikalische Wissenschaften<\/p>\n<\/td>\n<\/tr>\n<tr>\n<td>\u00a0<\/td>\n<td><img decoding=\"async\" src=\"\/bilder\/logo_cambridge.jpg\" alt=\"\" width=\"264\" height=\"70\" \/><img decoding=\"async\" src=\"\/bilder\/67ba9a61-0e39-4543-b78d-cdabae69eaef.jpeg\" alt=\"\" width=\"144\" height=\"70\" \/><\/td>\n<td>\n<p>Cambridge Graphene Centre<\/p>\n<p>Forschungszentrum f\u00fcr Graphen, geschichtete Kristalle und hybride Nanomaterialien<\/p>\n<\/td>\n<\/tr>\n<tr>\n<td>\u00a0<\/td>\n<td><img loading=\"lazy\" decoding=\"async\" src=\"\/bilder\/cea.jpg\" alt=\"CEA\" width=\"148\" height=\"121\" \/><\/td>\n<td><a style=\"color: #000000;\" href=\"http:\/\/www.cea.fr\/\" target=\"_blank\" rel=\"noopener noreferrer\">Kommissariat f\u00fcr Atomenergie und alternative Energien<\/a><\/td>\n<\/tr>\n<tr>\n<td>\u00a0<\/td>\n<td><img decoding=\"async\" src=\"\/bilder\/harvard-logo.gif\" \/><\/td>\n<td>\n<p><a style=\"color: #000000;\" href=\"http:\/\/www2.rowland.harvard.edu\/\">Das Rowland Institute at Harvard<\/a><\/p>\n<\/td>\n<\/tr>\n<tr>\n<td>\u00a0<\/td>\n<td><img decoding=\"async\" src=\"\/bilder\/CERN-Logo.png\" alt=\"CEA\" width=\"148\" \/><\/td>\n<td>\n<p><em><strong><a style=\"color: #000000;\" href=\"http:\/\/home.cern\/\" target=\"_blank\" rel=\"noopener noreferrer\">CERN \u2013 <\/a><\/strong><a style=\"color: #000000;\" href=\"http:\/\/home.cern\/\">Europ\u00e4ischer Rat f\u00fcr Kernforschung<\/a><\/em><\/p>\n<p><a style=\"color: #000000;\" href=\"http:\/\/home.cern\/\"><strong>Europ\u00e4ische Organisation f\u00fcr Kernforschung<\/strong><\/a><\/p>\n<\/td>\n<\/tr>\n<tr>\n<td>\u00a0<\/td>\n<td><img decoding=\"async\" src=\"\/bilder\/UNC-logo-official.jpg\" alt=\"\" height=\"68\" \/><\/td>\n<td>\n<p><a style=\"color: #000000;\" href=\"http:\/\/www.chem.unc.edu\/\" target=\"_blank\" rel=\"noopener noreferrer\">Universit\u00e4t von North Carolina in Chapel Hill<\/a><\/p>\n<p>Chemiedepartement<\/p>\n<p><a style=\"color: #000000;\" href=\"http:\/\/www.chem.unc.edu\/\" target=\"_blank\" rel=\"noopener noreferrer\">Fachbereich Angewandte Physikalische Wissenschaften<\/a><\/p>\n<\/td>\n<\/tr>\n<tr>\n<td>\u00a0<\/td>\n<td><img decoding=\"async\" src=\"\/bilder\/polyu_logo.jpg\" alt=\"\" height=\"68\" \/><\/td>\n<td>\n<p><a style=\"color: #000000;\" href=\"http:\/\/www.polyu.edu.hk\/ap\/\" target=\"_blank\" rel=\"noopener noreferrer\">Die Hong Kong Polytechnic University<\/a><a style=\"color: #000000;\" href=\"http:\/\/www.polyu.edu.hk\/ap\/\"> \u2013 Abteilung f\u00fcr Angewandte Physik<\/a><\/p>\n<\/td>\n<\/tr>\n<tr>\n<td>\u00a0<\/td>\n<td><img decoding=\"async\" src=\"\/bilder\/DLR-Logo_grau_250h.png\" alt=\"\" \/><\/td>\n<td>\n<p><a style=\"color: #000000;\" href=\"http:\/\/www.dlr.de\/\" target=\"_blank\" rel=\"noopener noreferrer\">Deutsches Zentrum<\/a><\/p>\n<p><a style=\"color: #000000;\" href=\"http:\/\/www.dlr.de\/\" target=\"_blank\" rel=\"noopener noreferrer\"> f\u00fcr Luft- und Raumfahrt e.V.<\/a><\/p>\n<p><a style=\"color: #000000;\" href=\"http:\/\/www.dlr.de\/\" target=\"_blank\" rel=\"noopener noreferrer\"><br \/><\/a><a style=\"color: #000000;\" href=\"http:\/\/www.dlr.de\/\" target=\"_blank\" rel=\"noopener noreferrer\"> in der Helmholtz-Gemeinschaft<\/a><\/p>\n<\/td>\n<\/tr>\n<tr>\n<td>\u00a0<\/td>\n<td><img decoding=\"async\" src=\"\/bilder\/bannerNMMULogo.png\" alt=\"\" height=\"100\" \/><\/td>\n<td>\n<p><a style=\"color: #000000;\" href=\"http:\/\/chrtem.nmmu.ac.za\/\" target=\"_blank\" rel=\"noopener noreferrer\">Nelson-Mandela-Metropolitan-Universit\u00e4t<\/a><\/p>\n<p><a style=\"color: #000000;\" href=\"http:\/\/chrtem.nmmu.ac.za\/\">Zentrum f\u00fcr hochaufl\u00f6sende Transmissionselektronenmikroskopie<\/a><\/p>\n<\/td>\n<\/tr>\n<tr>\n<td>\u00a0<\/td>\n<td><img decoding=\"async\" src=\"\/bilder\/h1_new.png\" alt=\"\" height=\"68\" \/><\/td>\n<td>\n<p><a style=\"color: #000000;\" href=\"http:\/\/www.kriss.re.kr\/eng\" target=\"_blank\" rel=\"noopener noreferrer\">Zentrum f\u00fcr Quantenmesstechnik<\/a><\/p>\n<p><a style=\"color: #000000;\" href=\"http:\/\/www.kriss.re.kr\/eng\" target=\"_blank\" rel=\"noopener noreferrer\"><br \/><\/a><a style=\"color: #000000;\" href=\"http:\/\/www.kriss.re.kr\/eng\" target=\"_blank\" rel=\"noopener noreferrer\"> Koreaisches Institut f\u00fcr Standards und Wissenschaft<\/a><\/p>\n<\/td>\n<\/tr>\n<tr>\n<td>\u00a0<\/td>\n<td><img decoding=\"async\" src=\"\/bilder\/07-1288200489-21252.jpg\" alt=\"\" height=\"120\" \/><\/td>\n<td><a style=\"color: #000000;\" href=\"http:\/\/mse.zju.edu.cn\/english\/\" target=\"_blank\" rel=\"noopener noreferrer\">Zhejiang Universit\u00e4t, Fakult\u00e4t f\u00fcr Materialwissenschaft und Werkstofftechnik<\/a><\/td>\n<\/tr>\n<tr>\n<td>\u00a0<\/td>\n<td>\n<figure><img loading=\"lazy\" decoding=\"async\" src=\"\/bilder\/Zyklotron_klein.gif\" width=\"78\" height=\"68\" \/><\/figure>\n<p>\u00a0<\/td>\n<td><a style=\"color: #000000;\" href=\"http:\/\/www.hiskp.uni-bonn.de\/\" target=\"_blank\" rel=\"noopener noreferrer\">Helmholtz \u2013 Institut f\u00fcr Strahlen- und Kernphysik<\/a><\/td>\n<\/tr>\n<tr>\n<td>\u00a0<\/td>\n<td><img decoding=\"async\" src=\"\/bilder\/logo_CTI.png\" alt=\"\" height=\"68\" \/><\/td>\n<td><a style=\"color: #000000;\" href=\"http:\/\/www.cti.gov.br\/microssistemas\" target=\"_blank\" rel=\"noopener noreferrer\">Mikrosystemtechnik<\/a><\/td>\n<\/tr>\n<tr>\n<td>\u00a0<\/td>\n<td><img decoding=\"async\" src=\"\/bilder\/TUD_02EN-logo_bl_zw_zw.png\" height=\"68\" \/><\/td>\n<td>\n<p><a style=\"color: #000000;\" href=\"http:\/\/qn-med.tudelft.nl\/\" target=\"_blank\" rel=\"noopener noreferrer\">Gruppe f\u00fcr Molekularelektronik und -bauelemente<\/a><\/p>\n<p><a style=\"color: #000000;\" href=\"http:\/\/qn-med.tudelft.nl\/\" target=\"_blank\" rel=\"noopener noreferrer\"> Kavli Institut f\u00fcr NanoWissenschaften<\/a><\/p>\n<\/td>\n<\/tr>\n<tr>\n<td>\u00a0<\/td>\n<td><img decoding=\"async\" src=\"\/bilder\/PU_signature_white_bg_215x80.png\" height=\"68\" \/><\/td>\n<td>\n<p align=\"left\"><a style=\"color: #000000;\" href=\"https:\/\/engineering.purdue.edu\/ECE\" target=\"_blank\" rel=\"noopener noreferrer\">Purdue University \u2013 School of Electrical and Computer Engineering, West Lafayette, Indiana<\/a><\/p>\n<\/td>\n<\/tr>\n<tr>\n<td>\u00a0<\/td>\n<td><img decoding=\"async\" src=\"\/bilder\/logo_home.gif\" alt=\"\" height=\"68\" \/><\/td>\n<td><a style=\"color: #000000;\" href=\"http:\/\/iwasa.t.u-tokyo.ac.jp\/index.html\" target=\"_blank\" rel=\"noopener noreferrer\">Abteilung f\u00fcr Angewandte Physik, School of Engineering, The University of Tokyo<\/a><\/td>\n<\/tr>\n<tr>\n<td>\u00a0<\/td>\n<td>\n<figure><img loading=\"lazy\" decoding=\"async\" src=\"\/bilder\/logo_uni_bonn_www.gif\" width=\"170\" height=\"60\" \/><\/figure>\n<p>\u00a0<\/td>\n<td><a style=\"color: #000000;\" href=\"http:\/\/www1.uni-bonn.de\/startseite\/jsp\/index.jsp\" target=\"_blank\" rel=\"noopener noreferrer\">Universit\u00e4t Bonn<\/a><\/td>\n<\/tr>\n<tr>\n<td>\u00a0<\/td>\n<td>\n<figure><img loading=\"lazy\" decoding=\"async\" src=\"\/bilder\/kaestchen1_2.jpg\" width=\"156\" height=\"75\" \/><\/figure>\n<p>\u00a0<\/td>\n<td><a style=\"color: #000000;\" href=\"http:\/\/www.cup.uni-muenchen.de\/ac\/schnick\/\" target=\"_blank\" rel=\"noopener noreferrer\">LMU M\u00fcnchen \u2013 Department Chemie und Biochemie \u2013 AK Schnick<\/a><\/td>\n<\/tr>\n<tr>\n<td>\u00a0<\/td>\n<td>\n<figure><img decoding=\"async\" src=\"\/bilder\/ifp.jpg\" width=\"170\" \/><\/figure>\n<p>\u00a0<\/td>\n<td><a style=\"color: #000000;\" href=\"http:\/\/www.physik.uni-augsburg.de\/\" target=\"_blank\" rel=\"noopener noreferrer\">Institut f\u00fcr Physik \u2013 Universit\u00e4t Augsburg<\/a><\/td>\n<\/tr>\n<tr>\n<td>\u00a0<\/td>\n<td>\n<figure><img decoding=\"async\" src=\"\/bilder\/siegel_uni.gif\" \/><\/figure>\n<p>\u00a0<\/td>\n<td>\n<p align=\"left\"><a style=\"color: #000000;\" href=\"http:\/\/gerdmeyer.de\/\" target=\"_blank\" rel=\"noopener noreferrer\">Institut f\u00fcr Anorganische Chemie \u2013 Universit\u00e4t zu K\u00f6ln<\/a><\/p>\n<\/td>\n<\/tr>\n<tr>\n<td>\u00a0<\/td>\n<td>\n<figure><img loading=\"lazy\" decoding=\"async\" src=\"\/bilder\/uma.gif\" width=\"121\" height=\"118\" \/><\/figure>\n<p>\u00a0<\/td>\n<td><a style=\"color: #000000;\" href=\"http:\/\/www.uma.es\/\" target=\"_blank\" rel=\"noopener noreferrer\">Fakult\u00e4t f\u00fcr Geologie \u2013 Universit\u00e4t M\u00e1laga <\/a><\/td>\n<\/tr>\n<tr>\n<td>\u00a0<\/td>\n<td><img decoding=\"async\" src=\"\/bilder\/kopfneu.gif\" width=\"170\" \/><\/td>\n<td><a style=\"color: #000000;\" href=\"http:\/\/www.uni-mainz.de\/\">Johannes Gutenberg-Universit\u00e4t Mainz<\/a><\/td>\n<\/tr>\n<tr>\n<td>\u00a0<\/td>\n<td><img loading=\"lazy\" decoding=\"async\" src=\"\/bilder\/tu_darmstadt_web.gif\" width=\"210\" height=\"84\" \/><\/td>\n<td><a style=\"color: #000000;\" href=\"http:\/\/www.chemie.tu-darmstadt.de\">Technische Universit\u00e4t Darmstadt \u2013 Fachbereich Chemie<\/a><\/td>\n<\/tr>\n<tr>\n<td>\u00a0<\/td>\n<td><img loading=\"lazy\" decoding=\"async\" src=\"\/bilder\/Banner1.jpg\" width=\"226\" height=\"75\" \/><\/td>\n<td><a style=\"color: #000000;\" href=\"http:\/\/www.uni-due.de\/chemie\/\">Universit\u00e4t Duisburg \u2013 Essen<\/a><\/td>\n<\/tr>\n<tr>\n<td>\u00a0<\/td>\n<td><img decoding=\"async\" src=\"\/bilder\/rublogo.gif\" width=\"120\" align=\"middle\" \/><\/td>\n<td><a style=\"color: #000000;\" href=\"http:\/\/www.ruhr-uni-bochum.de\/\" target=\"_blank\" rel=\"noopener noreferrer\">Institut f\u00fcr Anorganische Chemie \u2013 Ruhr-Universit\u00e4t Bochum<\/a><\/td>\n<\/tr>\n<tr>\n<td>\u00a0<\/td>\n<td><img loading=\"lazy\" decoding=\"async\" src=\"\/bilder\/tuc2005.gif\" width=\"344\" height=\"64\" \/><\/td>\n<td>\n<p align=\"left\"><a style=\"color: #000000;\" href=\"http:\/\/www.iaac.tu-clausthal.de\/\" target=\"_blank\" rel=\"noopener noreferrer\">Institut f\u00fcr Anorganische und Analytische Chemie der TU Clausthal<\/a><\/p>\n<\/td>\n<\/tr>\n<tr>\n<td>\u00a0<\/td>\n<td>\n<figure><img loading=\"lazy\" decoding=\"async\" src=\"\/bilder\/mpg.gif\" width=\"130\" height=\"104\" \/><\/figure>\n<p>\u00a0<\/td>\n<td><a style=\"color: #000000;\" href=\"http:\/\/www.fkf.mpg.de\" target=\"_blank\" rel=\"noopener noreferrer\">Max-Planck-Institut f\u00fcr Festk\u00f6rperforschung<\/a><\/td>\n<\/tr>\n<tr>\n<td>\u00a0<\/td>\n<td>\n<figure><img loading=\"lazy\" decoding=\"async\" src=\"\/bilder\/MPIP_Logo.gif\" width=\"80\" height=\"80\" \/><\/figure>\n<p>\u00a0<\/td>\n<td><a style=\"color: #000000;\" href=\"http:\/\/www.mpip-mainz.mpg.de\/\" target=\"_blank\" rel=\"noopener noreferrer\">Max-Planck-Institut f\u00fcr Polymerforschung<\/a><\/td>\n<\/tr>\n<tr>\n<td>\u00a0<\/td>\n<td>\n<figure><img loading=\"lazy\" decoding=\"async\" src=\"\/bilder\/tu-dt-teil-blau-pos-gr.jpg\" width=\"100\" height=\"100\" \/><\/figure>\n<p>\u00a0<\/td>\n<td><a style=\"color: #000000;\" href=\"http:\/\/www.ifp.tuwien.ac.at\/\" target=\"_blank\" rel=\"noopener noreferrer\">Institute of Solid State Physics, TU Wien<\/a><\/td>\n<\/tr>\n<tr>\n<td>\u00a0<\/td>\n<td>\u00a0<img decoding=\"async\" src=\"https:\/\/www.smart-elements.com\/wp\/wp-content\/uploads\/2023\/09\/Oslo.png\" alt=\"\" \/><\/td>\n<td>\u00a0<a style=\"color: #000000;\" href=\"https:\/\/www.uio.no\/\">Universit\u00e4t Oslo<\/a><\/td>\n<\/tr>\n<tr>\n<td>\u00a0<\/td>\n<td>\u00a0<\/td>\n<td>\u00a0<\/td>\n<\/tr>\n<tr>\n<td>\u00a0<\/td>\n<td>\u00a0<\/td>\n<td>\u00a0<\/td>\n<\/tr>\n<tr>\n<td>\u00a0<\/td>\n<td>\u00a0<\/td>\n<td>\u00a0<\/td>\n<\/tr>\n<tr>\n<td>\u00a0<\/td>\n<td>\u00a0<\/td>\n<td>\u00a0<\/td>\n<\/tr>\n<tr>\n<td>\u00a0<\/td>\n<td>\u00a0<\/td>\n<td>\u00a0<\/td>\n<\/tr>\n<\/tbody>\n<\/table>\n<\/figure>","protected":false},"excerpt":{"rendered":"<p>\u00a0 \u00a0 \u00a0 Princeton University Departement of Astrophysical Sciences \u00a0 Cambridge Graphene Centre Research Centre on Graphene, Layered Crystals and [&hellip;]<\/p>\n","protected":false},"author":1,"featured_media":0,"parent":0,"menu_order":0,"comment_status":"open","ping_status":"open","template":"","meta":{"_acf_changed":false,"site-sidebar-layout":"default","site-content-layout":"","ast-site-content-layout":"default","site-content-style":"default","site-sidebar-style":"default","ast-global-header-display":"","ast-banner-title-visibility":"","ast-main-header-display":"","ast-hfb-above-header-display":"","ast-hfb-below-header-display":"","ast-hfb-mobile-header-display":"","site-post-title":"","ast-breadcrumbs-content":"","ast-featured-img":"","footer-sml-layout":"","ast-disable-related-posts":"","theme-transparent-header-meta":"","adv-header-id-meta":"","stick-header-meta":"","header-above-stick-meta":"","header-main-stick-meta":"","header-below-stick-meta":"","astra-migrate-meta-layouts":"default","ast-page-background-enabled":"default","ast-page-background-meta":{"desktop":{"background-color":"var(--ast-global-color-5)","background-image":"","background-repeat":"repeat","background-position":"center center","background-size":"auto","background-attachment":"scroll","background-type":"","background-media":"","overlay-type":"","overlay-color":"","overlay-opacity":"","overlay-gradient":""},"tablet":{"background-color":"","background-image":"","background-repeat":"repeat","background-position":"center center","background-size":"auto","background-attachment":"scroll","background-type":"","background-media":"","overlay-type":"","overlay-color":"","overlay-opacity":"","overlay-gradient":""},"mobile":{"background-color":"","background-image":"","background-repeat":"repeat","background-position":"center center","background-size":"auto","background-attachment":"scroll","background-type":"","background-media":"","overlay-type":"","overlay-color":"","overlay-opacity":"","overlay-gradient":""}},"ast-content-background-meta":{"desktop":{"background-color":"var(--ast-global-color-4)","background-image":"","background-repeat":"repeat","background-position":"center center","background-size":"auto","background-attachment":"scroll","background-type":"","background-media":"","overlay-type":"","overlay-color":"","overlay-opacity":"","overlay-gradient":""},"tablet":{"background-color":"var(--ast-global-color-4)","background-image":"","background-repeat":"repeat","background-position":"center center","background-size":"auto","background-attachment":"scroll","background-type":"","background-media":"","overlay-type":"","overlay-color":"","overlay-opacity":"","overlay-gradient":""},"mobile":{"background-color":"var(--ast-global-color-4)","background-image":"","background-repeat":"repeat","background-position":"center center","background-size":"auto","background-attachment":"scroll","background-type":"","background-media":"","overlay-type":"","overlay-color":"","overlay-opacity":"","overlay-gradient":""}},"footnotes":""},"class_list":["post-2291","page","type-page","status-publish","hentry"],"acf":[],"_links":{"self":[{"href":"https:\/\/smart-elements.com\/de\/wp-json\/wp\/v2\/pages\/2291","targetHints":{"allow":["GET"]}}],"collection":[{"href":"https:\/\/smart-elements.com\/de\/wp-json\/wp\/v2\/pages"}],"about":[{"href":"https:\/\/smart-elements.com\/de\/wp-json\/wp\/v2\/types\/page"}],"author":[{"embeddable":true,"href":"https:\/\/smart-elements.com\/de\/wp-json\/wp\/v2\/users\/1"}],"replies":[{"embeddable":true,"href":"https:\/\/smart-elements.com\/de\/wp-json\/wp\/v2\/comments?post=2291"}],"version-history":[{"count":0,"href":"https:\/\/smart-elements.com\/de\/wp-json\/wp\/v2\/pages\/2291\/revisions"}],"wp:attachment":[{"href":"https:\/\/smart-elements.com\/de\/wp-json\/wp\/v2\/media?parent=2291"}],"curies":[{"name":"wp","href":"https:\/\/api.w.org\/{rel}","templated":true}]}}