{"id":2282,"date":"2025-04-29T13:10:34","date_gmt":"2025-04-29T13:10:34","guid":{"rendered":"http:\/\/88.99.60.177\/shipping-information\/"},"modified":"2025-05-14T20:06:25","modified_gmt":"2025-05-14T20:06:25","slug":"versandinformationen","status":"publish","type":"page","link":"https:\/\/smart-elements.com\/de\/shipping-information\/","title":{"rendered":"Informationen zum Versand"},"content":{"rendered":"<div data-elementor-type=\"wp-page\" data-elementor-id=\"2282\" class=\"elementor elementor-2282\" data-elementor-post-type=\"page\">\n\t\t\t\t<div data-particle_enable=\"false\" data-particle-mobile-disabled=\"false\" class=\"elementor-element elementor-element-4f1163db e-flex e-con-boxed e-con e-parent\" data-id=\"4f1163db\" data-element_type=\"container\" data-e-type=\"container\">\n\t\t\t\t\t<div class=\"e-con-inner\">\n\t\t\t\t<div class=\"elementor-element elementor-element-7b5511d9 elementor-widget elementor-widget-text-editor\" data-id=\"7b5511d9\" data-element_type=\"widget\" data-e-type=\"widget\" data-widget_type=\"text-editor.default\">\n\t\t\t\t<div class=\"elementor-widget-container\">\n\t\t\t\t\t\t\t\t\t<h2><span style=\"font-size: revert;\">Es gelten die folgenden Bedingungen:<\/span><\/h2><p>Die Lieferung erfolgt an Privatpersonen in Deutschland (\u00d6sterreich) und in den EU-L\u00e4ndern inkl. MwSt. des jeweiligen Mitgliedsstaates. Firmen und Institutionen werden steuerfrei beliefert (Umsatzsteuernummer muss vorhanden sein).<\/p><p>L\u00e4nder au\u00dferhalb der EU werden steuerfrei beliefert. Hier gelten die Z\u00f6lle und Steuern des jeweiligen Landes.<\/p><p>Versandkosten : Bitte nutzen Sie den Versandkostenrechner im Warenkorb, da die Kosten f\u00fcr jedes Land separat berechnet und versteuert werden.<\/p><p>Kostenloser Versand f\u00fcr Bestellungen \u00fcber 150 Euro (Deutschland und \u00d6sterreich)<\/p><h3>Lieferzeiten<\/h3><p>Sofern im jeweiligen Angebot keine andere Frist angegeben ist, erfolgt die Lieferung der Ware im Inland (\u00d6sterreich) innerhalb von 1-2 Tagen, bei Lieferungen ins Ausland innerhalb von 2-4 Tagen nach Vertragsabschluss (bei vereinbarter Vorauszahlung nach dem Datum Ihrer Zahlungsanweisung).<br \/>Bitte beachten Sie, dass an Sonn- und Feiertagen keine Lieferung erfolgt.<br \/>Wenn Sie Artikel mit unterschiedlichen Lieferzeiten bestellt haben, versenden wir die Ware in einer Sendung, es sei denn, wir haben mit Ihnen eine andere Vereinbarung getroffen. In diesem Fall richtet sich die Lieferzeit nach dem Artikel mit der l\u00e4ngsten Lieferzeit, den Sie bestellt haben.<\/p><h3>Versandmethoden<\/h3><p>GLS oder DPD als Standardversand f\u00fcr Bestellungen aus \u00d6sterreich und Deutschland. Andere EU-L\u00e4nder DPD und \u00d6sterreichische Post. L\u00e4nder au\u00dferhalb der EU: \u00d6sterreichische Post oder DHL Express.<\/p><p>Gef\u00e4hrliche G\u00fcter werden nur mit Fedex Hazmat versandt. Es gelten besondere Geb\u00fchren.<\/p>\t\t\t\t\t\t\t\t<\/div>\n\t\t\t\t<\/div>\n\t\t\t\t\t<\/div>\n\t\t\t\t<\/div>\n\t\t\t\t<\/div>","protected":false},"excerpt":{"rendered":"<p>The following conditions apply: Delivery is made to private individuals in Germany (Austria) and in the EU countries including VAT. [&hellip;]<\/p>\n","protected":false},"author":1,"featured_media":0,"parent":0,"menu_order":0,"comment_status":"closed","ping_status":"open","template":"","meta":{"_acf_changed":false,"site-sidebar-layout":"default","site-content-layout":"","ast-site-content-layout":"default","site-content-style":"default","site-sidebar-style":"default","ast-global-header-display":"","ast-banner-title-visibility":"","ast-main-header-display":"","ast-hfb-above-header-display":"","ast-hfb-below-header-display":"","ast-hfb-mobile-header-display":"","site-post-title":"","ast-breadcrumbs-content":"","ast-featured-img":"","footer-sml-layout":"","ast-disable-related-posts":"","theme-transparent-header-meta":"","adv-header-id-meta":"","stick-header-meta":"","header-above-stick-meta":"","header-main-stick-meta":"","header-below-stick-meta":"","astra-migrate-meta-layouts":"default","ast-page-background-enabled":"default","ast-page-background-meta":{"desktop":{"background-color":"var(--ast-global-color-5)","background-image":"","background-repeat":"repeat","background-position":"center center","background-size":"auto","background-attachment":"scroll","background-type":"","background-media":"","overlay-type":"","overlay-color":"","overlay-opacity":"","overlay-gradient":""},"tablet":{"background-color":"","background-image":"","background-repeat":"repeat","background-position":"center center","background-size":"auto","background-attachment":"scroll","background-type":"","background-media":"","overlay-type":"","overlay-color":"","overlay-opacity":"","overlay-gradient":""},"mobile":{"background-color":"","background-image":"","background-repeat":"repeat","background-position":"center center","background-size":"auto","background-attachment":"scroll","background-type":"","background-media":"","overlay-type":"","overlay-color":"","overlay-opacity":"","overlay-gradient":""}},"ast-content-background-meta":{"desktop":{"background-color":"var(--ast-global-color-4)","background-image":"","background-repeat":"repeat","background-position":"center center","background-size":"auto","background-attachment":"scroll","background-type":"","background-media":"","overlay-type":"","overlay-color":"","overlay-opacity":"","overlay-gradient":""},"tablet":{"background-color":"var(--ast-global-color-4)","background-image":"","background-repeat":"repeat","background-position":"center center","background-size":"auto","background-attachment":"scroll","background-type":"","background-media":"","overlay-type":"","overlay-color":"","overlay-opacity":"","overlay-gradient":""},"mobile":{"background-color":"var(--ast-global-color-4)","background-image":"","background-repeat":"repeat","background-position":"center center","background-size":"auto","background-attachment":"scroll","background-type":"","background-media":"","overlay-type":"","overlay-color":"","overlay-opacity":"","overlay-gradient":""}},"footnotes":""},"class_list":["post-2282","page","type-page","status-publish","hentry"],"acf":[],"_links":{"self":[{"href":"https:\/\/smart-elements.com\/de\/wp-json\/wp\/v2\/pages\/2282","targetHints":{"allow":["GET"]}}],"collection":[{"href":"https:\/\/smart-elements.com\/de\/wp-json\/wp\/v2\/pages"}],"about":[{"href":"https:\/\/smart-elements.com\/de\/wp-json\/wp\/v2\/types\/page"}],"author":[{"embeddable":true,"href":"https:\/\/smart-elements.com\/de\/wp-json\/wp\/v2\/users\/1"}],"replies":[{"embeddable":true,"href":"https:\/\/smart-elements.com\/de\/wp-json\/wp\/v2\/comments?post=2282"}],"version-history":[{"count":0,"href":"https:\/\/smart-elements.com\/de\/wp-json\/wp\/v2\/pages\/2282\/revisions"}],"wp:attachment":[{"href":"https:\/\/smart-elements.com\/de\/wp-json\/wp\/v2\/media?parent=2282"}],"curies":[{"name":"wp","href":"https:\/\/api.w.org\/{rel}","templated":true}]}}