{"id":2281,"date":"2025-04-29T13:10:34","date_gmt":"2025-04-29T13:10:34","guid":{"rendered":"http:\/\/88.99.60.177\/terms-conditions\/"},"modified":"2025-05-11T11:42:59","modified_gmt":"2025-05-11T11:42:59","slug":"bedingungen","status":"publish","type":"page","link":"https:\/\/smart-elements.com\/de\/terms-conditions\/","title":{"rendered":"Bedingungen und Konditionen"},"content":{"rendered":"<div data-elementor-type=\"wp-page\" data-elementor-id=\"2281\" class=\"elementor elementor-2281\" data-elementor-post-type=\"page\">\n\t\t\t\t\t\t<section data-particle_enable=\"false\" data-particle-mobile-disabled=\"false\" class=\"elementor-section elementor-top-section elementor-element elementor-element-3759ea05 elementor-section-boxed elementor-section-height-default elementor-section-height-default\" data-id=\"3759ea05\" data-element_type=\"section\" data-e-type=\"section\">\n\t\t\t\t\t\t<div class=\"elementor-container elementor-column-gap-default\">\n\t\t\t\t\t<div class=\"elementor-column elementor-col-100 elementor-top-column elementor-element elementor-element-6350c0c6\" data-id=\"6350c0c6\" data-element_type=\"column\" data-e-type=\"column\">\n\t\t\t<div class=\"elementor-widget-wrap elementor-element-populated\">\n\t\t\t\t\t\t<div class=\"elementor-element elementor-element-2a18f6df elementor-widget elementor-widget-text-editor\" data-id=\"2a18f6df\" data-element_type=\"widget\" data-e-type=\"widget\" data-widget_type=\"text-editor.default\">\n\t\t\t\t<div class=\"elementor-widget-container\">\n\t\t\t\t\t\t\t\t\t<h1><strong>Gesch\u00e4ftsbedingungen<\/strong><\/h1><p class=\"translation-block\"><a href=\"https:\/\/smart-elements.com\/de\/\" target=\"_blank\" rel=\"noreferrer noopener\">Smart-Elements GmbH<\/a><br>Ferrogasse 4 \/ I<br>1180 Wien \/ \u00d6sterreich<br>Internet: www.smart-elements.com<br>E-Mail: jbauer@ smart-elements.com <br>Gesch\u00e4ftsf\u00fchrer: Mag. Juergen Bauer<br>Handelsgericht Wien FN342082m<br>UID Nummer: ATU65594118<\/p><p>Willkommen bei Smart-Elements<\/p><p>Diese Allgemeinen Gesch\u00e4ftsbedingungen enthalten die Regeln und Vorschriften f\u00fcr die Nutzung der Website der smart-elements GmbH unter www.smart-elements.com.<\/p><p>Durch den Zugriff auf diese Website gehen wir davon aus, dass Sie diese Allgemeinen Gesch\u00e4ftsbedingungen akzeptieren. Verwenden Sie Smart-Elements nicht weiter, wenn Sie nicht einverstanden sind, alle auf dieser Seite aufgef\u00fchrten Bedingungen zu akzeptieren.<\/p><p>Die folgende Terminologie gilt f\u00fcr diese Allgemeinen Gesch\u00e4ftsbedingungen, die Datenschutzerkl\u00e4rung und den Haftungsausschluss sowie alle Vereinbarungen: \u201eKunde\u201c, \u201eSie\u201c und \u201eIhr\u201c beziehen sich auf Sie, die Person, die sich auf dieser Website anmeldet und den Gesch\u00e4ftsbedingungen des Unternehmens entspricht. \u201eDas Unternehmen\u201c, \u201eWir selbst\u201c, \u201eWir\u201c, \u201eUnser\u201c und \u201eWir\u201c beziehen sich auf unser Unternehmen. \u201ePartei\u201c, \u201eParteien\u201c oder \u201euns\u201c bezieht sich sowohl auf den Kunden als auch auf uns. Alle Bedingungen beziehen sich auf das Angebot, die Annahme und die Gegenleistung der Zahlung, die erforderlich sind, um den Prozess unserer Unterst\u00fctzung f\u00fcr den Kunden in der am besten geeigneten Weise durchzuf\u00fchren, um ausdr\u00fccklich die Bed\u00fcrfnisse des Kunden in Bezug auf die Erbringung der angegebenen Dienstleistungen des Unternehmens gem\u00e4\u00df zu erf\u00fcllen und vorbehaltlich des geltenden \u00f6sterreichischen Rechts. Jede Verwendung der obigen Terminologie oder anderer W\u00f6rter im Singular, Plural, Gro\u00df- und Kleinschreibung und \/ oder er \/ sie oder sie wird als austauschbar angesehen und bezieht sich daher auf diese.<\/p><p><strong>Vertragsschluss<\/strong><\/p><p>Der Kaufvertrag gilt als geschlossen, wenn der Verk\u00e4ufer nach Erhalt der Bestellung eine schriftliche Auftragsbest\u00e4tigung oder eine Lieferung abgesendet hat.<\/p><p><strong>Produktbestellung<\/strong><\/p><p class=\"translation-block\">Die auf dieser internationalen Seite angezeigten Preise sind in verschiedenen W\u00e4hrungen angegeben. Internationale Bestellungen willkommen. Die Preise verstehen sich mit Mehrwertsteuer von 20% (\u00d6sterreichische Steuer) f\u00fcr L\u00e4nder innerhalb der EU und k\u00f6nnen sich \u00e4ndern, wenn sich der geltende Mehrwertsteuersatz \u00e4ndert. Wir empfehlen Ihnen, sich vor Auftragsabschluss an Ihre \u00f6rtliche Zollbeh\u00f6rde zu wenden, um den Einstandspreis zu ermitteln. Alle Preise verstehen sich zuz\u00fcglich Porto und Verpackung, die nach dem Bestellvorgang zu den angegebenen Preisen berechnet werden.<\/p><p class=\"translation-block\">Im Falle einer Verz\u00f6gerung oder Wahrscheinlichkeit einer Verz\u00f6gerung bei der Lieferung von Produkten werden wir Sie so schnell wie m\u00f6glich informieren. Wenn die Produkte nicht innerhalb von 30 Tagen nach Ihrer Bestellung versandt werden k\u00f6nnen, werden wir Sie \u00fcber diese Verz\u00f6gerung informieren und Sie k\u00f6nnen Ihre Bestellung entweder stornieren oder eine weitere Vereinbarung mit uns treffen.<\/p><p>Wir behalten uns vor, die Bestellung zu stornieren, wenn Produkte nachbestellt werden m\u00fcssen und diese nicht zu den gleichen Konditionen oder Qualit\u00e4t erh\u00e4ltlich sind, insbesondere bei Preis\u00e4nderungen bei Edelmetallen. Nachbestellte Produkte sind auf der Webseite als solche gekennzeichnet. Ohne Angabe einer Lieferzeit betr\u00e4gt diese 4 Wochen.<\/p><p class=\"translation-block\">Wir behalten uns das Recht vor, jederzeit und nach eigenem Ermessen die Annahme von Bestellungen abzulehnen. Wenn Sie ein Widerrufsrecht f\u00fcr Ihre Bestellung aus\u00fcben, die Ware jedoch bereits versandt wurde, befolgen Sie bitte das unten beschriebene R\u00fcckgabeverfahren R\u00fccksendungen und Umtausch, die auch R\u00fcckerstattungen regelt.<\/p><h2><strong>Lieferung<\/strong><\/h2><p class=\"translation-block\">Lieferzeiten sind abh\u00e4ngig von der Lagerverf\u00fcgbarkeit und eventuellen Verz\u00f6gerungen aufgrund von Zahlungserm\u00e4chtigungen, Einhaltung von Zollkontrollen und andere Faktoren sind au\u00dferhalb unserer Kontrolle. Wir liefern Ihre Bestellung auf dem schnellstm\u00f6glichen Weg nach internationalem Gefahrgutrecht und zu den von Ihnen ausgew\u00e4hlten Versandkonditionen. Wir versenden nur in L\u00e4nder, die in unserem Checkout-Formular angegeben sind, und akzeptieren keine Bestellungen, die an einen Bestimmungsort au\u00dferhalb der aufgef\u00fchrten L\u00e4nder geliefert werden m\u00fcssen. W\u00e4hrend des Bestellvorgangs, wenn ein falsches Zielland ausgew\u00e4hlt wird oder die eingegebene Adresse nicht \u00fcbereinstimmt in das ausgew\u00e4hlte Land, wird die Bestellung storniert und eine Stornierungsmitteilung automatisch an Ihre angegebene E-Mail-Adresse gesendet.<\/p><p class=\"translation-block\">Alle Lieferungen erfordern eine Unterschrift. Bitte stellen Sie daher sicher, dass jemand f\u00fcr den empfang der Ware anwesend ist. Wenn Sie vorraussichtlich nicht in der Lage sind die Ware annehmen zu k\u00f6nnen, wenden Sie sich an den Kurier, um eine neue Lieferzeit zu vereinbaren. Sie haben auch die M\u00f6glichkeit, w\u00e4hrend des Bestellvorgangs spezielle Lieferanweisungen hinzuzuf\u00fcgen. F\u00fcr Lieferprobleme, die durch unvollst\u00e4ndige oder falsche Adressangaben von Ihnen entstehen, k\u00f6nnen wir keine Verantwortung \u00fcbernehmen. Es k\u00f6nnen weitere Kosten entstehen, die wir Ihnen verrechnen m\u00fcssen.<\/p><p class=\"translation-block\">Wenn Sie die Zustellung der Ware verhindern, indem Sie (zum Beispiel) dem Kurier oder Ihrem \u00f6rtlichen Zoll-, Finanzamt die erforderlichen Informationen nicht mitteilen oder Dokumentation oder Vers\u00e4umnis, lokale Zoll-, Steuer- oder Kurierverwaltungsgeb\u00fchren zu zahlen, und ihre Sendung an uns retourniert wird, werden die daraus resultierende R\u00fcckporto oder die anfallenden Verwaltungsgeb\u00fchren des Kuriers von dem R\u00fcckerstattungsbetrag abgezogen.<\/p><h2><strong>R\u00fcckgabe und Umtausch<\/strong><\/h2><p class=\"translation-block\">Wir bieten eine R\u00fcckerstattung oder einen Umtausch (sofern verf\u00fcgbar) f\u00fcr alle nicht verwendeten Waren \/ unge\u00f6ffneten Chemikalienchargen innerhalb von 14 Tagen nach Ankunft an. Sie m\u00fcssen die Ware zur\u00fccksenden mit unge\u00f6ffneter Originalverpackung zu uns. Sonder- und Sonderanfertigungen k\u00f6nnen nicht zur\u00fcckgegeben werden. Der Versand muss vollst\u00e4ndig bezahlt werden, andernfalls lehnen wir die R\u00fccksendung ab. Bitte beachten Sie, dass Sie gesetzlich verpflichtet sind, die Gegenst\u00e4nde angemessen zu behandeln, solange sie sich in Ihrem Besitz befinden, andernfalls haben wir m\u00f6glicherweise das Recht, einen Schadensersatzanspruch bzw. Wertminderung gegen Sie geltend zu machen. Wir empfehlen daher, dass Sie Ihre Artikel sicher und sicher verpacken, um Transportsch\u00e4den zu vermeiden. Senden Sie Ihr Paket zur\u00fcck an:<\/p><p><a href=\"https:\/\/s3-eu-west-1.amazonaws.com\/curated-shopping-group\/terms_en-DE.pdf\" target=\"_blank\" rel=\"noreferrer noopener\">Smart-Elements GmbH<\/a><br \/>Ferrogasse 4 \/ I<br \/>1180 Wien \/ \u00d6sterreich<\/p><h3><strong>Cookies<\/strong><\/h3><p>Wir verwenden Cookies. Durch den Zugriff auf smart-elements haben Sie zugestimmt, Cookies in \u00dcbereinstimmung mit den Datenschutzbestimmungen der smart-elements GmbH zu verwenden.<\/p><p>Die meisten interaktiven Websites verwenden Cookies, damit wir die Benutzerdaten f\u00fcr jeden Besuch abrufen k\u00f6nnen. Cookies werden von unserer Website verwendet, um die Funktionalit\u00e4t bestimmter Bereiche zu erm\u00f6glichen und den Besuchern unserer Website den Besuch zu erleichtern. Einige unserer Partner \/ Werbepartner verwenden m\u00f6glicherweise auch Cookies.<\/p><h3><strong>Lizenz<\/strong><\/h3><p>Sofern nicht anders angegeben, besitzen die smart-elements GmbH und \/ oder ihre Lizenzgeber die geistigen Eigentumsrechte f\u00fcr alle Materialien zu smart-elements. Alle Rechte an geistigem Eigentum sind vorbehalten. Sie k\u00f6nnen von smart-elements aus f\u00fcr Ihren pers\u00f6nlichen Gebrauch darauf zugreifen, sofern in diesen Nutzungsbedingungen Einschr\u00e4nkungen festgelegt sind.<\/p><p>Sie d\u00fcrfen nicht:<\/p><ul><li>Materialien (z. B. Bilder) weiterverwenden<\/li><li>Material (Bilder, Videos etc.) von smart-elements verkaufen, vermieten oder sub-lizensieren<\/li><li>Duplikate oder Kopien der Inhalte von smart-elements anfertigen<\/li><li>Inhalte von smart-elements weiterverteilen<\/li><\/ul><p>Diese Vereinbarung beginnt mit dem Datum dieser Vereinbarung.<\/p><p>Teile dieser Website bieten Benutzern die M\u00f6glichkeit, Meinungen und Informationen in bestimmten Bereichen der Website zu ver\u00f6ffentlichen und auszutauschen. Die smart-elements GmbH filtert, bearbeitet, ver\u00f6ffentlicht oder \u00fcberpr\u00fcft Kommentare nicht, bevor sie auf der Website erscheinen. Kommentare spiegeln nicht die Ansichten und Meinungen der smart-elements GmbH, ihrer Vertreter und \/ oder verbundenen Unternehmen wider. Kommentare spiegeln die Ansichten und Meinungen der Person wider, die ihre Ansichten und Meinungen ver\u00f6ffentlicht. Soweit gesetzlich zul\u00e4ssig, haftet die smart-elements GmbH nicht f\u00fcr die Kommentare oder f\u00fcr Haftung, Sch\u00e4den oder Aufwendungen, die durch die Nutzung und \/ oder Ver\u00f6ffentlichung von und \/ oder das Erscheinen der Kommentare auf dieser Website.<\/p><p>Die smart-elements GmbH beh\u00e4lt sich das Recht vor, alle Kommentare zu \u00fcberwachen und Kommentare zu entfernen, die als unangemessen, anst\u00f6\u00dfig oder als Versto\u00df gegen diese Allgemeinen Gesch\u00e4ftsbedingungen angesehen werden k\u00f6nnen.<\/p><p>Sie garantieren und vertreten Folgendes:<\/p><ul><li>Sie sind berechtigt, Kommentare auf unserer Website zu ver\u00f6ffentlichen und verf\u00fcgen \u00fcber alle erforderlichen Lizenzen und Einwilligungen, um dies zu tun.<\/li><li>Die Kommentare verletzen kein Recht an geistigem Eigentum, einschlie\u00dflich, jedoch nicht beschr\u00e4nkt auf Urheberrechte, Patente oder Marken Dritter.<\/li><li>Die Kommentare enthalten kein diffamierendes, verleumderisches, beleidigendes, unanst\u00e4ndiges oder anderweitig rechtswidriges Material, das eine Verletzung der Privatsph\u00e4re darstellt<\/li><li>Die Kommentare werden nicht dazu verwendet, gesch\u00e4ftliche oder kundenspezifische Aktivit\u00e4ten zu werben oder zu f\u00f6rdern oder kommerzielle Aktivit\u00e4ten oder rechtswidrige Aktivit\u00e4ten zu pr\u00e4sentieren.<\/li><\/ul><p>Hiermit erteilen Sie der smart-elements GmbH eine nicht ausschlie\u00dfliche Lizenz zur Nutzung, Vervielf\u00e4ltigung, Bearbeitung und Genehmigung anderer zur Nutzung, Vervielf\u00e4ltigung und Bearbeitung Ihrer Kommentare in allen Formen, Formaten oder Medien.<\/p><h3><strong>Hyperlinks zu unseren Inhalten<\/strong><\/h3><p>Die folgenden Organisationen d\u00fcrfen ohne vorherige schriftliche Genehmigung auf unsere Website verlinken:<\/p><ul><li>Staatliche Stellen;<\/li><li>Suchmaschinen;<\/li><li>Nachrichtenorganisationen;<\/li><li>Anbieter von Online-Verzeichnissen k\u00f6nnen auf unsere Website in der gleichen Weise verlinken, wie sie auf die Websites anderer gelisteter Unternehmen verlinken; und<\/li><li>Systemweit akkreditierte Unternehmen mit Ausnahme von gemeinn\u00fctzigen Organisationen, Wohlt\u00e4tigkeits-Einkaufszentren und Wohlt\u00e4tigkeits-Fundraising-Gruppen, die keine Hyperlinks zu unserer Website herstellen d\u00fcrfen.<\/li><\/ul><p>Diese Organisationen k\u00f6nnen einen Link zu unserer Homepage, zu Ver\u00f6ffentlichungen oder zu anderen Informationen auf der Website einrichten, solange der Link: (a) in keiner Weise irref\u00fchrend ist; (b) nicht f\u00e4lschlicherweise eine F\u00f6rderung, Bef\u00fcrwortung oder Genehmigung der verlinkenden Partei und ihrer Produkte und\/oder Dienstleistungen impliziert; und (c) in den Kontext der Website der verlinkenden Partei passt.<\/p><p>Wir k\u00f6nnen andere Linkanfragen von den folgenden Arten von Organisationen ber\u00fccksichtigen und genehmigen:<\/p><ul><li>allgemein bekannte Informationsquellen f\u00fcr Verbraucher und\/oder Unternehmen;<\/li><li>dot.com-Gemeinschaftsseiten;<\/li><li>Verb\u00e4nde oder andere Gruppen, die Wohlt\u00e4tigkeitsorganisationen vertreten;<\/li><li>Online-Verzeichnisse f\u00fcr H\u00e4ndler;<\/li><li>Internetportale;<\/li><li>Wirtschaftspr\u00fcfungs-, Rechtsanwalts- und Beratungsunternehmen und<\/li><li>Bildungseinrichtungen und Berufsverb\u00e4nde.<\/li><\/ul><p>Wir werden Linkanfragen von diesen Organisationen genehmigen, wenn wir entscheiden, dass: (a) der Link uns oder unsere akkreditierten Unternehmen nicht in ein schlechtes Licht r\u00fccken w\u00fcrde; (b) die Organisation keine negativen Eintr\u00e4ge bei uns hat; (c) der Nutzen, den wir aus der Sichtbarkeit des Hyperlinks ziehen, das Fehlen der smart-elements GmbH ausgleicht; und (d) der Link im Zusammenhang mit allgemeinen Informationen steht.<\/p><p>Diese Organisationen d\u00fcrfen auf unsere Homepage verlinken, solange der Link: (a) in keiner Weise irref\u00fchrend ist; (b) nicht f\u00e4lschlicherweise eine F\u00f6rderung, Bef\u00fcrwortung oder Genehmigung der verlinkenden Partei und ihrer Produkte oder Dienstleistungen impliziert; und (c) in den Kontext der Website der verlinkenden Partei passt.<\/p><p>Wenn Sie eine der in Absatz 2 genannten Organisationen sind und an einer Verlinkung zu unserer Website interessiert sind, m\u00fcssen Sie uns dies per E-Mail an die smart-elements GmbH mitteilen. Bitte f\u00fcgen Sie Ihren Namen, den Namen Ihrer Organisation, Kontaktinformationen sowie die URL Ihrer Website, eine Liste aller URLs, von denen Sie beabsichtigen, auf unsere Website zu verlinken, und eine Liste der URLs auf unserer Website, auf die Sie verlinken m\u00f6chten, bei. Warten Sie 2-3 Wochen auf eine Antwort.<\/p><p>Zugelassene Organisationen d\u00fcrfen Hyperlinks zu unserer Website wie folgt setzen:<\/p><ul><li>durch Verwendung unseres Firmennamens; oder<\/li><li>durch Verwendung des Uniform Resource Locator, auf den verlinkt wird; oder<\/li><li>Durch die Verwendung einer anderen Beschreibung unserer Website, auf die verlinkt wird, die im Kontext und im Format des Inhalts der Website der verlinkenden Partei sinnvoll ist.<\/li><\/ul><p>Die Verwendung des Logos oder anderer Grafiken der smart-elements GmbH zur Verlinkung ist ohne Markenlizenzvertrag nicht gestattet.<\/p><h3><strong>iFrames<\/strong><\/h3><p>Ohne vorherige Genehmigung und schriftliche Zustimmung d\u00fcrfen Sie keine Frames um unsere Webseiten herum erstellen, die die visuelle Pr\u00e4sentation oder das Aussehen unserer Website in irgendeiner Weise ver\u00e4ndern.<\/p><h3><strong>Inhaltliche Haftung<\/strong><\/h3><p>Wir sind nicht f\u00fcr Inhalte verantwortlich, die auf Ihrer Website erscheinen. Sie verpflichten sich, uns gegen alle Anspr\u00fcche zu sch\u00fctzen und zu verteidigen, die auf Ihrer Website erhoben werden. Es d\u00fcrfen keine Links auf einer Website erscheinen, die als verleumderisch, obsz\u00f6n oder kriminell ausgelegt werden k\u00f6nnen oder die Rechte Dritter verletzen oder anderweitig gegen sie versto\u00dfen oder die Verletzung oder anderweitige Verletzung von Rechten Dritter bef\u00fcrworten.<\/p><h3><strong>Ihr Datenschutz<\/strong><\/h3><p>Bitte lesen Sie die Datenschutzbestimmungen<\/p><h3><strong>Vorbehalt der Rechte<\/strong><\/h3><p>Wir behalten uns das Recht vor, Sie aufzufordern, alle Links oder einen bestimmten Link zu unserer Website zu entfernen. Sie verpflichten sich, alle Links zu unserer Website auf Verlangen unverz\u00fcglich zu entfernen. Wir behalten uns auch das Recht vor, diese Bedingungen und die Linkpolitik jederzeit zu \u00e4ndern. Durch die kontinuierliche Verkn\u00fcpfung mit unserer Website erkl\u00e4ren Sie sich damit einverstanden, an diese Verkn\u00fcpfungsbedingungen gebunden zu sein und diese zu befolgen.<\/p><h3><strong>Entfernung von Links von unserer Website<\/strong><\/h3><p>Wenn Sie einen Link auf unserer Website finden, der aus irgendeinem Grund anst\u00f6\u00dfig ist, k\u00f6nnen Sie uns jederzeit kontaktieren und informieren. Wir werden Anfragen zur Entfernung von Links pr\u00fcfen, sind aber nicht verpflichtet, dies zu tun oder Ihnen direkt zu antworten.<\/p><p>Wir \u00fcbernehmen keine Gew\u00e4hr f\u00fcr die Richtigkeit, Vollst\u00e4ndigkeit und Genauigkeit der Informationen auf dieser Website und versprechen auch nicht, dass die Website verf\u00fcgbar bleibt oder dass das Material auf der Website auf dem neuesten Stand gehalten wird.<\/p><h3><strong>Haftungsausschluss<\/strong><\/h3><p>Soweit dies nach geltendem Recht zul\u00e4ssig ist, schlie\u00dfen wir alle Zusicherungen, Gew\u00e4hrleistungen und Bedingungen in Bezug auf unsere Website und die Nutzung dieser Website aus. Nichts in diesem Haftungsausschluss wird:<\/p><ul><li>unsere oder Ihre Haftung f\u00fcr Tod oder K\u00f6rperverletzung zu begrenzen oder auszuschlie\u00dfen;<\/li><li>unsere oder Ihre Haftung f\u00fcr Betrug oder arglistige T\u00e4uschung zu begrenzen oder auszuschlie\u00dfen;<\/li><li>unsere oder Ihre Haftung in einer Weise zu beschr\u00e4nken, die nach geltendem Recht nicht zul\u00e4ssig ist; oder<\/li><li>unsere oder Ihre Haftung auszuschlie\u00dfen, die nach geltendem Recht nicht ausgeschlossen werden kann.<\/li><\/ul><p>Die in diesem Abschnitt und an anderen Stellen dieses Haftungsausschlusses festgelegten Haftungsbeschr\u00e4nkungen und -verbote: (a) unterliegen dem vorhergehenden Absatz; und (b) regeln alle Haftungen, die sich aus dem Haftungsausschluss ergeben, einschlie\u00dflich der Haftungen, die sich aus Vertr\u00e4gen, unerlaubten Handlungen und aus der Verletzung gesetzlicher Pflichten ergeben.<\/p><p>Solange die Website sowie die Informationen und Dienstleistungen auf der Website kostenlos zur Verf\u00fcgung gestellt werden, haften wir nicht f\u00fcr Verluste oder Sch\u00e4den jeglicher Art.<\/p>\t\t\t\t\t\t\t\t<\/div>\n\t\t\t\t<\/div>\n\t\t\t\t\t<\/div>\n\t\t<\/div>\n\t\t\t\t\t<\/div>\n\t\t<\/section>\n\t\t\t\t<\/div>","protected":false},"excerpt":{"rendered":"<p>Terms and Conditions Smart-Elements GmbHFerrogasse 4 \/ I1180 Vienna \/ AustriaInternet: www.smart-elements.comE-Mail: jbauer@ smart-elements.com Management: Mag. Juergen BauerRegistered office: ViennaRegistration: [&hellip;]<\/p>\n","protected":false},"author":1,"featured_media":0,"parent":0,"menu_order":0,"comment_status":"closed","ping_status":"open","template":"","meta":{"_acf_changed":false,"site-sidebar-layout":"default","site-content-layout":"","ast-site-content-layout":"default","site-content-style":"default","site-sidebar-style":"default","ast-global-header-display":"","ast-banner-title-visibility":"","ast-main-header-display":"","ast-hfb-above-header-display":"","ast-hfb-below-header-display":"","ast-hfb-mobile-header-display":"","site-post-title":"","ast-breadcrumbs-content":"","ast-featured-img":"","footer-sml-layout":"","ast-disable-related-posts":"","theme-transparent-header-meta":"","adv-header-id-meta":"","stick-header-meta":"","header-above-stick-meta":"","header-main-stick-meta":"","header-below-stick-meta":"","astra-migrate-meta-layouts":"default","ast-page-background-enabled":"default","ast-page-background-meta":{"desktop":{"background-color":"var(--ast-global-color-5)","background-image":"","background-repeat":"repeat","background-position":"center center","background-size":"auto","background-attachment":"scroll","background-type":"","background-media":"","overlay-type":"","overlay-color":"","overlay-opacity":"","overlay-gradient":""},"tablet":{"background-color":"","background-image":"","background-repeat":"repeat","background-position":"center center","background-size":"auto","background-attachment":"scroll","background-type":"","background-media":"","overlay-type":"","overlay-color":"","overlay-opacity":"","overlay-gradient":""},"mobile":{"background-color":"","background-image":"","background-repeat":"repeat","background-position":"center center","background-size":"auto","background-attachment":"scroll","background-type":"","background-media":"","overlay-type":"","overlay-color":"","overlay-opacity":"","overlay-gradient":""}},"ast-content-background-meta":{"desktop":{"background-color":"var(--ast-global-color-4)","background-image":"","background-repeat":"repeat","background-position":"center center","background-size":"auto","background-attachment":"scroll","background-type":"","background-media":"","overlay-type":"","overlay-color":"","overlay-opacity":"","overlay-gradient":""},"tablet":{"background-color":"var(--ast-global-color-4)","background-image":"","background-repeat":"repeat","background-position":"center center","background-size":"auto","background-attachment":"scroll","background-type":"","background-media":"","overlay-type":"","overlay-color":"","overlay-opacity":"","overlay-gradient":""},"mobile":{"background-color":"var(--ast-global-color-4)","background-image":"","background-repeat":"repeat","background-position":"center center","background-size":"auto","background-attachment":"scroll","background-type":"","background-media":"","overlay-type":"","overlay-color":"","overlay-opacity":"","overlay-gradient":""}},"footnotes":""},"class_list":["post-2281","page","type-page","status-publish","hentry"],"acf":[],"_links":{"self":[{"href":"https:\/\/smart-elements.com\/de\/wp-json\/wp\/v2\/pages\/2281","targetHints":{"allow":["GET"]}}],"collection":[{"href":"https:\/\/smart-elements.com\/de\/wp-json\/wp\/v2\/pages"}],"about":[{"href":"https:\/\/smart-elements.com\/de\/wp-json\/wp\/v2\/types\/page"}],"author":[{"embeddable":true,"href":"https:\/\/smart-elements.com\/de\/wp-json\/wp\/v2\/users\/1"}],"replies":[{"embeddable":true,"href":"https:\/\/smart-elements.com\/de\/wp-json\/wp\/v2\/comments?post=2281"}],"version-history":[{"count":0,"href":"https:\/\/smart-elements.com\/de\/wp-json\/wp\/v2\/pages\/2281\/revisions"}],"wp:attachment":[{"href":"https:\/\/smart-elements.com\/de\/wp-json\/wp\/v2\/media?parent=2281"}],"curies":[{"name":"wp","href":"https:\/\/api.w.org\/{rel}","templated":true}]}}