{"id":2273,"date":"2025-04-29T13:10:34","date_gmt":"2025-04-29T13:10:34","guid":{"rendered":"http:\/\/88.99.60.177\/periodic-table-displays\/"},"modified":"2026-01-14T13:58:23","modified_gmt":"2026-01-14T12:58:23","slug":"periodensystem-anzeigen","status":"publish","type":"page","link":"https:\/\/smart-elements.com\/de\/periodic-table-displays\/","title":{"rendered":"Periodensysteme"},"content":{"rendered":"<div data-elementor-type=\"wp-page\" data-elementor-id=\"2273\" class=\"elementor elementor-2273\" data-elementor-post-type=\"page\">\n\t\t\t\t\t\t<section data-particle_enable=\"false\" data-particle-mobile-disabled=\"false\" class=\"elementor-section elementor-top-section elementor-element elementor-element-37297820 elementor-section-boxed elementor-section-height-default elementor-section-height-default\" data-id=\"37297820\" data-element_type=\"section\" data-e-type=\"section\" data-settings=\"{&quot;background_background&quot;:&quot;classic&quot;}\">\n\t\t\t\t\t\t<div class=\"elementor-container elementor-column-gap-default\">\n\t\t\t\t\t<div class=\"elementor-column elementor-col-100 elementor-top-column elementor-element elementor-element-2b78b8cf\" data-id=\"2b78b8cf\" data-element_type=\"column\" data-e-type=\"column\">\n\t\t\t<div class=\"elementor-widget-wrap elementor-element-populated\">\n\t\t\t\t\t\t<div class=\"elementor-element elementor-element-7e61a807 elementor-widget elementor-widget-heading\" data-id=\"7e61a807\" data-element_type=\"widget\" data-e-type=\"widget\" data-widget_type=\"heading.default\">\n\t\t\t\t<div class=\"elementor-widget-container\">\n\t\t\t\t\t<h2 class=\"elementor-heading-title elementor-size-default\">Periodensysteme<\/h2>\t\t\t\t<\/div>\n\t\t\t\t<\/div>\n\t\t\t\t<section data-particle_enable=\"false\" data-particle-mobile-disabled=\"false\" class=\"elementor-section elementor-inner-section elementor-element elementor-element-1f467702 elementor-section-full_width elementor-section-height-default elementor-section-height-default\" data-id=\"1f467702\" data-element_type=\"section\" data-e-type=\"section\" data-settings=\"{&quot;background_background&quot;:&quot;classic&quot;}\">\n\t\t\t\t\t\t<div class=\"elementor-container elementor-column-gap-default\">\n\t\t\t\t\t<div class=\"elementor-column elementor-col-33 elementor-inner-column elementor-element elementor-element-18637d3f\" data-id=\"18637d3f\" data-element_type=\"column\" data-e-type=\"column\">\n\t\t\t<div class=\"elementor-widget-wrap elementor-element-populated\">\n\t\t\t\t\t\t<div class=\"elementor-element elementor-element-2e61d307 elementor-widget elementor-widget-image\" data-id=\"2e61d307\" data-element_type=\"widget\" data-e-type=\"widget\" data-widget_type=\"image.default\">\n\t\t\t\t<div class=\"elementor-widget-container\">\n\t\t\t\t\t\t\t\t\t\t\t\t\t\t\t\t<a href=\"https:\/\/smart-elements.com\/de\/shop\/display\/\">\n\t\t\t\t\t\t\t<img fetchpriority=\"high\" decoding=\"async\" width=\"768\" height=\"504\" src=\"https:\/\/smart-elements.com\/wp-content\/uploads\/2026\/01\/Display-1024x672-1-768x504.jpg\" class=\"attachment-medium_large size-medium_large wp-image-49506\" alt=\"\" srcset=\"https:\/\/smart-elements.com\/wp-content\/uploads\/2026\/01\/Display-1024x672-1-768x504.jpg 768w, https:\/\/smart-elements.com\/wp-content\/uploads\/2026\/01\/Display-1024x672-1-300x197.jpg 300w, https:\/\/smart-elements.com\/wp-content\/uploads\/2026\/01\/Display-1024x672-1-18x12.jpg 18w, https:\/\/smart-elements.com\/wp-content\/uploads\/2026\/01\/Display-1024x672-1-600x394.jpg 600w, https:\/\/smart-elements.com\/wp-content\/uploads\/2026\/01\/Display-1024x672-1.jpg 1024w\" sizes=\"(max-width: 768px) 100vw, 768px\" \/>\t\t\t\t\t\t\t\t<\/a>\n\t\t\t\t\t\t\t\t\t\t\t\t\t\t\t<\/div>\n\t\t\t\t<\/div>\n\t\t\t\t\t<\/div>\n\t\t<\/div>\n\t\t\t\t<div class=\"elementor-column elementor-col-66 elementor-inner-column elementor-element elementor-element-12f43c24\" data-id=\"12f43c24\" data-element_type=\"column\" data-e-type=\"column\">\n\t\t\t<div class=\"elementor-widget-wrap elementor-element-populated\">\n\t\t\t\t\t\t<div class=\"elementor-element elementor-element-64824632 elementor-widget elementor-widget-text-editor\" data-id=\"64824632\" data-element_type=\"widget\" data-e-type=\"widget\" data-widget_type=\"text-editor.default\">\n\t\t\t\t<div class=\"elementor-widget-container\">\n\t\t\t\t\t\t\t\t\t<h2><strong><span style=\"color: #ff6600;\">Technologie trifft auf Leidenschaft und Perfektion<\/span><\/strong><\/h2><h2>Luxuri\u00f6ses, an der Wand montiertes Periodentisch-Display mit LED-Beleuchtung<\/h2><p>Gr\u00f6\u00dfe: 1465 x 800 x 32 mm.<\/p><p><strong>118 F\u00e4cher f\u00fcr unsere Acrylw\u00fcrfel, zweiseitig beleuchtet durch Power-LEDs<\/strong><\/p><p>Beleuchtung: Wei\u00dfe Tageslicht-LED. Frontmaterial: geb\u00fcrstetes schwarzes Acryl oder Holz (andere Farben und Materialien auf Anfrage erh\u00e4ltlich). Rahmen: verchromtes Aluminium<\/p><p><span style=\"color: #ff6600;\">Interaktive Leuchttafeln mit programmierbaren RGBW-LEDs, bei denen einzelne Elemente, Gruppen usw. \u00fcber eine Android-App oder eine Webanwendung beleuchtet werden k\u00f6nnen.<\/span><\/p>\t\t\t\t\t\t\t\t<\/div>\n\t\t\t\t<\/div>\n\t\t\t\t\t<\/div>\n\t\t<\/div>\n\t\t\t\t\t<\/div>\n\t\t<\/section>\n\t\t<a class=\"eael-wrapper-link-7328bb27 --eael-wrapper-link-tag\" href=\"https:\/\/smart-elements.com\/de\/shop\/display\/\"><\/a>\t\t<div data-eael-wrapper-link=\"eael-wrapper-link-7328bb27\" class=\"elementor-element elementor-element-7328bb27 elementor-widget elementor-widget-gallery\" data-id=\"7328bb27\" data-element_type=\"widget\" data-e-type=\"widget\" data-settings=\"{&quot;lazyload&quot;:&quot;yes&quot;,&quot;gallery_layout&quot;:&quot;grid&quot;,&quot;columns&quot;:4,&quot;columns_tablet&quot;:2,&quot;columns_mobile&quot;:1,&quot;gap&quot;:{&quot;unit&quot;:&quot;px&quot;,&quot;size&quot;:10,&quot;sizes&quot;:[]},&quot;gap_tablet&quot;:{&quot;unit&quot;:&quot;px&quot;,&quot;size&quot;:10,&quot;sizes&quot;:[]},&quot;gap_mobile&quot;:{&quot;unit&quot;:&quot;px&quot;,&quot;size&quot;:10,&quot;sizes&quot;:[]},&quot;link_to&quot;:&quot;file&quot;,&quot;aspect_ratio&quot;:&quot;3:2&quot;,&quot;overlay_background&quot;:&quot;yes&quot;,&quot;content_hover_animation&quot;:&quot;fade-in&quot;}\" data-widget_type=\"gallery.default\">\n\t\t\t\t<div class=\"elementor-widget-container\">\n\t\t\t\t\t\t\t<div class=\"elementor-gallery__container\">\n\t\t\t\t\t\t\t<a class=\"e-gallery-item elementor-gallery-item elementor-animated-content\" href=\"https:\/\/smart-elements.com\/wp-content\/uploads\/2026\/01\/PSE_interaktiv-scaled-1.jpg\" data-elementor-open-lightbox=\"yes\" data-elementor-lightbox-slideshow=\"7328bb27\" data-elementor-lightbox-title=\"PSE_interaktiv-scaled\" data-e-action-hash=\"#elementor-action%3Aaction%3Dlightbox%26settings%3DeyJpZCI6NDk1MjUsInVybCI6Imh0dHBzOlwvXC9zbWFydC1lbGVtZW50cy5jb21cL3dwLWNvbnRlbnRcL3VwbG9hZHNcLzIwMjZcLzAxXC9QU0VfaW50ZXJha3Rpdi1zY2FsZWQtMS5qcGciLCJzbGlkZXNob3ciOiI3MzI4YmIyNyJ9\">\n\t\t\t\t\t<div class=\"e-gallery-image elementor-gallery-item__image\" data-thumbnail=\"https:\/\/smart-elements.com\/wp-content\/uploads\/2026\/01\/PSE_interaktiv-scaled-1-300x188.jpg\" data-width=\"300\" data-height=\"188\" aria-label=\"\" role=\"img\" ><\/div>\n\t\t\t\t\t\t\t\t\t\t\t<div class=\"elementor-gallery-item__overlay\"><\/div>\n\t\t\t\t\t\t\t\t\t\t\t\t\t\t<\/a>\n\t\t\t\t\t\t\t<a class=\"e-gallery-item elementor-gallery-item elementor-animated-content\" href=\"https:\/\/smart-elements.com\/wp-content\/uploads\/2026\/01\/smart-elements_web1200px_03.jpg\" data-elementor-open-lightbox=\"yes\" data-elementor-lightbox-slideshow=\"7328bb27\" data-elementor-lightbox-title=\"smart-elements_web1200px_03\" data-e-action-hash=\"#elementor-action%3Aaction%3Dlightbox%26settings%3DeyJpZCI6NDk1MjQsInVybCI6Imh0dHBzOlwvXC9zbWFydC1lbGVtZW50cy5jb21cL3dwLWNvbnRlbnRcL3VwbG9hZHNcLzIwMjZcLzAxXC9zbWFydC1lbGVtZW50c193ZWIxMjAwcHhfMDMuanBnIiwic2xpZGVzaG93IjoiNzMyOGJiMjcifQ%3D%3D\">\n\t\t\t\t\t<div class=\"e-gallery-image elementor-gallery-item__image\" data-thumbnail=\"https:\/\/smart-elements.com\/wp-content\/uploads\/2026\/01\/smart-elements_web1200px_03-300x200.jpg\" data-width=\"300\" data-height=\"200\" aria-label=\"\" role=\"img\" ><\/div>\n\t\t\t\t\t\t\t\t\t\t\t<div class=\"elementor-gallery-item__overlay\"><\/div>\n\t\t\t\t\t\t\t\t\t\t\t\t\t\t<\/a>\n\t\t\t\t\t\t\t<a class=\"e-gallery-item elementor-gallery-item elementor-animated-content\" href=\"https:\/\/smart-elements.com\/wp-content\/uploads\/2025\/02\/PSE_wood10001x750.jpg\" data-elementor-open-lightbox=\"yes\" data-elementor-lightbox-slideshow=\"7328bb27\" data-elementor-lightbox-title=\"PSE_wood10001x750\" data-e-action-hash=\"#elementor-action%3Aaction%3Dlightbox%26settings%3DeyJpZCI6NDA2ODUsInVybCI6Imh0dHBzOlwvXC9zbWFydC1lbGVtZW50cy5jb21cL3dwLWNvbnRlbnRcL3VwbG9hZHNcLzIwMjVcLzAyXC9QU0Vfd29vZDEwMDAxeDc1MC5qcGciLCJzbGlkZXNob3ciOiI3MzI4YmIyNyJ9\">\n\t\t\t\t\t<div class=\"e-gallery-image elementor-gallery-item__image\" data-thumbnail=\"https:\/\/smart-elements.com\/wp-content\/uploads\/2025\/02\/PSE_wood10001x750-300x225.jpg\" data-width=\"300\" data-height=\"225\" aria-label=\"\" role=\"img\" ><\/div>\n\t\t\t\t\t\t\t\t\t\t\t<div class=\"elementor-gallery-item__overlay\"><\/div>\n\t\t\t\t\t\t\t\t\t\t\t\t\t\t<\/a>\n\t\t\t\t\t\t\t<a class=\"e-gallery-item elementor-gallery-item elementor-animated-content\" href=\"https:\/\/smart-elements.com\/wp-content\/uploads\/2026\/01\/10856564_838186239590614_7314973556682722856_o.jpg\" data-elementor-open-lightbox=\"yes\" data-elementor-lightbox-slideshow=\"7328bb27\" data-elementor-lightbox-title=\"10856564_838186239590614_7314973556682722856_o.jpg\" data-e-action-hash=\"#elementor-action%3Aaction%3Dlightbox%26settings%3DeyJpZCI6NDgzODIsInVybCI6Imh0dHBzOlwvXC9zbWFydC1lbGVtZW50cy5jb21cL3dwLWNvbnRlbnRcL3VwbG9hZHNcLzIwMjZcLzAxXC8xMDg1NjU2NF84MzgxODYyMzk1OTA2MTRfNzMxNDk3MzU1NjY4MjcyMjg1Nl9vLmpwZyIsInNsaWRlc2hvdyI6IjczMjhiYjI3In0%3D\">\n\t\t\t\t\t<div class=\"e-gallery-image elementor-gallery-item__image\" data-thumbnail=\"https:\/\/smart-elements.com\/wp-content\/uploads\/2026\/01\/10856564_838186239590614_7314973556682722856_o-300x168.jpg\" data-width=\"300\" data-height=\"168\" aria-label=\"\" role=\"img\" ><\/div>\n\t\t\t\t\t\t\t\t\t\t\t<div class=\"elementor-gallery-item__overlay\"><\/div>\n\t\t\t\t\t\t\t\t\t\t\t\t\t\t<\/a>\n\t\t\t\t\t<\/div>\n\t\t\t\t\t<\/div>\n\t\t\t\t<\/div>\n\t\t\t\t<div class=\"elementor-element elementor-element-179d302 elementor-widget elementor-widget-text-editor\" data-id=\"179d302\" data-element_type=\"widget\" data-e-type=\"widget\" data-widget_type=\"text-editor.default\">\n\t\t\t\t<div class=\"elementor-widget-container\">\n\t\t\t\t\t\t\t\t\t<p><span style=\"color: #ffffff;\">In einer Welt der Massenproduktion und des Hochgeschwindigkeitslebens bilden die chemischen Elemente einen archaischen Gegenpol: Sie sind eine klar definierte, messbare und unmanipulierbare Ressource.\u00a0<\/span><span style=\"color: #ffffff; background-color: transparent; font-size: 1rem;\">In unserem Labor verwenden wir nur Materialien von h\u00f6chster Qualit\u00e4t. Wir arbeiten mit renommierten Wissenschaftlern, Designern und K\u00fcnstlern zusammen, um der gro\u00dfen Verantwortung gerecht zu werden.<\/span><\/p><p><span style=\"color: #6699ff;\">Unsere Elementproben werden in vielen wichtigen und ber\u00fchmten Periodensystem-Sammlungen auf der ganzen Welt verwendet!<\/span><\/p>\t\t\t\t\t\t\t\t<\/div>\n\t\t\t\t<\/div>\n\t\t\t\t\t<\/div>\n\t\t<\/div>\n\t\t\t\t\t<\/div>\n\t\t<\/section>\n\t\t\t\t<section data-particle_enable=\"false\" data-particle-mobile-disabled=\"false\" class=\"elementor-section elementor-top-section elementor-element elementor-element-5c16f478 elementor-section-boxed elementor-section-height-default elementor-section-height-default\" data-id=\"5c16f478\" data-element_type=\"section\" data-e-type=\"section\">\n\t\t\t\t\t\t<div class=\"elementor-container elementor-column-gap-default\">\n\t\t\t\t\t<div class=\"elementor-column elementor-col-100 elementor-top-column elementor-element elementor-element-cc7b7de\" data-id=\"cc7b7de\" data-element_type=\"column\" data-e-type=\"column\">\n\t\t\t<div class=\"elementor-widget-wrap elementor-element-populated\">\n\t\t\t\t\t\t<div class=\"elementor-element elementor-element-622f3831 elementor-grid-4 elementor-grid-tablet-2 elementor-grid-mobile-1 elementor-widget elementor-widget-portfolio\" data-id=\"622f3831\" data-element_type=\"widget\" data-e-type=\"widget\" data-settings=\"{&quot;columns&quot;:&quot;4&quot;,&quot;masonry&quot;:&quot;yes&quot;,&quot;row_gap&quot;:{&quot;unit&quot;:&quot;px&quot;,&quot;size&quot;:9,&quot;sizes&quot;:[]},&quot;columns_tablet&quot;:&quot;2&quot;,&quot;columns_mobile&quot;:&quot;1&quot;,&quot;item_gap&quot;:{&quot;unit&quot;:&quot;px&quot;,&quot;size&quot;:&quot;&quot;,&quot;sizes&quot;:[]}}\" data-widget_type=\"portfolio.default\">\n\t\t\t\t<div class=\"elementor-widget-container\">\n\t\t\t\t\t\t\t<div class=\"elementor-portfolio elementor-grid elementor-posts-container\" role=\"list\">\n\t\t\t\t<article class=\"elementor-portfolio-item elementor-post  post-39055 product type-product status-publish has-post-thumbnail product_cat-elements-in-acrylic-cubes product_cat-yb desktop-align-left tablet-align-left mobile-align-left ast-product-gallery-layout-horizontal-slider first instock taxable shipping-taxable purchasable product-type-simple\" role=\"listitem\">\n\t\t\t<a class=\"elementor-post__thumbnail__link\" href=\"https:\/\/smart-elements.com\/de\/shop\/acrylic-element-cube-ytterbium-yb-pieces-50mm\/\">\n\t\t\t\t<div class=\"elementor-portfolio-item__img elementor-post__thumbnail\">\n\t\t\t<img decoding=\"async\" width=\"300\" height=\"225\" src=\"https:\/\/smart-elements.com\/wp-content\/uploads\/2026\/01\/Yb_Acryl1000x750-300x225.jpg\" class=\"attachment-medium size-medium wp-image-48269\" alt=\"\" srcset=\"https:\/\/smart-elements.com\/wp-content\/uploads\/2026\/01\/Yb_Acryl1000x750-300x225.jpg 300w, https:\/\/smart-elements.com\/wp-content\/uploads\/2026\/01\/Yb_Acryl1000x750-768x576.jpg 768w, https:\/\/smart-elements.com\/wp-content\/uploads\/2026\/01\/Yb_Acryl1000x750-16x12.jpg 16w, https:\/\/smart-elements.com\/wp-content\/uploads\/2026\/01\/Yb_Acryl1000x750-600x450.jpg 600w, https:\/\/smart-elements.com\/wp-content\/uploads\/2026\/01\/Yb_Acryl1000x750.jpg 1000w\" sizes=\"(max-width: 300px) 100vw, 300px\" data-xoowscfly=\"fly\" \/>\t\t<\/div>\n\t\t\t\t<div class=\"elementor-portfolio-item__overlay\">\n\t\t\t\t<h3 class=\"elementor-portfolio-item__title\">\n\t\tAcrylelement-W\u00fcrfel - Ytterbium-Yb-St\u00fccke - 50mm\t\t<\/h3>\n\t\t\t\t<\/div>\n\t\t\t\t<\/a>\n\t\t<\/article>\n\t\t\t\t<article class=\"elementor-portfolio-item elementor-post  post-39054 product type-product status-publish has-post-thumbnail product_cat-elements-in-acrylic-cubes product_cat-er desktop-align-left tablet-align-left mobile-align-left ast-product-gallery-layout-horizontal-slider instock taxable shipping-taxable purchasable product-type-simple\" role=\"listitem\">\n\t\t\t<a class=\"elementor-post__thumbnail__link\" href=\"https:\/\/smart-elements.com\/de\/shop\/acrylic-element-cube-erbium-er-50mm-3\/\">\n\t\t\t\t<div class=\"elementor-portfolio-item__img elementor-post__thumbnail\">\n\t\t\t<img decoding=\"async\" width=\"300\" height=\"225\" src=\"https:\/\/smart-elements.com\/wp-content\/uploads\/2026\/01\/Er_Acryl31000x750-300x225.jpg\" class=\"attachment-medium size-medium wp-image-49463\" alt=\"\" srcset=\"https:\/\/smart-elements.com\/wp-content\/uploads\/2026\/01\/Er_Acryl31000x750-300x225.jpg 300w, https:\/\/smart-elements.com\/wp-content\/uploads\/2026\/01\/Er_Acryl31000x750-768x576.jpg 768w, https:\/\/smart-elements.com\/wp-content\/uploads\/2026\/01\/Er_Acryl31000x750-16x12.jpg 16w, https:\/\/smart-elements.com\/wp-content\/uploads\/2026\/01\/Er_Acryl31000x750-600x450.jpg 600w, https:\/\/smart-elements.com\/wp-content\/uploads\/2026\/01\/Er_Acryl31000x750.jpg 1000w\" sizes=\"(max-width: 300px) 100vw, 300px\" data-xoowscfly=\"fly\" \/>\t\t<\/div>\n\t\t\t\t<div class=\"elementor-portfolio-item__overlay\">\n\t\t\t\t<h3 class=\"elementor-portfolio-item__title\">\n\t\tAcrylelement-W\u00fcrfel - Erbium Er - 50mm #3\t\t<\/h3>\n\t\t\t\t<\/div>\n\t\t\t\t<\/a>\n\t\t<\/article>\n\t\t\t\t<article class=\"elementor-portfolio-item elementor-post  post-39053 product type-product status-publish has-post-thumbnail product_cat-cd product_cat-elements-in-acrylic-cubes desktop-align-left tablet-align-left mobile-align-left ast-product-gallery-layout-horizontal-slider last instock taxable shipping-taxable purchasable product-type-simple\" role=\"listitem\">\n\t\t\t<a class=\"elementor-post__thumbnail__link\" href=\"https:\/\/smart-elements.com\/de\/shop\/acrylic-element-cube-cadmium-cd-ingot-50mm\/\">\n\t\t\t\t<div class=\"elementor-portfolio-item__img elementor-post__thumbnail\">\n\t\t\t<img loading=\"lazy\" decoding=\"async\" width=\"300\" height=\"225\" src=\"https:\/\/smart-elements.com\/wp-content\/uploads\/2026\/01\/Cd_Acryl1000x750-300x225.jpg\" class=\"attachment-medium size-medium wp-image-49462\" alt=\"\" srcset=\"https:\/\/smart-elements.com\/wp-content\/uploads\/2026\/01\/Cd_Acryl1000x750-300x225.jpg 300w, https:\/\/smart-elements.com\/wp-content\/uploads\/2026\/01\/Cd_Acryl1000x750-768x576.jpg 768w, https:\/\/smart-elements.com\/wp-content\/uploads\/2026\/01\/Cd_Acryl1000x750-16x12.jpg 16w, https:\/\/smart-elements.com\/wp-content\/uploads\/2026\/01\/Cd_Acryl1000x750-600x450.jpg 600w, https:\/\/smart-elements.com\/wp-content\/uploads\/2026\/01\/Cd_Acryl1000x750.jpg 1000w\" sizes=\"(max-width: 300px) 100vw, 300px\" data-xoowscfly=\"fly\" \/>\t\t<\/div>\n\t\t\t\t<div class=\"elementor-portfolio-item__overlay\">\n\t\t\t\t<h3 class=\"elementor-portfolio-item__title\">\n\t\tAcrylelement-W\u00fcrfel - Cadmium-Cd-Barren - 50 mm\t\t<\/h3>\n\t\t\t\t<\/div>\n\t\t\t\t<\/a>\n\t\t<\/article>\n\t\t\t\t<article class=\"elementor-portfolio-item elementor-post  post-39051 product type-product status-publish has-post-thumbnail product_cat-c product_cat-elements-in-acrylic-cubes desktop-align-left tablet-align-left mobile-align-left ast-product-gallery-layout-horizontal-slider first instock taxable shipping-taxable purchasable product-type-simple\" role=\"listitem\">\n\t\t\t<a class=\"elementor-post__thumbnail__link\" href=\"https:\/\/smart-elements.com\/de\/shop\/acrylic-element-cube-carbon-c-50mm\/\">\n\t\t\t\t<div class=\"elementor-portfolio-item__img elementor-post__thumbnail\">\n\t\t\t<img loading=\"lazy\" decoding=\"async\" width=\"300\" height=\"225\" src=\"https:\/\/smart-elements.com\/wp-content\/uploads\/2026\/01\/C_Acryl1800x6001-300x225.jpg\" class=\"attachment-medium size-medium wp-image-49460\" alt=\"\" srcset=\"https:\/\/smart-elements.com\/wp-content\/uploads\/2026\/01\/C_Acryl1800x6001-300x225.jpg 300w, https:\/\/smart-elements.com\/wp-content\/uploads\/2026\/01\/C_Acryl1800x6001-768x576.jpg 768w, https:\/\/smart-elements.com\/wp-content\/uploads\/2026\/01\/C_Acryl1800x6001-16x12.jpg 16w, https:\/\/smart-elements.com\/wp-content\/uploads\/2026\/01\/C_Acryl1800x6001-600x450.jpg 600w, https:\/\/smart-elements.com\/wp-content\/uploads\/2026\/01\/C_Acryl1800x6001.jpg 800w\" sizes=\"(max-width: 300px) 100vw, 300px\" data-xoowscfly=\"fly\" \/>\t\t<\/div>\n\t\t\t\t<div class=\"elementor-portfolio-item__overlay\">\n\t\t\t\t<h3 class=\"elementor-portfolio-item__title\">\n\t\tAcrylelement-W\u00fcrfel - Kohlenstoff C - 50mm\t\t<\/h3>\n\t\t\t\t<\/div>\n\t\t\t\t<\/a>\n\t\t<\/article>\n\t\t\t\t<article class=\"elementor-portfolio-item elementor-post  post-7075 product type-product status-publish has-post-thumbnail product_cat-elements-in-acrylic-cubes product_cat-ge desktop-align-left tablet-align-left mobile-align-left ast-product-gallery-layout-horizontal-slider instock taxable shipping-taxable purchasable product-type-simple\" role=\"listitem\">\n\t\t\t<a class=\"elementor-post__thumbnail__link\" href=\"https:\/\/smart-elements.com\/de\/shop\/acrylic-element-cube-germanium-disc-ge-50mm\/\">\n\t\t\t\t<div class=\"elementor-portfolio-item__img elementor-post__thumbnail\">\n\t\t\t<img loading=\"lazy\" decoding=\"async\" width=\"300\" height=\"225\" src=\"https:\/\/smart-elements.com\/wp-content\/uploads\/2026\/01\/Ge_Acryl1000x750-300x225.jpg\" class=\"attachment-medium size-medium wp-image-49429\" alt=\"\" srcset=\"https:\/\/smart-elements.com\/wp-content\/uploads\/2026\/01\/Ge_Acryl1000x750-300x225.jpg 300w, https:\/\/smart-elements.com\/wp-content\/uploads\/2026\/01\/Ge_Acryl1000x750-768x576.jpg 768w, https:\/\/smart-elements.com\/wp-content\/uploads\/2026\/01\/Ge_Acryl1000x750-16x12.jpg 16w, https:\/\/smart-elements.com\/wp-content\/uploads\/2026\/01\/Ge_Acryl1000x750-600x450.jpg 600w, https:\/\/smart-elements.com\/wp-content\/uploads\/2026\/01\/Ge_Acryl1000x750.jpg 1000w\" sizes=\"(max-width: 300px) 100vw, 300px\" data-xoowscfly=\"fly\" \/>\t\t<\/div>\n\t\t\t\t<div class=\"elementor-portfolio-item__overlay\">\n\t\t\t\t<h3 class=\"elementor-portfolio-item__title\">\n\t\tAcrylw\u00fcrfel Germanium Scheibe - 50mm\t\t<\/h3>\n\t\t\t\t<\/div>\n\t\t\t\t<\/a>\n\t\t<\/article>\n\t\t\t\t<\/div>\n\t\t\t\t\t\t<\/div>\n\t\t\t\t<\/div>\n\t\t\t\t\t<\/div>\n\t\t<\/div>\n\t\t\t\t\t<\/div>\n\t\t<\/section>\n\t\t\t\t<\/div>","protected":false},"excerpt":{"rendered":"<p>Periodic table displays Technology meets passion and perfection Luxury wall mounted Periodic table display with LED illumination Size: 1465 x [&hellip;]<\/p>\n","protected":false},"author":1,"featured_media":49489,"parent":0,"menu_order":0,"comment_status":"closed","ping_status":"open","template":"elementor_theme","meta":{"_acf_changed":false,"site-sidebar-layout":"default","site-content-layout":"","ast-site-content-layout":"","site-content-style":"default","site-sidebar-style":"default","ast-global-header-display":"","ast-banner-title-visibility":"","ast-main-header-display":"","ast-hfb-above-header-display":"","ast-hfb-below-header-display":"","ast-hfb-mobile-header-display":"","site-post-title":"disabled","ast-breadcrumbs-content":"","ast-featured-img":"disabled","footer-sml-layout":"","ast-disable-related-posts":"","theme-transparent-header-meta":"","adv-header-id-meta":"","stick-header-meta":"","header-above-stick-meta":"","header-main-stick-meta":"","header-below-stick-meta":"","astra-migrate-meta-layouts":"default","ast-page-background-enabled":"default","ast-page-background-meta":{"desktop":{"background-color":"var(--ast-global-color-5)","background-image":"","background-repeat":"repeat","background-position":"center center","background-size":"auto","background-attachment":"scroll","background-type":"","background-media":"","overlay-type":"","overlay-color":"","overlay-opacity":"","overlay-gradient":""},"tablet":{"background-color":"","background-image":"","background-repeat":"repeat","background-position":"center center","background-size":"auto","background-attachment":"scroll","background-type":"","background-media":"","overlay-type":"","overlay-color":"","overlay-opacity":"","overlay-gradient":""},"mobile":{"background-color":"","background-image":"","background-repeat":"repeat","background-position":"center center","background-size":"auto","background-attachment":"scroll","background-type":"","background-media":"","overlay-type":"","overlay-color":"","overlay-opacity":"","overlay-gradient":""}},"ast-content-background-meta":{"desktop":{"background-color":"var(--ast-global-color-4)","background-image":"","background-repeat":"repeat","background-position":"center center","background-size":"auto","background-attachment":"scroll","background-type":"","background-media":"","overlay-type":"","overlay-color":"","overlay-opacity":"","overlay-gradient":""},"tablet":{"background-color":"var(--ast-global-color-4)","background-image":"","background-repeat":"repeat","background-position":"center center","background-size":"auto","background-attachment":"scroll","background-type":"","background-media":"","overlay-type":"","overlay-color":"","overlay-opacity":"","overlay-gradient":""},"mobile":{"background-color":"var(--ast-global-color-4)","background-image":"","background-repeat":"repeat","background-position":"center center","background-size":"auto","background-attachment":"scroll","background-type":"","background-media":"","overlay-type":"","overlay-color":"","overlay-opacity":"","overlay-gradient":""}},"footnotes":""},"class_list":["post-2273","page","type-page","status-publish","has-post-thumbnail","hentry","desktop-align-left","tablet-align-left","mobile-align-left","ast-product-gallery-layout-horizontal-slider","ast-product-gallery-with-no-image","ast-product-tabs-layout-horizontal","ast-qv-on-image"],"acf":[],"_links":{"self":[{"href":"https:\/\/smart-elements.com\/de\/wp-json\/wp\/v2\/pages\/2273","targetHints":{"allow":["GET"]}}],"collection":[{"href":"https:\/\/smart-elements.com\/de\/wp-json\/wp\/v2\/pages"}],"about":[{"href":"https:\/\/smart-elements.com\/de\/wp-json\/wp\/v2\/types\/page"}],"author":[{"embeddable":true,"href":"https:\/\/smart-elements.com\/de\/wp-json\/wp\/v2\/users\/1"}],"replies":[{"embeddable":true,"href":"https:\/\/smart-elements.com\/de\/wp-json\/wp\/v2\/comments?post=2273"}],"version-history":[{"count":0,"href":"https:\/\/smart-elements.com\/de\/wp-json\/wp\/v2\/pages\/2273\/revisions"}],"wp:featuredmedia":[{"embeddable":true,"href":"https:\/\/smart-elements.com\/de\/wp-json\/wp\/v2\/media\/49489"}],"wp:attachment":[{"href":"https:\/\/smart-elements.com\/de\/wp-json\/wp\/v2\/media?parent=2273"}],"curies":[{"name":"wp","href":"https:\/\/api.w.org\/{rel}","templated":true}]}}