{"id":2271,"date":"2025-04-29T13:10:34","date_gmt":"2025-04-29T13:10:34","guid":{"rendered":"http:\/\/88.99.60.177\/about-us\/"},"modified":"2026-01-15T18:56:41","modified_gmt":"2026-01-15T17:56:41","slug":"uber-uns","status":"publish","type":"page","link":"https:\/\/smart-elements.com\/de\/about-us\/","title":{"rendered":"\u00dcber uns"},"content":{"rendered":"<div data-elementor-type=\"wp-page\" data-elementor-id=\"2271\" class=\"elementor elementor-2271\" data-elementor-post-type=\"page\">\n\t\t\t\t<div data-particle_enable=\"false\" data-particle-mobile-disabled=\"false\" class=\"elementor-element elementor-element-235a41c e-flex e-con-boxed e-con e-parent\" data-id=\"235a41c\" data-element_type=\"container\" data-e-type=\"container\">\n\t\t\t\t\t<div class=\"e-con-inner\">\n\t\t<div data-particle_enable=\"false\" data-particle-mobile-disabled=\"false\" class=\"elementor-element elementor-element-9fb72b9 e-con-full e-flex e-con e-child\" data-id=\"9fb72b9\" data-element_type=\"container\" data-e-type=\"container\">\n\t\t\t\t<div class=\"elementor-element elementor-element-09b1de9 elementor-widget elementor-widget-image\" data-id=\"09b1de9\" data-element_type=\"widget\" data-e-type=\"widget\" data-widget_type=\"image.default\">\n\t\t\t\t<div class=\"elementor-widget-container\">\n\t\t\t\t\t\t\t\t\t\t\t\t\t\t\t<img fetchpriority=\"high\" decoding=\"async\" width=\"250\" height=\"374\" src=\"https:\/\/smart-elements.com\/wp-content\/uploads\/elementor\/thumbs\/jb-qbv60dqq36sj3bqf143rarisyslc0hrilpjjwh6hwc.jpg\" class=\"attachment-large size-large wp-image-41930\" alt=\"\" srcset=\"https:\/\/smart-elements.com\/wp-content\/uploads\/elementor\/thumbs\/jb-qbv60dqq36sj3bqf143rarisyslc0hrilpjjwh6hwc.jpg 250w, https:\/\/smart-elements.com\/wp-content\/uploads\/elementor\/thumbs\/jb-qbv60dqq36sj3bqf143rarisyslc0hrilpjjwh6hwc-201x300.jpg 201w, https:\/\/smart-elements.com\/wp-content\/uploads\/elementor\/thumbs\/jb-qbv60dqq36sj3bqf143rarisyslc0hrilpjjwh6hwc-8x12.jpg 8w\" sizes=\"(max-width: 250px) 100vw, 250px\" \/>\t\t\t\t\t\t\t\t\t\t\t\t\t\t\t<\/div>\n\t\t\t\t<\/div>\n\t\t\t\t<\/div>\n\t\t<div data-particle_enable=\"false\" data-particle-mobile-disabled=\"false\" class=\"elementor-element elementor-element-75854a2 e-con-full e-flex e-con e-child\" data-id=\"75854a2\" data-element_type=\"container\" data-e-type=\"container\">\n\t\t\t\t<div class=\"elementor-element elementor-element-93b6df3 elementor-widget elementor-widget-text-editor\" data-id=\"93b6df3\" data-element_type=\"widget\" data-e-type=\"widget\" data-widget_type=\"text-editor.default\">\n\t\t\t\t<div class=\"elementor-widget-container\">\n\t\t\t\t\t\t\t\t\t<p>Die smart-elements GmbH wurde 2009 in Wien gegr\u00fcndet und hat sich seither als ein f\u00fchrender Anbieter von chemischen Elementproben f\u00fcr Forschung, Lehre und Sammler etabliert. Unsere Erfolgsgeschichte ist gepr\u00e4gt von der engen Zusammenarbeit mit renommierten Forschern, Technikern und Kunden, die zur Entwicklung und kontinuierlichen Verbesserung vieler Produkte beigetragen haben.<\/p>\n<p>Ein bemerkenswertes Beispiel sind unsere Dichtestandards in W\u00fcrfelform, die heute zum Industriestandard f\u00fcr Elementsammler geworden sind. Dar\u00fcber hinaus bieten wir eine breite Palette von Acrylw\u00fcrfeln f\u00fcr Periodensysteme, Elementsammlungen in Ampullen und ein st\u00e4ndig wachsendes Sortiment an \"exotischen\" Forschungsmaterialien.<\/p>\n<p>Unser Bekenntnis zu Qualit\u00e4t, Innovation und Kundenzufriedenheit treibt uns an, unser Angebot st\u00e4ndig zu erweitern und die Bed\u00fcrfnisse unserer Kunden bestm\u00f6glich zu erf\u00fcllen. Vertrauen Sie auf die Kompetenz der smart-elements GmbH, wenn es um hochwertige chemische Elementproben geht.<\/p>\t\t\t\t\t\t\t\t<\/div>\n\t\t\t\t<\/div>\n\t\t\t\t<\/div>\n\t\t\t\t\t<\/div>\n\t\t\t\t<\/div>\n\t\t<div data-particle_enable=\"false\" data-particle-mobile-disabled=\"false\" class=\"elementor-element elementor-element-7cd4bc53 e-flex e-con-boxed e-con e-parent\" data-id=\"7cd4bc53\" data-element_type=\"container\" data-e-type=\"container\">\n\t\t\t\t\t<div class=\"e-con-inner\">\n\t\t\t\t<div class=\"elementor-element elementor-element-6a9975db elementor-widget elementor-widget-text-editor\" data-id=\"6a9975db\" data-element_type=\"widget\" data-e-type=\"widget\" data-widget_type=\"text-editor.default\">\n\t\t\t\t<div class=\"elementor-widget-container\">\n\t\t\t\t\t\t\t\t\t<p>Unser Bekenntnis zu Qualit\u00e4t, Innovation und Kundenzufriedenheit treibt uns an, unser Angebot st\u00e4ndig zu erweitern und die Bed\u00fcrfnisse unserer Kunden bestm\u00f6glich zu erf\u00fcllen. Vertrauen Sie auf die Kompetenz der smart-elements GmbH, wenn es um hochwertige chemische Elementproben geht.<\/p>\n<p><!-- \/wp:paragraph --><\/p>\n<p><!-- \/wp:column --><\/p>\n<p><!-- \/wp:columns --><\/p>\n<p><span style=\"font-style: inherit; font-weight: inherit;\">Wir bieten fast alle chemischen Elemente des Periodensystems (mit Ausnahme der radioaktiven Elemente) in sehr unterschiedlichen Formen und Auspr\u00e4gungen an.\u00a0<\/span><span style=\"font-style: inherit; font-weight: inherit;\">Unser Ziel ist es, Sie mit<\/span><span class=\"text_exposed_show\" style=\"font-style: inherit; font-weight: inherit;\">die hochwertigsten Display-Muster der Welt.<\/span><\/p>\n<p><span class=\"text_exposed_show\">Wir produzieren einzigartige Chemikalien wie 2D-Materialien wie Schwarzer Phosphor, Schwarzes Arsen und SIP, + SIP2.<\/span><\/p>\n<p><span class=\"text_exposed_show\">Wir helfen Universit\u00e4ten, Schulen, Museen, Organisationen und auch Privatpersonen, ihr ganz pers\u00f6nliches Periodensystem aufzubauen. Unsere St\u00e4rke ist die st\u00e4ndige Entwicklung und Umsetzung neuer Ideen, um Wissenschaft auch f\u00fcr Nicht-Wissenschaftler zug\u00e4nglich zu machen. Wir glauben, dass in jedem einzelnen \"Baustein\" des Universums eine ganz besondere Sch\u00f6nheit steckt und es ist unsere Leidenschaft, diese zu entdecken.<br \/>Unser Angebot an anorganischen Feinchemikalien ist sehr beliebt und wird in Labors und Instituten auf der ganzen Welt eingesetzt.<\/span><\/p>\n<p><strong>Wir sind einer der ersten Anbieter f\u00fcr 10mm Density Standardw\u00fcrfel!<\/strong><\/p>\n<p>Als uns 2009 eine Universit\u00e4t fragte, ob wir absolut planparallele und geometrisch exakte Metallw\u00fcrfel aus hochreinen monokristallinen Werkstoffen mit einer Genauigkeit von 0,005 mm anbieten k\u00f6nnten, dachten wir, das sei keine gro\u00dfe Sache. Was sich zun\u00e4chst einfach anh\u00f6rt, entpuppte sich als eine \u00e4u\u00dferst schwierige Aufgabe. Ein einziges Unternehmen, das Spezialteile f\u00fcr die Luftfahrt herstellt, hat sich bereit erkl\u00e4rt, einen Versuch mit f\u00fcr sie exotischen Metallen zu unternehmen. Die Kosten betrugen mehrere tausend Euro pro St\u00fcck!<\/p>\n<p>Damals haben wir nicht daran gedacht, dass dieses Produkt auch f\u00fcr Sammler interessant sein k\u00f6nnte.<br \/>Die Reinheit der Materialien, die Pr\u00e4zision und eine makellose Oberfl\u00e4che waren unsere oberste Priorit\u00e4t. Unsere W\u00fcrfel sollten die theoretische Dichte der Elemente wirklich so genau wie m\u00f6glich darstellen und gleichzeitig bezahlbar sein.<\/p>\n<p>In der Zwischenzeit sind unsere Dichtew\u00fcrfel zu einem unserer meistverkauften Artikel geworden (leider werden sie von vielen asiatischen Anbietern kopiert und als billige Replikate mit schlechter Qualit\u00e4t verkauft), und wir stellen viele der W\u00fcrfel in unserem Labor mit einer Genauigkeit von 2 Dezimalstellen her, entweder geeicht f\u00fcr Gewicht oder Gr\u00f6\u00dfe.<\/p>\n<p>So schnell geht es nicht, denn das Endschleifen dauert je nach Material zwischen 1 und 5 Stunden pro W\u00fcrfel. Das erkl\u00e4rt auch die Wartezeiten und die Preise, die sich nicht ausschlie\u00dflich nach dem Wert des Materials richten.<\/p>\n<p><strong>Unsere Acrylic Element W\u00fcrfel werden im BASF Besucherzentrum, Ludwigshafen Deutschland, verwendet.<\/strong><\/p>\n<p><!-- wp:columns --><\/p>\n<div class=\"wp-block-columns\">\n<p><!-- wp:column --><\/p>\n<div class=\"wp-block-column\">\n<p><!-- wp:image {\"id\":26254,\"sizeSlug\":\"full\",\"linkDestination\":\"none\"} --><\/p>\n<figure class=\"wp-block-image size-full\"><img decoding=\"async\" class=\"alignnone wp-image-49682 size-full\" src=\"https:\/\/smart-elements.com\/wp-content\/uploads\/2026\/01\/05-Periodic_Table_interactive.jpg\" alt=\"\" width=\"761\" height=\"500\" srcset=\"https:\/\/smart-elements.com\/wp-content\/uploads\/2026\/01\/05-Periodic_Table_interactive.jpg 761w, https:\/\/smart-elements.com\/wp-content\/uploads\/2026\/01\/05-Periodic_Table_interactive-300x197.jpg 300w, https:\/\/smart-elements.com\/wp-content\/uploads\/2026\/01\/05-Periodic_Table_interactive-18x12.jpg 18w, https:\/\/smart-elements.com\/wp-content\/uploads\/2026\/01\/05-Periodic_Table_interactive-600x394.jpg 600w\" sizes=\"(max-width: 761px) 100vw, 761px\" \/><br \/>\n<p>\u00a0<\/p>\n<figcaption class=\"wp-element-caption\">Foto: BASF SE<\/figcaption>\n<\/figure>\n<p><!-- \/wp:image --><\/p>\n<\/div>\n<p><!-- \/wp:column --><!-- wp:column --><\/p>\n<div class=\"wp-block-column\">\n<p><!-- wp:image {\"id\":26257,\"sizeSlug\":\"full\",\"linkDestination\":\"none\"} --><\/p>\n<figure class=\"wp-block-image size-full\"><img decoding=\"async\" class=\"alignnone wp-image-49678 size-full\" src=\"https:\/\/smart-elements.com\/wp-content\/uploads\/2026\/01\/01-Periodic_Table_interactive.jpg\" alt=\"\" width=\"753\" height=\"500\" srcset=\"https:\/\/smart-elements.com\/wp-content\/uploads\/2026\/01\/01-Periodic_Table_interactive.jpg 753w, https:\/\/smart-elements.com\/wp-content\/uploads\/2026\/01\/01-Periodic_Table_interactive-300x199.jpg 300w, https:\/\/smart-elements.com\/wp-content\/uploads\/2026\/01\/01-Periodic_Table_interactive-18x12.jpg 18w, https:\/\/smart-elements.com\/wp-content\/uploads\/2026\/01\/01-Periodic_Table_interactive-600x398.jpg 600w\" sizes=\"(max-width: 753px) 100vw, 753px\" \/><br \/>\n<p>\u00a0<\/p>\n<figcaption class=\"wp-element-caption\">Foto: BASF SE<\/figcaption>\n<\/figure>\n<p><!-- \/wp:image --><\/p>\n<\/div>\n<p><!-- \/wp:column --><\/p>\n<\/div>\n<p><!-- \/wp:columns --><\/p>\t\t\t\t\t\t\t\t<\/div>\n\t\t\t\t<\/div>\n\t\t\t\t\t<\/div>\n\t\t\t\t<\/div>\n\t\t\t\t<\/div>","protected":false},"excerpt":{"rendered":"<p>The smart-elements GmbH was founded in Vienna in 2009 and has since established itself as a leading provider of chemical [&hellip;]<\/p>\n","protected":false},"author":1,"featured_media":0,"parent":0,"menu_order":0,"comment_status":"closed","ping_status":"open","template":"","meta":{"_acf_changed":false,"site-sidebar-layout":"default","site-content-layout":"","ast-site-content-layout":"default","site-content-style":"default","site-sidebar-style":"default","ast-global-header-display":"","ast-banner-title-visibility":"","ast-main-header-display":"","ast-hfb-above-header-display":"","ast-hfb-below-header-display":"","ast-hfb-mobile-header-display":"","site-post-title":"disabled","ast-breadcrumbs-content":"","ast-featured-img":"","footer-sml-layout":"","ast-disable-related-posts":"","theme-transparent-header-meta":"","adv-header-id-meta":"","stick-header-meta":"","header-above-stick-meta":"","header-main-stick-meta":"","header-below-stick-meta":"","astra-migrate-meta-layouts":"default","ast-page-background-enabled":"default","ast-page-background-meta":{"desktop":{"background-color":"var(--ast-global-color-5)","background-image":"","background-repeat":"repeat","background-position":"center center","background-size":"auto","background-attachment":"scroll","background-type":"","background-media":"","overlay-type":"","overlay-color":"","overlay-opacity":"","overlay-gradient":""},"tablet":{"background-color":"","background-image":"","background-repeat":"repeat","background-position":"center center","background-size":"auto","background-attachment":"scroll","background-type":"","background-media":"","overlay-type":"","overlay-color":"","overlay-opacity":"","overlay-gradient":""},"mobile":{"background-color":"","background-image":"","background-repeat":"repeat","background-position":"center center","background-size":"auto","background-attachment":"scroll","background-type":"","background-media":"","overlay-type":"","overlay-color":"","overlay-opacity":"","overlay-gradient":""}},"ast-content-background-meta":{"desktop":{"background-color":"var(--ast-global-color-4)","background-image":"","background-repeat":"repeat","background-position":"center center","background-size":"auto","background-attachment":"scroll","background-type":"","background-media":"","overlay-type":"","overlay-color":"","overlay-opacity":"","overlay-gradient":""},"tablet":{"background-color":"var(--ast-global-color-4)","background-image":"","background-repeat":"repeat","background-position":"center center","background-size":"auto","background-attachment":"scroll","background-type":"","background-media":"","overlay-type":"","overlay-color":"","overlay-opacity":"","overlay-gradient":""},"mobile":{"background-color":"var(--ast-global-color-4)","background-image":"","background-repeat":"repeat","background-position":"center center","background-size":"auto","background-attachment":"scroll","background-type":"","background-media":"","overlay-type":"","overlay-color":"","overlay-opacity":"","overlay-gradient":""}},"footnotes":""},"class_list":["post-2271","page","type-page","status-publish","hentry"],"acf":[],"_links":{"self":[{"href":"https:\/\/smart-elements.com\/de\/wp-json\/wp\/v2\/pages\/2271","targetHints":{"allow":["GET"]}}],"collection":[{"href":"https:\/\/smart-elements.com\/de\/wp-json\/wp\/v2\/pages"}],"about":[{"href":"https:\/\/smart-elements.com\/de\/wp-json\/wp\/v2\/types\/page"}],"author":[{"embeddable":true,"href":"https:\/\/smart-elements.com\/de\/wp-json\/wp\/v2\/users\/1"}],"replies":[{"embeddable":true,"href":"https:\/\/smart-elements.com\/de\/wp-json\/wp\/v2\/comments?post=2271"}],"version-history":[{"count":0,"href":"https:\/\/smart-elements.com\/de\/wp-json\/wp\/v2\/pages\/2271\/revisions"}],"wp:attachment":[{"href":"https:\/\/smart-elements.com\/de\/wp-json\/wp\/v2\/media?parent=2271"}],"curies":[{"name":"wp","href":"https:\/\/api.w.org\/{rel}","templated":true}]}}